{"id":8055,"date":"2021-01-18T18:27:34","date_gmt":"2021-01-18T18:27:34","guid":{"rendered":"https:\/\/ethique-rlaroche.profweb.ca\/?page_id=8055"},"modified":"2024-01-27T13:53:20","modified_gmt":"2024-01-27T13:53:20","slug":"inquisition","status":"publish","type":"page","link":"https:\/\/www.ethique-rlaroche.philo-cvm.ca\/?page_id=8055","title":{"rendered":"INQUISITOIRE"},"content":{"rendered":"\n<p>Ce jeu de concept a pour objectif de nous amener \u00e0 mettre nos r\u00e9flexions en commun. La galerie d&rsquo;images nous permettra de r\u00e9fl\u00e9chir diverses repr\u00e9sentations de la figure de la sorci\u00e8re. <\/p>\n\n\n\n<p>S&rsquo;il y a jeu de concept c&rsquo;est parce que ces interpr\u00e9tations sont susceptibles d&rsquo;entrer en contradiction les unes avec les autres. Lorsque nous mesurons l&rsquo;\u00e9tendue des histoires d&rsquo;horreurs d\u00e9coulant de la Chasse aux sorci\u00e8res, de l&rsquo;Inquisition et de la perp\u00e9tuation de la r\u00e9pression que subissent les femmes encore aujourd&rsquo;hui, nous comprenons que ces contradictions ne sont pas banales mais bien extr\u00eamement signifiantes. <\/p>\n\n\n\n<p>Chaque image avec son hyperlien conduit \u00e0 une autre s\u00e9rie d&rsquo;images et leur article. Promenez-vous dans cette galerie virtuelle afin de r\u00e9pondre aux questions pos\u00e9es formant la trame d&rsquo;un forum de discussion qui devrait vous aider \u00e0 compl\u00e9ter votre enqu\u00eate. Pour y participer il s&rsquo;agit d&rsquo;utiliser les fen\u00eatres de commentaire. <\/p>\n\n\n\n<p>Vous ne pourrez pas tout lire ni tout commenter faites-vos choix en fonction de vos int\u00e9r\u00eats et vos propres questionnements. <\/p>\n\n\n\n<p>C&rsquo;est \u00e0 l&rsquo;investigation d&rsquo;un imaginaire commun que vous \u00eates convi\u00e9.es, son investigation et sa transformation.<\/p>\n\n\n\n<h3 class=\"wp-block-heading has-text-align-left\"><a href=\"http:\/\/www.philo-cvm.ca\/?page_id=8063\" target=\"_blank\" rel=\"noreferrer noopener\">INQUISITOIRE<\/a><\/h3>\n","protected":false},"excerpt":{"rendered":"<p>Ce jeu de concept a pour objectif de nous amener \u00e0 mettre nos r\u00e9flexions en commun. La galerie d&rsquo;images nous permettra de r\u00e9fl\u00e9chir diverses repr\u00e9sentations &#8230;<\/p>\n","protected":false},"author":1,"featured_media":29908,"parent":0,"menu_order":0,"comment_status":"closed","ping_status":"closed","template":"","meta":{"footnotes":""},"class_list":["post-8055","page","type-page","status-publish","has-post-thumbnail","hentry"],"_links":{"self":[{"href":"https:\/\/www.ethique-rlaroche.philo-cvm.ca\/index.php?rest_route=\/wp\/v2\/pages\/8055","targetHints":{"allow":["GET"]}}],"collection":[{"href":"https:\/\/www.ethique-rlaroche.philo-cvm.ca\/index.php?rest_route=\/wp\/v2\/pages"}],"about":[{"href":"https:\/\/www.ethique-rlaroche.philo-cvm.ca\/index.php?rest_route=\/wp\/v2\/types\/page"}],"author":[{"embeddable":true,"href":"https:\/\/www.ethique-rlaroche.philo-cvm.ca\/index.php?rest_route=\/wp\/v2\/users\/1"}],"replies":[{"embeddable":true,"href":"https:\/\/www.ethique-rlaroche.philo-cvm.ca\/index.php?rest_route=%2Fwp%2Fv2%2Fcomments&post=8055"}],"version-history":[{"count":18,"href":"https:\/\/www.ethique-rlaroche.philo-cvm.ca\/index.php?rest_route=\/wp\/v2\/pages\/8055\/revisions"}],"predecessor-version":[{"id":32576,"href":"https:\/\/www.ethique-rlaroche.philo-cvm.ca\/index.php?rest_route=\/wp\/v2\/pages\/8055\/revisions\/32576"}],"wp:featuredmedia":[{"embeddable":true,"href":"https:\/\/www.ethique-rlaroche.philo-cvm.ca\/index.php?rest_route=\/wp\/v2\/media\/29908"}],"wp:attachment":[{"href":"https:\/\/www.ethique-rlaroche.philo-cvm.ca\/index.php?rest_route=%2Fwp%2Fv2%2Fmedia&parent=8055"}],"curies":[{"name":"wp","href":"https:\/\/api.w.org\/{rel}","templated":true}]}}