{"id":7686,"date":"2021-01-12T15:05:39","date_gmt":"2021-01-12T15:05:39","guid":{"rendered":"https:\/\/ethique-rlaroche.profweb.ca\/?page_id=7686"},"modified":"2024-01-27T19:20:31","modified_gmt":"2024-01-27T19:20:31","slug":"methode-et-position-du-probleme-de-la-representation","status":"publish","type":"page","link":"https:\/\/www.ethique-rlaroche.philo-cvm.ca\/?page_id=7686","title":{"rendered":"M\u00e9thode et position du probl\u00e8me de la repr\u00e9sentation"},"content":{"rendered":"\n<p style=\"font-size:18px\">Prenez soin de consigner vos r\u00e9flexions, des citations, un d\u00e9but de m\u00e9diagraphie ou encore les r\u00e9ponses aux exercices sugg\u00e9r\u00e9s dans l&rsquo;article qui constituera l&rsquo;enqu\u00eate pr\u00e9paratoire \u00e0 votre r\u00e9daction. Un effort hebdomadaire \u00e0 soutenir avec constance!<\/p>\n\n\n\n<p style=\"font-size:18px\">Une invitation vous est aussi lanc\u00e9e afin que vous utilisiez les fen\u00eatres de commentaires pour poser des questions ou d\u00e9veloppez une r\u00e9flexion. L&rsquo;id\u00e9e \u00e9tant de faire de ce site internet un v\u00e9ritable espace public de discussion. <\/p>\n\n\n\n<h3 class=\"wp-block-heading\"><a href=\"http:\/\/www.philo-cvm.ca\/?page_id=7904\" target=\"_blank\" rel=\"noreferrer noopener\">Regard sur la figure de la sorci\u00e8re, ses liens avec l\u2019\u00c9tat moderne et le f\u00e9minisme<\/a><\/h3>\n\n\n\n<h3 class=\"wp-block-heading\"><a href=\"http:\/\/www.philo-cvm.ca\/?page_id=7895\" target=\"_blank\" rel=\"noreferrer noopener\">La sorci\u00e8re et le probl\u00e8me g\u00e9n\u00e9ral de la repr\u00e9sentation<\/a><\/h3>\n\n\n\n<h3 class=\"wp-block-heading\"><a href=\"http:\/\/www.philo-cvm.ca\/?page_id=7909\" target=\"_blank\" rel=\"noreferrer noopener\">\u00abLes faits politiques ne sont pas en dehors du d\u00e9sir\u00bb<\/a><\/h3>\n","protected":false},"excerpt":{"rendered":"<p>Prenez soin de consigner vos r\u00e9flexions, des citations, un d\u00e9but de m\u00e9diagraphie ou encore les r\u00e9ponses aux exercices sugg\u00e9r\u00e9s dans l&rsquo;article qui constituera l&rsquo;enqu\u00eate pr\u00e9paratoire &#8230;<\/p>\n","protected":false},"author":1,"featured_media":2552,"parent":0,"menu_order":0,"comment_status":"closed","ping_status":"closed","template":"","meta":{"footnotes":""},"class_list":["post-7686","page","type-page","status-publish","has-post-thumbnail","hentry"],"_links":{"self":[{"href":"https:\/\/www.ethique-rlaroche.philo-cvm.ca\/index.php?rest_route=\/wp\/v2\/pages\/7686","targetHints":{"allow":["GET"]}}],"collection":[{"href":"https:\/\/www.ethique-rlaroche.philo-cvm.ca\/index.php?rest_route=\/wp\/v2\/pages"}],"about":[{"href":"https:\/\/www.ethique-rlaroche.philo-cvm.ca\/index.php?rest_route=\/wp\/v2\/types\/page"}],"author":[{"embeddable":true,"href":"https:\/\/www.ethique-rlaroche.philo-cvm.ca\/index.php?rest_route=\/wp\/v2\/users\/1"}],"replies":[{"embeddable":true,"href":"https:\/\/www.ethique-rlaroche.philo-cvm.ca\/index.php?rest_route=%2Fwp%2Fv2%2Fcomments&post=7686"}],"version-history":[{"count":20,"href":"https:\/\/www.ethique-rlaroche.philo-cvm.ca\/index.php?rest_route=\/wp\/v2\/pages\/7686\/revisions"}],"predecessor-version":[{"id":32595,"href":"https:\/\/www.ethique-rlaroche.philo-cvm.ca\/index.php?rest_route=\/wp\/v2\/pages\/7686\/revisions\/32595"}],"wp:featuredmedia":[{"embeddable":true,"href":"https:\/\/www.ethique-rlaroche.philo-cvm.ca\/index.php?rest_route=\/wp\/v2\/media\/2552"}],"wp:attachment":[{"href":"https:\/\/www.ethique-rlaroche.philo-cvm.ca\/index.php?rest_route=%2Fwp%2Fv2%2Fmedia&parent=7686"}],"curies":[{"name":"wp","href":"https:\/\/api.w.org\/{rel}","templated":true}]}}