{"id":7632,"date":"2021-01-11T23:08:46","date_gmt":"2021-01-11T23:08:46","guid":{"rendered":"https:\/\/ethique-rlaroche.profweb.ca\/?page_id=7632"},"modified":"2021-01-26T16:29:58","modified_gmt":"2021-01-26T16:29:58","slug":"travaux","status":"publish","type":"page","link":"https:\/\/www.ethique-rlaroche.philo-cvm.ca\/?page_id=7632","title":{"rendered":"TRAVAUX"},"content":{"rendered":"\n<h3 class=\"wp-block-heading\">Vous trouverez ici des exemples d\u2019enqu\u00eates d\u2019\u00e9tudiantes et d\u2019\u00e9tudiants des ann\u00e9es pr\u00e9c\u00e9dentes.<\/h3>\n\n\n\n<h4 class=\"wp-block-heading\"><a rel=\"noreferrer noopener\" href=\"http:\/\/www.philo-cvm.ca\/?p=6119\" target=\"_blank\">Journal de bord &#8211; Hip Hop par Juliette Bri\u00e8re-Couture<\/a><\/h4>\n\n\n\n<h4 class=\"wp-block-heading\"><a href=\"http:\/\/www.philo-cvm.ca\/wp-content\/uploads\/2021\/01\/St-Jean.pdf\" target=\"_blank\" rel=\"noreferrer noopener\">L&rsquo;art de prouver une injustice par Emma St-Jean<\/a><\/h4>\n","protected":false},"excerpt":{"rendered":"<p>Vous trouverez ici des exemples d\u2019enqu\u00eates d\u2019\u00e9tudiantes et d\u2019\u00e9tudiants des ann\u00e9es pr\u00e9c\u00e9dentes. Journal de bord &#8211; Hip Hop par Juliette Bri\u00e8re-Couture L&rsquo;art de prouver une &#8230;<\/p>\n","protected":false},"author":1,"featured_media":7637,"parent":0,"menu_order":0,"comment_status":"closed","ping_status":"closed","template":"","meta":{"footnotes":""},"class_list":["post-7632","page","type-page","status-publish","has-post-thumbnail","hentry"],"_links":{"self":[{"href":"https:\/\/www.ethique-rlaroche.philo-cvm.ca\/index.php?rest_route=\/wp\/v2\/pages\/7632","targetHints":{"allow":["GET"]}}],"collection":[{"href":"https:\/\/www.ethique-rlaroche.philo-cvm.ca\/index.php?rest_route=\/wp\/v2\/pages"}],"about":[{"href":"https:\/\/www.ethique-rlaroche.philo-cvm.ca\/index.php?rest_route=\/wp\/v2\/types\/page"}],"author":[{"embeddable":true,"href":"https:\/\/www.ethique-rlaroche.philo-cvm.ca\/index.php?rest_route=\/wp\/v2\/users\/1"}],"replies":[{"embeddable":true,"href":"https:\/\/www.ethique-rlaroche.philo-cvm.ca\/index.php?rest_route=%2Fwp%2Fv2%2Fcomments&post=7632"}],"version-history":[{"count":6,"href":"https:\/\/www.ethique-rlaroche.philo-cvm.ca\/index.php?rest_route=\/wp\/v2\/pages\/7632\/revisions"}],"predecessor-version":[{"id":8429,"href":"https:\/\/www.ethique-rlaroche.philo-cvm.ca\/index.php?rest_route=\/wp\/v2\/pages\/7632\/revisions\/8429"}],"wp:featuredmedia":[{"embeddable":true,"href":"https:\/\/www.ethique-rlaroche.philo-cvm.ca\/index.php?rest_route=\/wp\/v2\/media\/7637"}],"wp:attachment":[{"href":"https:\/\/www.ethique-rlaroche.philo-cvm.ca\/index.php?rest_route=%2Fwp%2Fv2%2Fmedia&parent=7632"}],"curies":[{"name":"wp","href":"https:\/\/api.w.org\/{rel}","templated":true}]}}