{"id":726,"date":"2019-09-26T22:23:00","date_gmt":"2019-09-26T22:23:00","guid":{"rendered":"https:\/\/ethique-rlaroche.profweb.ca\/?page_id=726"},"modified":"2024-03-06T14:24:51","modified_gmt":"2024-03-06T14:24:51","slug":"jeu-de-concepts","status":"publish","type":"page","link":"https:\/\/www.ethique-rlaroche.philo-cvm.ca\/?page_id=726","title":{"rendered":"HIP ou HOP"},"content":{"rendered":"\n<p class=\"has-text-align-center\">Ce jeu de concept a pour objectif de favoriser le d\u00e9veloppement d&rsquo;une r\u00e9flexion mettant en \u0153uvre des affirmations, des propositions, des images et des citations issues de la lecture des extraits de textes de nos auteurs : <a aria-label=\"Jeff Chang (s\u2019ouvre dans un nouvel onglet)\" href=\"http:\/\/www.philo-cvm.ca\/?page_id=137\" target=\"_blank\" rel=\"noreferrer noopener\">Jeff Chang<\/a>, <a aria-label=\"Charles Larmore (s\u2019ouvre dans un nouvel onglet)\" href=\"http:\/\/www.philo-cvm.ca\/?page_id=556\" target=\"_blank\" rel=\"noreferrer noopener\">Charles Larmore<\/a> et <a aria-label=\"Michael Walzer (s\u2019ouvre dans un nouvel onglet)\" href=\"http:\/\/www.philo-cvm.ca\/?page_id=561\" target=\"_blank\" rel=\"noreferrer noopener\">Michael Walzer<\/a>.<\/p>\n\n\n\n<p class=\"has-text-align-center\">Or c&rsquo;est \u00e0 travers la tension qu&rsquo;exprime le rapport entre le lib\u00e9ralisme et le communautarisme que nous tentons ici de mesurer l&rsquo;effet de ces conceptions \u00e9thique et politique sur la culture Hip-Hop.<\/p>\n\n\n\n<p class=\"has-text-align-center\">En choisissant chaque fois entre les hyperliens HIP ou HOP vous serez amen\u00e9s \u00e0 faire diff\u00e9rents parcours permettant de lire nos auteurs \u00e0 la mani\u00e8re d&rsquo;un Rap Battle. <\/p>\n\n\n\n<p class=\"has-text-align-center\">COMMENCEZ OU RECOMMENCEZ <\/p>\n\n\n\n<p class=\"has-text-align-center\"><a href=\"http:\/\/www.philo-cvm.ca\/?page_id=900\">ICI<\/a><\/p>\n","protected":false},"excerpt":{"rendered":"<p>Ce jeu de concept a pour objectif de favoriser le d\u00e9veloppement d&rsquo;une r\u00e9flexion mettant en \u0153uvre des affirmations, des propositions, des images et des citations &#8230;<\/p>\n","protected":false},"author":1,"featured_media":729,"parent":0,"menu_order":0,"comment_status":"closed","ping_status":"closed","template":"","meta":{"footnotes":""},"class_list":["post-726","page","type-page","status-publish","has-post-thumbnail","hentry"],"_links":{"self":[{"href":"https:\/\/www.ethique-rlaroche.philo-cvm.ca\/index.php?rest_route=\/wp\/v2\/pages\/726","targetHints":{"allow":["GET"]}}],"collection":[{"href":"https:\/\/www.ethique-rlaroche.philo-cvm.ca\/index.php?rest_route=\/wp\/v2\/pages"}],"about":[{"href":"https:\/\/www.ethique-rlaroche.philo-cvm.ca\/index.php?rest_route=\/wp\/v2\/types\/page"}],"author":[{"embeddable":true,"href":"https:\/\/www.ethique-rlaroche.philo-cvm.ca\/index.php?rest_route=\/wp\/v2\/users\/1"}],"replies":[{"embeddable":true,"href":"https:\/\/www.ethique-rlaroche.philo-cvm.ca\/index.php?rest_route=%2Fwp%2Fv2%2Fcomments&post=726"}],"version-history":[{"count":33,"href":"https:\/\/www.ethique-rlaroche.philo-cvm.ca\/index.php?rest_route=\/wp\/v2\/pages\/726\/revisions"}],"predecessor-version":[{"id":33772,"href":"https:\/\/www.ethique-rlaroche.philo-cvm.ca\/index.php?rest_route=\/wp\/v2\/pages\/726\/revisions\/33772"}],"wp:featuredmedia":[{"embeddable":true,"href":"https:\/\/www.ethique-rlaroche.philo-cvm.ca\/index.php?rest_route=\/wp\/v2\/media\/729"}],"wp:attachment":[{"href":"https:\/\/www.ethique-rlaroche.philo-cvm.ca\/index.php?rest_route=%2Fwp%2Fv2%2Fmedia&parent=726"}],"curies":[{"name":"wp","href":"https:\/\/api.w.org\/{rel}","templated":true}]}}