{"id":6666,"date":"2020-11-18T22:52:55","date_gmt":"2020-11-18T22:52:55","guid":{"rendered":"https:\/\/ethique-rlaroche.profweb.ca\/?page_id=6666"},"modified":"2022-12-08T16:21:03","modified_gmt":"2022-12-08T16:21:03","slug":"bivouac-5","status":"publish","type":"page","link":"https:\/\/www.ethique-rlaroche.philo-cvm.ca\/?page_id=6666","title":{"rendered":"Bivouac de la danse"},"content":{"rendered":"\n<p>Sur les sentiers de la litt\u00e9rature autochtone, le bivouac est un campement sommaire, temporaire et l\u00e9ger qui permet \u00e0 une ou plusieurs personnes de discuter et r\u00e9fl\u00e9chir ensemble.<\/p>\n\n\n\n<p>Laissez votre commentaire dans la fen\u00eatre d\u00e9di\u00e9e \u00e0 cet effet, avant de poursuivre votre chemin.<\/p>\n\n\n\n<p>Le bivouac est aussi l\u2019occasion de continuer sur le sentier d\u00e9j\u00e0 emprunt\u00e9 ou de partir pour explorer un autre paysage litt\u00e9raire.<\/p>\n\n\n\n<p><a href=\"http:\/\/www.philo-cvm.ca\/?page_id=6788\">Natasha Kanap\u00e9 Fontaine, N\u2019entre pas dans mon \u00e2me avec tes chaussures.<\/a><\/p>\n\n\n\n<p><a href=\"http:\/\/www.philo-cvm.ca\/?page_id=17120\">Kent Monkman, Suivre un sentier de peintures.<\/a><\/p>\n\n\n\n<p><\/p>\n","protected":false},"excerpt":{"rendered":"<p>Sur les sentiers de la litt\u00e9rature autochtone, le bivouac est un campement sommaire, temporaire et l\u00e9ger qui permet \u00e0 une ou plusieurs personnes de discuter &#8230;<\/p>\n","protected":false},"author":1,"featured_media":6669,"parent":0,"menu_order":0,"comment_status":"open","ping_status":"closed","template":"","meta":{"footnotes":""},"class_list":["post-6666","page","type-page","status-publish","has-post-thumbnail","hentry"],"_links":{"self":[{"href":"https:\/\/www.ethique-rlaroche.philo-cvm.ca\/index.php?rest_route=\/wp\/v2\/pages\/6666","targetHints":{"allow":["GET"]}}],"collection":[{"href":"https:\/\/www.ethique-rlaroche.philo-cvm.ca\/index.php?rest_route=\/wp\/v2\/pages"}],"about":[{"href":"https:\/\/www.ethique-rlaroche.philo-cvm.ca\/index.php?rest_route=\/wp\/v2\/types\/page"}],"author":[{"embeddable":true,"href":"https:\/\/www.ethique-rlaroche.philo-cvm.ca\/index.php?rest_route=\/wp\/v2\/users\/1"}],"replies":[{"embeddable":true,"href":"https:\/\/www.ethique-rlaroche.philo-cvm.ca\/index.php?rest_route=%2Fwp%2Fv2%2Fcomments&post=6666"}],"version-history":[{"count":9,"href":"https:\/\/www.ethique-rlaroche.philo-cvm.ca\/index.php?rest_route=\/wp\/v2\/pages\/6666\/revisions"}],"predecessor-version":[{"id":17218,"href":"https:\/\/www.ethique-rlaroche.philo-cvm.ca\/index.php?rest_route=\/wp\/v2\/pages\/6666\/revisions\/17218"}],"wp:featuredmedia":[{"embeddable":true,"href":"https:\/\/www.ethique-rlaroche.philo-cvm.ca\/index.php?rest_route=\/wp\/v2\/media\/6669"}],"wp:attachment":[{"href":"https:\/\/www.ethique-rlaroche.philo-cvm.ca\/index.php?rest_route=%2Fwp%2Fv2%2Fmedia&parent=6666"}],"curies":[{"name":"wp","href":"https:\/\/api.w.org\/{rel}","templated":true}]}}