{"id":5878,"date":"2020-10-28T18:55:23","date_gmt":"2020-10-28T18:55:23","guid":{"rendered":"https:\/\/ethique-rlaroche.profweb.ca\/?page_id=5878"},"modified":"2021-11-21T15:58:18","modified_gmt":"2021-11-21T15:58:18","slug":"bivouac","status":"publish","type":"page","link":"https:\/\/www.ethique-rlaroche.philo-cvm.ca\/?page_id=5878","title":{"rendered":"Bivouac des hauteurs"},"content":{"rendered":"\n<p>Sur les sentiers de la litt\u00e9rature autochtone, le bivouac est un campement sommaire, temporaire et l\u00e9ger qui permet \u00e0 une ou plusieurs personnes de discuter et r\u00e9fl\u00e9chir ensemble. <\/p>\n\n\n\n<p>Laissez votre commentaire dans la fen\u00eatre d\u00e9di\u00e9e \u00e0 cet effet, avant de poursuivre votre chemin. <\/p>\n\n\n\n<p>Le bivouac est aussi l&rsquo;occasion de continuer sur le sentier d\u00e9j\u00e0 emprunt\u00e9 ou de partir pour explorer un autre paysage litt\u00e9raire. <\/p>\n\n\n\n<p><a href=\"http:\/\/www.philo-cvm.ca\/?page_id=5965\">Jos\u00e9phine Bacon, Uiesh, Quelque part <\/a><\/p>\n\n\n\n<p><a href=\"http:\/\/www.philo-cvm.ca\/?page_id=5885\">Leanne Betasamosake simpson, on se perd toujours par accident<\/a><\/p>\n","protected":false},"excerpt":{"rendered":"<p>Sur les sentiers de la litt\u00e9rature autochtone, le bivouac est un campement sommaire, temporaire et l\u00e9ger qui permet \u00e0 une ou plusieurs personnes de discuter &#8230;<\/p>\n","protected":false},"author":1,"featured_media":5880,"parent":0,"menu_order":0,"comment_status":"open","ping_status":"closed","template":"","meta":{"footnotes":""},"class_list":["post-5878","page","type-page","status-publish","has-post-thumbnail","hentry"],"_links":{"self":[{"href":"https:\/\/www.ethique-rlaroche.philo-cvm.ca\/index.php?rest_route=\/wp\/v2\/pages\/5878","targetHints":{"allow":["GET"]}}],"collection":[{"href":"https:\/\/www.ethique-rlaroche.philo-cvm.ca\/index.php?rest_route=\/wp\/v2\/pages"}],"about":[{"href":"https:\/\/www.ethique-rlaroche.philo-cvm.ca\/index.php?rest_route=\/wp\/v2\/types\/page"}],"author":[{"embeddable":true,"href":"https:\/\/www.ethique-rlaroche.philo-cvm.ca\/index.php?rest_route=\/wp\/v2\/users\/1"}],"replies":[{"embeddable":true,"href":"https:\/\/www.ethique-rlaroche.philo-cvm.ca\/index.php?rest_route=%2Fwp%2Fv2%2Fcomments&post=5878"}],"version-history":[{"count":8,"href":"https:\/\/www.ethique-rlaroche.philo-cvm.ca\/index.php?rest_route=\/wp\/v2\/pages\/5878\/revisions"}],"predecessor-version":[{"id":17255,"href":"https:\/\/www.ethique-rlaroche.philo-cvm.ca\/index.php?rest_route=\/wp\/v2\/pages\/5878\/revisions\/17255"}],"wp:featuredmedia":[{"embeddable":true,"href":"https:\/\/www.ethique-rlaroche.philo-cvm.ca\/index.php?rest_route=\/wp\/v2\/media\/5880"}],"wp:attachment":[{"href":"https:\/\/www.ethique-rlaroche.philo-cvm.ca\/index.php?rest_route=%2Fwp%2Fv2%2Fmedia&parent=5878"}],"curies":[{"name":"wp","href":"https:\/\/api.w.org\/{rel}","templated":true}]}}