{"id":4219,"date":"2020-08-28T16:29:46","date_gmt":"2020-08-28T16:29:46","guid":{"rendered":"https:\/\/ethique-rlaroche.profweb.ca\/?page_id=4219"},"modified":"2024-01-27T19:25:01","modified_gmt":"2024-01-27T19:25:01","slug":"la-femme-bouc-emissaire-hypotheses","status":"publish","type":"page","link":"https:\/\/www.ethique-rlaroche.philo-cvm.ca\/?page_id=4219","title":{"rendered":"La femme bouc \u00e9missaire &#8211; Hypoth\u00e8ses"},"content":{"rendered":"\n<p>Comment expliquer que la r\u00e9pression des sorci\u00e8res puisse correspondre avec la s\u00e9paration des pouvoirs entre la Religion et l&rsquo;\u00c9tat? Que se soit la magistrature la\u00efque qui ait cherch\u00e9 \u00e0 assujettir les femmes avec le plus de violence? Que l&rsquo;Inquisition soit contemporaine des processus d&rsquo;\u00e9mergences d&rsquo;une pens\u00e9e rationnelle du point de vue de la Modernit\u00e9? Que les b\u00fbchers accompagnent la question du sujet et de l&rsquo;autonomie de l&rsquo;individu telle que les pose Descartes? Que ces m\u00eames b\u00fbchers soit en grande partie contemporain de la p\u00e9riode qu&rsquo;on nomme Humanisme de la Renaissance? Pourquoi la femme sera-t-elle vis\u00e9e par la violence d&rsquo;une repr\u00e9sentation fantasm\u00e9e, par un effort de judiciarisation et finalement par la Loi elle-m\u00eame? <\/p>\n\n\n\n<p>Voyons les hypoth\u00e8ses d&rsquo;Armelle Le Bras-Choppard et de Sylvia Federici. <\/p>\n\n\n\n<h4 class=\"wp-block-heading\"><a href=\"http:\/\/www.philo-cvm.ca\/?page_id=4545\" target=\"_blank\" rel=\"noreferrer noopener\">La place grandissante des femmes<\/a><\/h4>\n\n\n\n<h4 class=\"wp-block-heading\"><a href=\"http:\/\/www.philo-cvm.ca\/?page_id=4580\" target=\"_blank\" rel=\"noreferrer noopener\">Le transfert de la lutte de pouvoir entre l&rsquo;\u00e9glise et l&rsquo;\u00e9tat<\/a><\/h4>\n\n\n\n<h4 class=\"wp-block-heading\"><a href=\"http:\/\/www.philo-cvm.ca\/?page_id=4582\" target=\"_blank\" rel=\"noreferrer noopener\">La hantise de la lubricit\u00e9 des femmes<\/a><\/h4>\n\n\n\n<h4 class=\"wp-block-heading\"><a href=\"http:\/\/www.philo-cvm.ca\/?page_id=4713\" target=\"_blank\" rel=\"noreferrer noopener\">Modernit\u00e9 et domestication<\/a><\/h4>\n\n\n\n<h4 class=\"wp-block-heading\"><a href=\"http:\/\/www.philo-cvm.ca\/?page_id=4847\" target=\"_blank\" rel=\"noreferrer noopener\">Rationalisation capitaliste de la sexualit\u00e9<\/a><\/h4>\n\n\n\n<h4 class=\"wp-block-heading\"><a href=\"http:\/\/www.philo-cvm.ca\/?page_id=4855\" target=\"_blank\" rel=\"noreferrer noopener\">La force du droit<\/a><\/h4>\n\n\n\n<p><\/p>\n","protected":false},"excerpt":{"rendered":"<p>Comment expliquer que la r\u00e9pression des sorci\u00e8res puisse correspondre avec la s\u00e9paration des pouvoirs entre la Religion et l&rsquo;\u00c9tat? Que se soit la magistrature la\u00efque &#8230;<\/p>\n","protected":false},"author":1,"featured_media":4401,"parent":0,"menu_order":0,"comment_status":"closed","ping_status":"closed","template":"","meta":{"footnotes":""},"class_list":["post-4219","page","type-page","status-publish","has-post-thumbnail","hentry"],"_links":{"self":[{"href":"https:\/\/www.ethique-rlaroche.philo-cvm.ca\/index.php?rest_route=\/wp\/v2\/pages\/4219","targetHints":{"allow":["GET"]}}],"collection":[{"href":"https:\/\/www.ethique-rlaroche.philo-cvm.ca\/index.php?rest_route=\/wp\/v2\/pages"}],"about":[{"href":"https:\/\/www.ethique-rlaroche.philo-cvm.ca\/index.php?rest_route=\/wp\/v2\/types\/page"}],"author":[{"embeddable":true,"href":"https:\/\/www.ethique-rlaroche.philo-cvm.ca\/index.php?rest_route=\/wp\/v2\/users\/1"}],"replies":[{"embeddable":true,"href":"https:\/\/www.ethique-rlaroche.philo-cvm.ca\/index.php?rest_route=%2Fwp%2Fv2%2Fcomments&post=4219"}],"version-history":[{"count":21,"href":"https:\/\/www.ethique-rlaroche.philo-cvm.ca\/index.php?rest_route=\/wp\/v2\/pages\/4219\/revisions"}],"predecessor-version":[{"id":32599,"href":"https:\/\/www.ethique-rlaroche.philo-cvm.ca\/index.php?rest_route=\/wp\/v2\/pages\/4219\/revisions\/32599"}],"wp:featuredmedia":[{"embeddable":true,"href":"https:\/\/www.ethique-rlaroche.philo-cvm.ca\/index.php?rest_route=\/wp\/v2\/media\/4401"}],"wp:attachment":[{"href":"https:\/\/www.ethique-rlaroche.philo-cvm.ca\/index.php?rest_route=%2Fwp%2Fv2%2Fmedia&parent=4219"}],"curies":[{"name":"wp","href":"https:\/\/api.w.org\/{rel}","templated":true}]}}