{"id":4159,"date":"2020-08-27T18:19:20","date_gmt":"2020-08-27T18:19:20","guid":{"rendered":"https:\/\/ethique-rlaroche.profweb.ca\/?page_id=4159"},"modified":"2021-01-26T15:36:22","modified_gmt":"2021-01-26T15:36:22","slug":"atelier-4","status":"publish","type":"page","link":"https:\/\/www.ethique-rlaroche.philo-cvm.ca\/?page_id=4159","title":{"rendered":"TRAVAUX"},"content":{"rendered":"\n<h3 class=\"wp-block-heading\">Vous trouverez ici des exemples d\u2019enqu\u00eates d\u2019\u00e9tudiantes et d\u2019\u00e9tudiants des ann\u00e9es pr\u00e9c\u00e9dentes.<\/h3>\n\n\n\n<h4 class=\"wp-block-heading\"><a rel=\"noreferrer noopener\" href=\"http:\/\/www.philo-cvm.ca\/?p=7254\" target=\"_blank\">La r\u00e9conciliation avec les Premi\u00e8res Nations par Ryan Lee<\/a><\/h4>\n\n\n\n<p><a href=\"https:\/\/www.youtube.com\/watch?v=V89FlphxSxk\" target=\"_blank\" rel=\"noreferrer noopener\">Un travail original prenant la forme d&rsquo;un slam par \u00c9milie Sinclair<\/a><\/p>\n","protected":false},"excerpt":{"rendered":"<p>Vous trouverez ici des exemples d\u2019enqu\u00eates d\u2019\u00e9tudiantes et d\u2019\u00e9tudiants des ann\u00e9es pr\u00e9c\u00e9dentes. La r\u00e9conciliation avec les Premi\u00e8res Nations par Ryan Lee Un travail original prenant &#8230;<\/p>\n","protected":false},"author":1,"featured_media":7516,"parent":0,"menu_order":0,"comment_status":"closed","ping_status":"closed","template":"","meta":{"footnotes":""},"class_list":["post-4159","page","type-page","status-publish","has-post-thumbnail","hentry"],"_links":{"self":[{"href":"https:\/\/www.ethique-rlaroche.philo-cvm.ca\/index.php?rest_route=\/wp\/v2\/pages\/4159","targetHints":{"allow":["GET"]}}],"collection":[{"href":"https:\/\/www.ethique-rlaroche.philo-cvm.ca\/index.php?rest_route=\/wp\/v2\/pages"}],"about":[{"href":"https:\/\/www.ethique-rlaroche.philo-cvm.ca\/index.php?rest_route=\/wp\/v2\/types\/page"}],"author":[{"embeddable":true,"href":"https:\/\/www.ethique-rlaroche.philo-cvm.ca\/index.php?rest_route=\/wp\/v2\/users\/1"}],"replies":[{"embeddable":true,"href":"https:\/\/www.ethique-rlaroche.philo-cvm.ca\/index.php?rest_route=%2Fwp%2Fv2%2Fcomments&post=4159"}],"version-history":[{"count":5,"href":"https:\/\/www.ethique-rlaroche.philo-cvm.ca\/index.php?rest_route=\/wp\/v2\/pages\/4159\/revisions"}],"predecessor-version":[{"id":8426,"href":"https:\/\/www.ethique-rlaroche.philo-cvm.ca\/index.php?rest_route=\/wp\/v2\/pages\/4159\/revisions\/8426"}],"wp:featuredmedia":[{"embeddable":true,"href":"https:\/\/www.ethique-rlaroche.philo-cvm.ca\/index.php?rest_route=\/wp\/v2\/media\/7516"}],"wp:attachment":[{"href":"https:\/\/www.ethique-rlaroche.philo-cvm.ca\/index.php?rest_route=%2Fwp%2Fv2%2Fmedia&parent=4159"}],"curies":[{"name":"wp","href":"https:\/\/api.w.org\/{rel}","templated":true}]}}