{"id":4153,"date":"2020-08-27T18:17:13","date_gmt":"2020-08-27T18:17:13","guid":{"rendered":"https:\/\/ethique-rlaroche.profweb.ca\/?page_id=4153"},"modified":"2021-01-26T16:32:15","modified_gmt":"2021-01-26T16:32:15","slug":"atelier-2","status":"publish","type":"page","link":"https:\/\/www.ethique-rlaroche.philo-cvm.ca\/?page_id=4153","title":{"rendered":"TRAVAUX"},"content":{"rendered":"\n<h3 class=\"wp-block-heading\">Vous trouverez ici des exemples d&rsquo;enqu\u00eates d&rsquo;\u00e9tudiantes et d&rsquo;\u00e9tudiants des ann\u00e9es pr\u00e9c\u00e9dentes.<\/h3>\n\n\n\n<h4 class=\"wp-block-heading\"><a rel=\"noreferrer noopener\" href=\"http:\/\/www.philo-cvm.ca\/?p=5469\" target=\"_blank\">La pression du patriarcat, fardeau simplement f\u00e9minin? par Val\u00e9rie B\u00e9rub\u00e9<\/a><\/h4>\n\n\n\n<h4 class=\"wp-block-heading\"><a href=\"http:\/\/www.philo-cvm.ca\/wp-content\/uploads\/2021\/01\/Depelteau.pdf\" target=\"_blank\" rel=\"noreferrer noopener\">Sorci\u00e8res par Marianne Depelteau<\/a><\/h4>\n","protected":false},"excerpt":{"rendered":"<p>Vous trouverez ici des exemples d&rsquo;enqu\u00eates d&rsquo;\u00e9tudiantes et d&rsquo;\u00e9tudiants des ann\u00e9es pr\u00e9c\u00e9dentes. La pression du patriarcat, fardeau simplement f\u00e9minin? par Val\u00e9rie B\u00e9rub\u00e9 Sorci\u00e8res par Marianne &#8230;<\/p>\n","protected":false},"author":1,"featured_media":7627,"parent":0,"menu_order":0,"comment_status":"closed","ping_status":"closed","template":"","meta":{"footnotes":""},"class_list":["post-4153","page","type-page","status-publish","has-post-thumbnail","hentry"],"_links":{"self":[{"href":"https:\/\/www.ethique-rlaroche.philo-cvm.ca\/index.php?rest_route=\/wp\/v2\/pages\/4153","targetHints":{"allow":["GET"]}}],"collection":[{"href":"https:\/\/www.ethique-rlaroche.philo-cvm.ca\/index.php?rest_route=\/wp\/v2\/pages"}],"about":[{"href":"https:\/\/www.ethique-rlaroche.philo-cvm.ca\/index.php?rest_route=\/wp\/v2\/types\/page"}],"author":[{"embeddable":true,"href":"https:\/\/www.ethique-rlaroche.philo-cvm.ca\/index.php?rest_route=\/wp\/v2\/users\/1"}],"replies":[{"embeddable":true,"href":"https:\/\/www.ethique-rlaroche.philo-cvm.ca\/index.php?rest_route=%2Fwp%2Fv2%2Fcomments&post=4153"}],"version-history":[{"count":8,"href":"https:\/\/www.ethique-rlaroche.philo-cvm.ca\/index.php?rest_route=\/wp\/v2\/pages\/4153\/revisions"}],"predecessor-version":[{"id":8432,"href":"https:\/\/www.ethique-rlaroche.philo-cvm.ca\/index.php?rest_route=\/wp\/v2\/pages\/4153\/revisions\/8432"}],"wp:featuredmedia":[{"embeddable":true,"href":"https:\/\/www.ethique-rlaroche.philo-cvm.ca\/index.php?rest_route=\/wp\/v2\/media\/7627"}],"wp:attachment":[{"href":"https:\/\/www.ethique-rlaroche.philo-cvm.ca\/index.php?rest_route=%2Fwp%2Fv2%2Fmedia&parent=4153"}],"curies":[{"name":"wp","href":"https:\/\/api.w.org\/{rel}","templated":true}]}}