{"id":4150,"date":"2020-08-27T18:16:32","date_gmt":"2020-08-27T18:16:32","guid":{"rendered":"https:\/\/ethique-rlaroche.profweb.ca\/?page_id=4150"},"modified":"2024-04-24T13:07:59","modified_gmt":"2024-04-24T13:07:59","slug":"lecons-3","status":"publish","type":"page","link":"https:\/\/www.ethique-rlaroche.philo-cvm.ca\/?page_id=4150","title":{"rendered":"NOMADE"},"content":{"rendered":"\n<h3 class=\"wp-block-heading\">Des sentiers dans l&rsquo;imaginaire<\/h3>\n\n\n\n<p>Ce jeu de concept a pour but de nous amener \u00e0 explorer et discuter la litt\u00e9rature autochtone comme si nous \u00e9tions des nomades. Chaque s\u00e9quence d&rsquo;extraits de textes de nos auteur.es pourra \u00eatre suivi \u00e0 l&rsquo;aide d&rsquo;hyperliens formant une sorte de sentier menant vers un point de bifurcation appel\u00e9 \u00abbivouac\u00bb. Ainsi, la rencontre de deux ou plusieurs sentiers offre la possibilit\u00e9 de changer d&rsquo;auteurs, de th\u00e8mes et de paysages artistiques donc d&rsquo;aller dans une nouvelle direction. <\/p>\n\n\n\n<p>L&rsquo;une des r\u00e8gles du jeu consiste \u00e0 ne pouvoir discuter et commenter une s\u00e9quence de textes donn\u00e9s, uniquement lorsque vous \u00eates parvenu.es dans un bivouac. <\/p>\n\n\n\n<p>Nous n&rsquo;arriverons pas toutes et tous au croisement des sentiers par les m\u00eames chemins. La discussion devrait s&rsquo;en trouver bonifi\u00e9e.  <\/p>\n\n\n\n<p>Pour que le jeu fonctionne, vous devez investir ces lieux de rencontres sur les sentiers des arts autochtones en laissant des commentaires.  <\/p>\n\n\n\n<p>Les commentaires seront pour nous l&rsquo;occasion de discuter et r\u00e9fl\u00e9chir la difficile question de la relation. Laissez-vous toucher par les mots, la sensibilit\u00e9, les images et les mani\u00e8res de penser que les auteur.es nous permettront d&rsquo;exp\u00e9rimenter. <\/p>\n\n\n\n<p>Si vous \u00eates partant.es, donnons-nous rendez-vous, quelque part dans l&rsquo;immense et extraordinaire territoire po\u00e9tique des premi\u00e8res Nations, sur le site d&rsquo;un premier <a rel=\"noreferrer noopener\" href=\"http:\/\/www.philo-cvm.ca\/?page_id=5810\" target=\"_blank\">campement<\/a>.   <\/p>\n","protected":false},"excerpt":{"rendered":"<p>Des sentiers dans l&rsquo;imaginaire Ce jeu de concept a pour but de nous amener \u00e0 explorer et discuter la litt\u00e9rature autochtone comme si nous \u00e9tions &#8230;<\/p>\n","protected":false},"author":1,"featured_media":5758,"parent":0,"menu_order":0,"comment_status":"closed","ping_status":"closed","template":"","meta":{"footnotes":""},"class_list":["post-4150","page","type-page","status-publish","has-post-thumbnail","hentry"],"_links":{"self":[{"href":"https:\/\/www.ethique-rlaroche.philo-cvm.ca\/index.php?rest_route=\/wp\/v2\/pages\/4150","targetHints":{"allow":["GET"]}}],"collection":[{"href":"https:\/\/www.ethique-rlaroche.philo-cvm.ca\/index.php?rest_route=\/wp\/v2\/pages"}],"about":[{"href":"https:\/\/www.ethique-rlaroche.philo-cvm.ca\/index.php?rest_route=\/wp\/v2\/types\/page"}],"author":[{"embeddable":true,"href":"https:\/\/www.ethique-rlaroche.philo-cvm.ca\/index.php?rest_route=\/wp\/v2\/users\/1"}],"replies":[{"embeddable":true,"href":"https:\/\/www.ethique-rlaroche.philo-cvm.ca\/index.php?rest_route=%2Fwp%2Fv2%2Fcomments&post=4150"}],"version-history":[{"count":26,"href":"https:\/\/www.ethique-rlaroche.philo-cvm.ca\/index.php?rest_route=\/wp\/v2\/pages\/4150\/revisions"}],"predecessor-version":[{"id":31428,"href":"https:\/\/www.ethique-rlaroche.philo-cvm.ca\/index.php?rest_route=\/wp\/v2\/pages\/4150\/revisions\/31428"}],"wp:featuredmedia":[{"embeddable":true,"href":"https:\/\/www.ethique-rlaroche.philo-cvm.ca\/index.php?rest_route=\/wp\/v2\/media\/5758"}],"wp:attachment":[{"href":"https:\/\/www.ethique-rlaroche.philo-cvm.ca\/index.php?rest_route=%2Fwp%2Fv2%2Fmedia&parent=4150"}],"curies":[{"name":"wp","href":"https:\/\/api.w.org\/{rel}","templated":true}]}}