{"id":4144,"date":"2020-08-27T18:13:11","date_gmt":"2020-08-27T18:13:11","guid":{"rendered":"https:\/\/ethique-rlaroche.profweb.ca\/?page_id=4144"},"modified":"2024-01-27T17:38:41","modified_gmt":"2024-01-27T17:38:41","slug":"lecons","status":"publish","type":"page","link":"https:\/\/www.ethique-rlaroche.philo-cvm.ca\/?page_id=4144","title":{"rendered":"ENQU\u00caTES"},"content":{"rendered":"\n<p>Les le\u00e7ons ont pour but de vous amener \u00e0 d\u00e9velopper une r\u00e9flexion vous aidant \u00e0 trouver l&rsquo;angle suivant lequel vous m\u00e8nerez votre enqu\u00eate. <\/p>\n","protected":false},"excerpt":{"rendered":"<p>Les le\u00e7ons ont pour but de vous amener \u00e0 d\u00e9velopper une r\u00e9flexion vous aidant \u00e0 trouver l&rsquo;angle suivant lequel vous m\u00e8nerez votre enqu\u00eate.<\/p>\n","protected":false},"author":1,"featured_media":4294,"parent":0,"menu_order":0,"comment_status":"closed","ping_status":"closed","template":"","meta":{"footnotes":""},"class_list":["post-4144","page","type-page","status-publish","has-post-thumbnail","hentry"],"_links":{"self":[{"href":"https:\/\/www.ethique-rlaroche.philo-cvm.ca\/index.php?rest_route=\/wp\/v2\/pages\/4144","targetHints":{"allow":["GET"]}}],"collection":[{"href":"https:\/\/www.ethique-rlaroche.philo-cvm.ca\/index.php?rest_route=\/wp\/v2\/pages"}],"about":[{"href":"https:\/\/www.ethique-rlaroche.philo-cvm.ca\/index.php?rest_route=\/wp\/v2\/types\/page"}],"author":[{"embeddable":true,"href":"https:\/\/www.ethique-rlaroche.philo-cvm.ca\/index.php?rest_route=\/wp\/v2\/users\/1"}],"replies":[{"embeddable":true,"href":"https:\/\/www.ethique-rlaroche.philo-cvm.ca\/index.php?rest_route=%2Fwp%2Fv2%2Fcomments&post=4144"}],"version-history":[{"count":5,"href":"https:\/\/www.ethique-rlaroche.philo-cvm.ca\/index.php?rest_route=\/wp\/v2\/pages\/4144\/revisions"}],"predecessor-version":[{"id":32590,"href":"https:\/\/www.ethique-rlaroche.philo-cvm.ca\/index.php?rest_route=\/wp\/v2\/pages\/4144\/revisions\/32590"}],"wp:featuredmedia":[{"embeddable":true,"href":"https:\/\/www.ethique-rlaroche.philo-cvm.ca\/index.php?rest_route=\/wp\/v2\/media\/4294"}],"wp:attachment":[{"href":"https:\/\/www.ethique-rlaroche.philo-cvm.ca\/index.php?rest_route=%2Fwp%2Fv2%2Fmedia&parent=4144"}],"curies":[{"name":"wp","href":"https:\/\/api.w.org\/{rel}","templated":true}]}}