{"id":3788,"date":"2020-04-15T13:44:08","date_gmt":"2020-04-15T13:44:08","guid":{"rendered":"https:\/\/ethique-rlaroche.profweb.ca\/?page_id=3788"},"modified":"2024-01-27T19:29:04","modified_gmt":"2024-01-27T19:29:04","slug":"rapports-dominants-domines","status":"publish","type":"page","link":"https:\/\/www.ethique-rlaroche.philo-cvm.ca\/?page_id=3788","title":{"rendered":"Rapports dominants \u2013 domin\u00e9s"},"content":{"rendered":"\n<h3 class=\"wp-block-heading\">R\u00e9flexions portant sur la r\u00e9sistance politique selon James C. Scott <\/h3>\n\n\n\n<p class=\"has-text-align-left\">Un texte \u00e0 lire absolument: <a href=\"http:\/\/www.philo-cvm.ca\/?page_id=886\" target=\"_blank\" rel=\"noreferrer noopener\">La domination et les arts de la r\u00e9sistance<\/a>. <\/p>\n\n\n\n<p>Vous d\u00e9couvrirez un auteur original qui cherche \u00e0 penser notre rapport au pouvoir en montrant qu&rsquo;il y a r\u00e9sistance politique lorsque l&rsquo;autorit\u00e9 engendre des injustices. Une conception diff\u00e9rente de celle que nous retrouvons dans le marxisme. Une conception qui ne repose pas imm\u00e9diatement sur une sorte de prise de conscience mais bien sur le jeu des affects, les structures sociales, l&rsquo;expression corporel, l&rsquo;art etc. <\/p>\n\n\n\n<p>Prenons cette conception pour lire ou relire l&rsquo;histoire du Hip Hop mais aussi pour en interpr\u00e9ter les chansons et les vid\u00e9os. Vous verrez c&rsquo;est passionnant! <\/p>\n\n\n\n<h3 class=\"wp-block-heading\"><a href=\"http:\/\/www.philo-cvm.ca\/?page_id=3796\" target=\"_blank\" rel=\"noreferrer noopener\">Politique souterraine et r\u00e9sistance<\/a><\/h3>\n\n\n\n<h3 class=\"wp-block-heading\"><a href=\"http:\/\/www.philo-cvm.ca\/?page_id=3820\" target=\"_blank\" rel=\"noreferrer noopener\">Du \u00abtexte cach\u00e9\u00bb au \u00abtexte public\u00bb<\/a><\/h3>\n\n\n\n<h3 class=\"wp-block-heading\"><a href=\"http:\/\/www.philo-cvm.ca\/?page_id=3829\" target=\"_blank\" rel=\"noreferrer noopener\">La forme masqu\u00e9e du discours des domin\u00e9s<\/a><\/h3>\n\n\n\n<h3 class=\"wp-block-heading\"><a href=\"http:\/\/www.philo-cvm.ca\/?page_id=3898\" target=\"_blank\" rel=\"noreferrer noopener\">La r\u00e9sistance demande du temps<\/a><\/h3>\n\n\n\n<h3 class=\"wp-block-heading\"><a href=\"http:\/\/www.philo-cvm.ca\/?page_id=3907\" target=\"_blank\" rel=\"noreferrer noopener\">Gangsta Rap et marchandisation<\/a><\/h3>\n","protected":false},"excerpt":{"rendered":"<p>R\u00e9flexions portant sur la r\u00e9sistance politique selon James C. Scott Un texte \u00e0 lire absolument: La domination et les arts de la r\u00e9sistance. Vous d\u00e9couvrirez &#8230;<\/p>\n","protected":false},"author":1,"featured_media":3789,"parent":0,"menu_order":0,"comment_status":"closed","ping_status":"closed","template":"","meta":{"footnotes":""},"class_list":["post-3788","page","type-page","status-publish","has-post-thumbnail","hentry"],"_links":{"self":[{"href":"https:\/\/www.ethique-rlaroche.philo-cvm.ca\/index.php?rest_route=\/wp\/v2\/pages\/3788","targetHints":{"allow":["GET"]}}],"collection":[{"href":"https:\/\/www.ethique-rlaroche.philo-cvm.ca\/index.php?rest_route=\/wp\/v2\/pages"}],"about":[{"href":"https:\/\/www.ethique-rlaroche.philo-cvm.ca\/index.php?rest_route=\/wp\/v2\/types\/page"}],"author":[{"embeddable":true,"href":"https:\/\/www.ethique-rlaroche.philo-cvm.ca\/index.php?rest_route=\/wp\/v2\/users\/1"}],"replies":[{"embeddable":true,"href":"https:\/\/www.ethique-rlaroche.philo-cvm.ca\/index.php?rest_route=%2Fwp%2Fv2%2Fcomments&post=3788"}],"version-history":[{"count":23,"href":"https:\/\/www.ethique-rlaroche.philo-cvm.ca\/index.php?rest_route=\/wp\/v2\/pages\/3788\/revisions"}],"predecessor-version":[{"id":32603,"href":"https:\/\/www.ethique-rlaroche.philo-cvm.ca\/index.php?rest_route=\/wp\/v2\/pages\/3788\/revisions\/32603"}],"wp:featuredmedia":[{"embeddable":true,"href":"https:\/\/www.ethique-rlaroche.philo-cvm.ca\/index.php?rest_route=\/wp\/v2\/media\/3789"}],"wp:attachment":[{"href":"https:\/\/www.ethique-rlaroche.philo-cvm.ca\/index.php?rest_route=%2Fwp%2Fv2%2Fmedia&parent=3788"}],"curies":[{"name":"wp","href":"https:\/\/api.w.org\/{rel}","templated":true}]}}