{"id":32544,"date":"2024-01-23T14:10:55","date_gmt":"2024-01-23T14:10:55","guid":{"rendered":"https:\/\/ethique-rlaroche.profweb.ca\/?page_id=32544"},"modified":"2024-02-06T21:11:21","modified_gmt":"2024-02-06T21:11:21","slug":"faire-lexperience-dun-commun","status":"publish","type":"page","link":"https:\/\/www.ethique-rlaroche.philo-cvm.ca\/?page_id=32544","title":{"rendered":"Et si nous d\u00e9jeunions ensemble ?"},"content":{"rendered":"\n<h4 class=\"wp-block-heading has-text-align-center\">FORUM<\/h4>\n\n\n\n<h5 class=\"wp-block-heading has-text-align-center\">L&rsquo;exp\u00e9rience du d\u00e9jeuner permet-elle de comprendre l&rsquo;id\u00e9e des \u00abcommuns\u00bb ? <\/h5>\n\n\n\n<p class=\"has-text-align-center\">Commentez l&rsquo;exp\u00e9rience du partage de nourriture tel que vous l&rsquo;avez v\u00e9cu en classe. <\/p>\n\n\n\n<h6 class=\"wp-block-heading has-text-align-center\">Cliquez sur l&rsquo;image et r\u00e9pondez dans la fen\u00eatre de commentaires. <\/h6>\n","protected":false},"excerpt":{"rendered":"<p>FORUM L&rsquo;exp\u00e9rience du d\u00e9jeuner permet-elle de comprendre l&rsquo;id\u00e9e des \u00abcommuns\u00bb ? Commentez l&rsquo;exp\u00e9rience du partage de nourriture tel que vous l&rsquo;avez v\u00e9cu en classe. Cliquez &#8230;<\/p>\n","protected":false},"author":1,"featured_media":32548,"parent":0,"menu_order":0,"comment_status":"open","ping_status":"closed","template":"","meta":{"footnotes":""},"class_list":["post-32544","page","type-page","status-publish","has-post-thumbnail","hentry"],"_links":{"self":[{"href":"https:\/\/www.ethique-rlaroche.philo-cvm.ca\/index.php?rest_route=\/wp\/v2\/pages\/32544","targetHints":{"allow":["GET"]}}],"collection":[{"href":"https:\/\/www.ethique-rlaroche.philo-cvm.ca\/index.php?rest_route=\/wp\/v2\/pages"}],"about":[{"href":"https:\/\/www.ethique-rlaroche.philo-cvm.ca\/index.php?rest_route=\/wp\/v2\/types\/page"}],"author":[{"embeddable":true,"href":"https:\/\/www.ethique-rlaroche.philo-cvm.ca\/index.php?rest_route=\/wp\/v2\/users\/1"}],"replies":[{"embeddable":true,"href":"https:\/\/www.ethique-rlaroche.philo-cvm.ca\/index.php?rest_route=%2Fwp%2Fv2%2Fcomments&post=32544"}],"version-history":[{"count":11,"href":"https:\/\/www.ethique-rlaroche.philo-cvm.ca\/index.php?rest_route=\/wp\/v2\/pages\/32544\/revisions"}],"predecessor-version":[{"id":32716,"href":"https:\/\/www.ethique-rlaroche.philo-cvm.ca\/index.php?rest_route=\/wp\/v2\/pages\/32544\/revisions\/32716"}],"wp:featuredmedia":[{"embeddable":true,"href":"https:\/\/www.ethique-rlaroche.philo-cvm.ca\/index.php?rest_route=\/wp\/v2\/media\/32548"}],"wp:attachment":[{"href":"https:\/\/www.ethique-rlaroche.philo-cvm.ca\/index.php?rest_route=%2Fwp%2Fv2%2Fmedia&parent=32544"}],"curies":[{"name":"wp","href":"https:\/\/api.w.org\/{rel}","templated":true}]}}