{"id":3155,"date":"2020-03-22T14:11:03","date_gmt":"2020-03-22T14:11:03","guid":{"rendered":"https:\/\/ethique-rlaroche.profweb.ca\/?page_id=3155"},"modified":"2024-01-27T19:26:35","modified_gmt":"2024-01-27T19:26:35","slug":"cours-6-position-du-probleme-de-la-resistance","status":"publish","type":"page","link":"https:\/\/www.ethique-rlaroche.philo-cvm.ca\/?page_id=3155","title":{"rendered":"M\u00e9thode et position du probl\u00e8me de la r\u00e9sistance"},"content":{"rendered":"\n<p>Ces r\u00e9flexions ont pour but de vous aider \u00e0 revenir sur les liens \u00e0 \u00e9tablir entre la m\u00e9thode de Dewey et nos enqu\u00eates ayant pour objectifs de nous amener \u00e0 nous constituer en tant que public averti concernant le probl\u00e8me de la r\u00e9sistance politique.<\/p>\n\n\n\n<h3 class=\"wp-block-heading\"><a href=\"http:\/\/www.philo-cvm.ca\/?page_id=3162\" target=\"_blank\" rel=\"noreferrer noopener\">De la distinction entre public et priv\u00e9.<\/a><\/h3>\n\n\n\n<h3 class=\"wp-block-heading\"><a aria-label=\"Apathie politique, h\u00e9g\u00e9monie et r\u00e9sistance. (s\u2019ouvre dans un nouvel onglet)\" href=\"http:\/\/www.philo-cvm.ca\/?page_id=3166\" target=\"_blank\" rel=\"noreferrer noopener\">Apathie politique, h\u00e9g\u00e9monie et r\u00e9sistance.<\/a><\/h3>\n\n\n\n<h3 class=\"wp-block-heading\"><a aria-label=\"Les causes de l'apathie politique selon Dewey. (s\u2019ouvre dans un nouvel onglet)\" href=\"http:\/\/www.philo-cvm.ca\/?page_id=3178\" target=\"_blank\" rel=\"noreferrer noopener\">Les causes de l&rsquo;apathie politique selon Dewey.<\/a><\/h3>\n\n\n\n<h3 class=\"wp-block-heading\"><a aria-label=\"\u00c9mergence du Hip Hop et Montr\u00e9alit\u00e9. (s\u2019ouvre dans un nouvel onglet)\" href=\"http:\/\/www.philo-cvm.ca\/?page_id=3185\" target=\"_blank\" rel=\"noreferrer noopener\">\u00c9mergence du Hip Hop et Montr\u00e9alit\u00e9.<\/a><\/h3>\n\n\n\n<h3 class=\"wp-block-heading\"><a aria-label=\"Le lib\u00e9ralisme et sa critique du communautarisme. (s\u2019ouvre dans un nouvel onglet)\" href=\"http:\/\/www.philo-cvm.ca\/?page_id=3192\" target=\"_blank\" rel=\"noreferrer noopener\">Le lib\u00e9ralisme et sa critique du communautarisme.<\/a><\/h3>\n\n\n\n<h3 class=\"wp-block-heading\"><a aria-label=\"Le communautarisme et sa critique du lib\u00e9ralisme (s\u2019ouvre dans un nouvel onglet)\" href=\"http:\/\/www.philo-cvm.ca\/?page_id=3198\" target=\"_blank\" rel=\"noreferrer noopener\">Le communautarisme et sa critique du lib\u00e9ralisme<\/a>.<\/h3>\n\n\n\n<h3 class=\"wp-block-heading\"><a aria-label=\"L'opposition entre le lib\u00e9ralisme et le communautarisme marque-t-elle une impasse? (s\u2019ouvre dans un nouvel onglet)\" href=\"http:\/\/www.philo-cvm.ca\/?page_id=3205\" target=\"_blank\" rel=\"noreferrer noopener\">L&rsquo;opposition entre le lib\u00e9ralisme et le communautarisme marque-t-elle une impasse?<\/a><\/h3>\n\n\n\n<p class=\"has-red-color has-text-color\">***<\/p>\n\n\n\n<h3 class=\"wp-block-heading\">Nouvelle introduction &#8211; Septembre 2023 &#8211; <a href=\"http:\/\/www.philo-cvm.ca\/?page_id=29646\">Des communs \u00e0 notre situation<\/a><\/h3>\n","protected":false},"excerpt":{"rendered":"<p>Ces r\u00e9flexions ont pour but de vous aider \u00e0 revenir sur les liens \u00e0 \u00e9tablir entre la m\u00e9thode de Dewey et nos enqu\u00eates ayant pour &#8230;<\/p>\n","protected":false},"author":1,"featured_media":8175,"parent":0,"menu_order":0,"comment_status":"closed","ping_status":"closed","template":"","meta":{"footnotes":""},"class_list":["post-3155","page","type-page","status-publish","has-post-thumbnail","hentry"],"_links":{"self":[{"href":"https:\/\/www.ethique-rlaroche.philo-cvm.ca\/index.php?rest_route=\/wp\/v2\/pages\/3155","targetHints":{"allow":["GET"]}}],"collection":[{"href":"https:\/\/www.ethique-rlaroche.philo-cvm.ca\/index.php?rest_route=\/wp\/v2\/pages"}],"about":[{"href":"https:\/\/www.ethique-rlaroche.philo-cvm.ca\/index.php?rest_route=\/wp\/v2\/types\/page"}],"author":[{"embeddable":true,"href":"https:\/\/www.ethique-rlaroche.philo-cvm.ca\/index.php?rest_route=\/wp\/v2\/users\/1"}],"replies":[{"embeddable":true,"href":"https:\/\/www.ethique-rlaroche.philo-cvm.ca\/index.php?rest_route=%2Fwp%2Fv2%2Fcomments&post=3155"}],"version-history":[{"count":26,"href":"https:\/\/www.ethique-rlaroche.philo-cvm.ca\/index.php?rest_route=\/wp\/v2\/pages\/3155\/revisions"}],"predecessor-version":[{"id":32601,"href":"https:\/\/www.ethique-rlaroche.philo-cvm.ca\/index.php?rest_route=\/wp\/v2\/pages\/3155\/revisions\/32601"}],"wp:featuredmedia":[{"embeddable":true,"href":"https:\/\/www.ethique-rlaroche.philo-cvm.ca\/index.php?rest_route=\/wp\/v2\/media\/8175"}],"wp:attachment":[{"href":"https:\/\/www.ethique-rlaroche.philo-cvm.ca\/index.php?rest_route=%2Fwp%2Fv2%2Fmedia&parent=3155"}],"curies":[{"name":"wp","href":"https:\/\/api.w.org\/{rel}","templated":true}]}}