{"id":30429,"date":"2023-10-27T13:00:06","date_gmt":"2023-10-27T13:00:06","guid":{"rendered":"https:\/\/ethique-rlaroche.profweb.ca\/?page_id=30429"},"modified":"2024-01-27T19:31:03","modified_gmt":"2024-01-27T19:31:03","slug":"methode-en-labsence-de-cours-et-pourquoi","status":"publish","type":"page","link":"https:\/\/www.ethique-rlaroche.philo-cvm.ca\/?page_id=30429","title":{"rendered":"M\u00e9thode en l&rsquo;absence de cours !"},"content":{"rendered":"\n<h3 class=\"wp-block-heading\">Automne 2023 &#8211; Projet sp\u00e9cial<\/h3>\n\n\n\n<p style=\"font-size:18px\">Comme avec les sorci\u00e8res et le hip-hop, le premier cours de ce dernier bloc aura pour fonction d&rsquo;exposer une certaine m\u00e9thodologie quant \u00e0 la derni\u00e8re th\u00e9matique abord\u00e9e, soit celle des Premi\u00e8res Nations.<\/p>\n\n\n\n<p><\/p>\n\n\n\n<p style=\"font-size:18px\">Toutefois, du point de vue de la personne qui enseigne &#8211; et ce, bien entendu, avec un peu de recul &#8211; on en vient rapidement \u00e0 se demander : Mais qu&rsquo;est-ce donc qu&rsquo;un <em>bon <\/em>cours sur les cultures autochtones, c&rsquo;est-\u00e0-dire un cours qui leur rend <em>justice<\/em>?<\/p>\n\n\n\n<p><\/p>\n\n\n\n<p style=\"font-size:18px\">Cette question est en fait celle que nous voulons vous poser \u00e0 vous, ch\u00e8res personnes \u00e9tudiantes! En effet, qui de mieux plac\u00e9 que vous pour r\u00e9pondre \u00e0 cette question? Cette question porte aussi en elle un ensemble tr\u00e8s vaste de sous-question que nous aurons l&rsquo;occasion d&rsquo;aborder tout le monde ensemble.<\/p>\n\n\n\n<p><\/p>\n\n\n\n<p style=\"font-size:20px\"><span style=\"text-decoration: underline;\">Voici donc, pour commencer, quelques pistes de r\u00e9flexion<\/span>:<\/p>\n\n\n\n<ul class=\"wp-block-list\">\n<li style=\"font-size:18px\"><strong><a rel=\"noreferrer noopener\" href=\"http:\/\/www.philo-cvm.ca\/?page_id=30721\" target=\"_blank\">Que connaissons-nous au sujet des communaut\u00e9s autochtones vivant sur le territoire du Qu\u00e9bec ?<\/a><\/strong><\/li>\n<\/ul>\n\n\n\n<ul class=\"wp-block-list\">\n<li style=\"font-size:18px\"><strong><a rel=\"noreferrer noopener\" href=\"http:\/\/www.philo-cvm.ca\/?page_id=30434\" target=\"_blank\">Comment nous d\u00e9faire de nos a priori ?<\/a><\/strong> <\/li>\n<\/ul>\n\n\n\n<ul class=\"wp-block-list\">\n<li style=\"font-size:18px\"><strong><a rel=\"noreferrer noopener\" href=\"http:\/\/www.philo-cvm.ca\/?page_id=30730\" target=\"_blank\">Quels serait le (ou les) cours id\u00e9al que nous aimerions avoir au sujet des cultures autochtones afin de r\u00e9fl\u00e9chir la relation que nous entretenons avec les Premi\u00e8res Nations ?<\/a><\/strong><\/li>\n<\/ul>\n\n\n\n<ul class=\"wp-block-list\">\n<li style=\"font-size:18px\"><strong>Que nous propose <a rel=\"noreferrer noopener\" href=\"https:\/\/chat.openai.com\/auth\/login?next=%2F%3Fmodel%3Dtext-davinci-002-render-sha\" target=\"_blank\">Chat GPT<\/a> ?<\/strong><\/li>\n<\/ul>\n\n\n\n<ul class=\"wp-block-list\">\n<li style=\"font-size:18px\"><strong><a href=\"http:\/\/www.philo-cvm.ca\/?page_id=30748\" target=\"_blank\" rel=\"noreferrer noopener\">Et les communs dans tout \u00e7a ?<\/a><\/strong><\/li>\n<\/ul>\n\n\n\n<h5 class=\"wp-block-heading\">Chacune des propositions ci-haut est un hyperlien conduisant \u00e0 une page o\u00f9, en \u00e9quipe, vous pourrez laisser vos id\u00e9es et r\u00e9flexions dans les fen\u00eatres de commentaires. Bonne d\u00e9lib\u00e9ration !<\/h5>\n","protected":false},"excerpt":{"rendered":"<p>Automne 2023 &#8211; Projet sp\u00e9cial Comme avec les sorci\u00e8res et le hip-hop, le premier cours de ce dernier bloc aura pour fonction d&rsquo;exposer une certaine &#8230;<\/p>\n","protected":false},"author":1,"featured_media":30431,"parent":0,"menu_order":0,"comment_status":"closed","ping_status":"closed","template":"","meta":{"footnotes":""},"class_list":["post-30429","page","type-page","status-publish","has-post-thumbnail","hentry"],"_links":{"self":[{"href":"https:\/\/www.ethique-rlaroche.philo-cvm.ca\/index.php?rest_route=\/wp\/v2\/pages\/30429","targetHints":{"allow":["GET"]}}],"collection":[{"href":"https:\/\/www.ethique-rlaroche.philo-cvm.ca\/index.php?rest_route=\/wp\/v2\/pages"}],"about":[{"href":"https:\/\/www.ethique-rlaroche.philo-cvm.ca\/index.php?rest_route=\/wp\/v2\/types\/page"}],"author":[{"embeddable":true,"href":"https:\/\/www.ethique-rlaroche.philo-cvm.ca\/index.php?rest_route=\/wp\/v2\/users\/1"}],"replies":[{"embeddable":true,"href":"https:\/\/www.ethique-rlaroche.philo-cvm.ca\/index.php?rest_route=%2Fwp%2Fv2%2Fcomments&post=30429"}],"version-history":[{"count":21,"href":"https:\/\/www.ethique-rlaroche.philo-cvm.ca\/index.php?rest_route=\/wp\/v2\/pages\/30429\/revisions"}],"predecessor-version":[{"id":32605,"href":"https:\/\/www.ethique-rlaroche.philo-cvm.ca\/index.php?rest_route=\/wp\/v2\/pages\/30429\/revisions\/32605"}],"wp:featuredmedia":[{"embeddable":true,"href":"https:\/\/www.ethique-rlaroche.philo-cvm.ca\/index.php?rest_route=\/wp\/v2\/media\/30431"}],"wp:attachment":[{"href":"https:\/\/www.ethique-rlaroche.philo-cvm.ca\/index.php?rest_route=%2Fwp%2Fv2%2Fmedia&parent=30429"}],"curies":[{"name":"wp","href":"https:\/\/api.w.org\/{rel}","templated":true}]}}