{"id":18429,"date":"2022-02-02T14:10:28","date_gmt":"2022-02-02T14:10:28","guid":{"rendered":"https:\/\/ethique-rlaroche.profweb.ca\/?page_id=18429"},"modified":"2022-02-23T19:24:17","modified_gmt":"2022-02-23T19:24:17","slug":"sur-le-corner","status":"publish","type":"page","link":"https:\/\/www.ethique-rlaroche.philo-cvm.ca\/?page_id=18429","title":{"rendered":"Sur le \u00abcorner\u00bb"},"content":{"rendered":"\n<p>Sur le \u00abCorner\u00bb est un jeu de concept ayant pour but de nous amener \u00e0 explorer le \u00abStreet\u00bb rap montr\u00e9alais. Il s&rsquo;agit aussi et surtout d&rsquo;un exercice philosophique permettant de r\u00e9fl\u00e9chir la r\u00e9ponse aux impasses sociales que repr\u00e9sente cette culture musicale. <\/p>\n\n\n\n<p>Le jeu se pr\u00e9sente comme un parcours urbain favorisant la d\u00e9couverte du rap montr\u00e9alais mais aussi explorant la ville et ses corners, l&rsquo;actualit\u00e9 ainsi que certaines des questions philosophiques auxquelles nous r\u00e9fl\u00e9chissons. <\/p>\n\n\n\n<p>UNE RUE DE MONTR\u00c9AL<\/p>\n\n\n\n<p>M\u00e9diagraphie de d\u00e9part<\/p>\n\n\n\n<p><a href=\"https:\/\/www.ledevoir.com\/culture\/musique\/587218\/musique-shreez-rappeur-malgre-lui\">https:\/\/www.ledevoir.com\/culture\/musique\/587218\/musique-shreez-rappeur-malgre-lui<\/a><\/p>\n\n\n\n<p><a href=\"https:\/\/www.ledevoir.com\/culture\/musique\/583706\/disque-les-fructueux-melanges-de-sonido-pesao\">https:\/\/www.ledevoir.com\/culture\/musique\/583706\/disque-les-fructueux-melanges-de-sonido-pesao<\/a><\/p>\n\n\n\n<p><a href=\"https:\/\/www.ledevoir.com\/culture\/musique\/587057\/musique-imposs-une-lecon-de-perseverance\">https:\/\/www.ledevoir.com\/culture\/musique\/587057\/musique-imposs-une-lecon-de-perseverance<\/a><\/p>\n\n\n\n<p><a href=\"https:\/\/journals.openedition.org\/gc\/3763\">https:\/\/journals.openedition.org\/gc\/3763<\/a><\/p>\n\n\n\n<p><a href=\"https:\/\/journals.openedition.org\/geocarrefour\/2188\">https:\/\/journals.openedition.org\/geocarrefour\/2188<\/a><\/p>\n\n\n\n<p><a href=\"https:\/\/journals.openedition.org\/enquete\/38\">https:\/\/journals.openedition.org\/enquete\/38<\/a><\/p>\n\n\n\n<p><a href=\"http:\/\/www.philo-cvm.ca\/wp-content\/uploads\/2022\/02\/One_step_beyond.pdf\">http:\/\/www.philo-cvm.ca\/wp-content\/uploads\/2022\/02\/One_step_beyond.pdf<\/a><\/p>\n\n\n\n<p><a href=\"https:\/\/lesparleuses.hypotheses.org\/615\">https:\/\/lesparleuses.hypotheses.org\/615<\/a><\/p>\n\n\n\n<figure class=\"wp-block-embed is-type-wp-embed is-provider-journaldesvoisins-com wp-block-embed-journaldesvoisins-com\"><div class=\"wp-block-embed__wrapper\">\n<blockquote class=\"wp-embedded-content\" data-secret=\"424IYzlIsI\"><a href=\"https:\/\/journaldesvoisins.com\/incidents-de-violence-armee-il-faut-faire-attention-pour-ne-pas-stigmatiser-les-jeunes\/\">Incidents de violence arm\u00e9e\u00a0: \u00ab\u00a0Il faut faire attention pour ne pas stigmatiser les jeunes\u00a0\u00bb<\/a><\/blockquote><iframe loading=\"lazy\" class=\"wp-embedded-content\" sandbox=\"allow-scripts\" security=\"restricted\" style=\"position: absolute; clip: rect(1px, 1px, 1px, 1px);\" title=\"&laquo; Incidents de violence arm\u00e9e\u00a0: \u00ab\u00a0Il faut faire attention pour ne pas stigmatiser les jeunes\u00a0\u00bb &raquo; &#8212; Journaldesvoisins.com\" src=\"https:\/\/journaldesvoisins.com\/incidents-de-violence-armee-il-faut-faire-attention-pour-ne-pas-stigmatiser-les-jeunes\/embed\/#?secret=JAqi1oJeHI#?secret=424IYzlIsI\" data-secret=\"424IYzlIsI\" width=\"525\" height=\"296\" frameborder=\"0\" marginwidth=\"0\" marginheight=\"0\" scrolling=\"no\"><\/iframe>\n<\/div><\/figure>\n\n\n\n<figure class=\"wp-block-embed is-type-wp-embed is-provider-journaldesvoisins-com wp-block-embed-journaldesvoisins-com\"><div class=\"wp-block-embed__wrapper\">\n<blockquote class=\"wp-embedded-content\" data-secret=\"H8no2ZUz9B\"><a href=\"https:\/\/journaldesvoisins.com\/vague-de-violence-dans-ahuntsic-cartierville-au-dela-des-faits-divers-2e-et-dernier-texte\/\">Vague de violence dans Ahuntsic-Cartierville: au-del\u00e0 des faits divers (2e et dernier texte)<\/a><\/blockquote><iframe loading=\"lazy\" class=\"wp-embedded-content\" sandbox=\"allow-scripts\" security=\"restricted\" style=\"position: absolute; clip: rect(1px, 1px, 1px, 1px);\" title=\"&laquo; Vague de violence dans Ahuntsic-Cartierville: au-del\u00e0 des faits divers (2e et dernier texte) &raquo; &#8212; Journaldesvoisins.com\" src=\"https:\/\/journaldesvoisins.com\/vague-de-violence-dans-ahuntsic-cartierville-au-dela-des-faits-divers-2e-et-dernier-texte\/embed\/#?secret=f0c90V6Jhp#?secret=H8no2ZUz9B\" data-secret=\"H8no2ZUz9B\" width=\"525\" height=\"296\" frameborder=\"0\" marginwidth=\"0\" marginheight=\"0\" scrolling=\"no\"><\/iframe>\n<\/div><\/figure>\n\n\n\n<p>(En d\u00e9veloppement&#8230;)<\/p>\n","protected":false},"excerpt":{"rendered":"<p>Sur le \u00abCorner\u00bb est un jeu de concept ayant pour but de nous amener \u00e0 explorer le \u00abStreet\u00bb rap montr\u00e9alais. Il s&rsquo;agit aussi et surtout &#8230;<\/p>\n","protected":false},"author":1,"featured_media":18430,"parent":0,"menu_order":0,"comment_status":"closed","ping_status":"closed","template":"","meta":{"footnotes":""},"class_list":["post-18429","page","type-page","status-publish","has-post-thumbnail","hentry"],"_links":{"self":[{"href":"https:\/\/www.ethique-rlaroche.philo-cvm.ca\/index.php?rest_route=\/wp\/v2\/pages\/18429","targetHints":{"allow":["GET"]}}],"collection":[{"href":"https:\/\/www.ethique-rlaroche.philo-cvm.ca\/index.php?rest_route=\/wp\/v2\/pages"}],"about":[{"href":"https:\/\/www.ethique-rlaroche.philo-cvm.ca\/index.php?rest_route=\/wp\/v2\/types\/page"}],"author":[{"embeddable":true,"href":"https:\/\/www.ethique-rlaroche.philo-cvm.ca\/index.php?rest_route=\/wp\/v2\/users\/1"}],"replies":[{"embeddable":true,"href":"https:\/\/www.ethique-rlaroche.philo-cvm.ca\/index.php?rest_route=%2Fwp%2Fv2%2Fcomments&post=18429"}],"version-history":[{"count":9,"href":"https:\/\/www.ethique-rlaroche.philo-cvm.ca\/index.php?rest_route=\/wp\/v2\/pages\/18429\/revisions"}],"predecessor-version":[{"id":19439,"href":"https:\/\/www.ethique-rlaroche.philo-cvm.ca\/index.php?rest_route=\/wp\/v2\/pages\/18429\/revisions\/19439"}],"wp:featuredmedia":[{"embeddable":true,"href":"https:\/\/www.ethique-rlaroche.philo-cvm.ca\/index.php?rest_route=\/wp\/v2\/media\/18430"}],"wp:attachment":[{"href":"https:\/\/www.ethique-rlaroche.philo-cvm.ca\/index.php?rest_route=%2Fwp%2Fv2%2Fmedia&parent=18429"}],"curies":[{"name":"wp","href":"https:\/\/api.w.org\/{rel}","templated":true}]}}