{"id":1278,"date":"2020-01-13T21:46:25","date_gmt":"2020-01-13T21:46:25","guid":{"rendered":"https:\/\/ethique-rlaroche.profweb.ca\/?page_id=1278"},"modified":"2020-01-22T11:22:58","modified_gmt":"2020-01-22T11:22:58","slug":"cultures-autochtones","status":"publish","type":"page","link":"https:\/\/www.ethique-rlaroche.philo-cvm.ca\/?page_id=1278","title":{"rendered":"Cultures autochtones"},"content":{"rendered":"\n<p>Ce troisi\u00e8me bloc a pour th\u00e8me le rapport entre la diversit\u00e9 culturelle et l\u2019universalisme comprenant une r\u00e9flexion sur le colonialisme ainsi que celles plus politiques issues du multiculturalisme et des politiques de la reconnaissance. Nous travaillerons \u00e0 partir d\u2019une lecture comparant le Rapport du CERP et le texte intitul\u00e9 \u00ab<em>Je suis une maudite sauvagesse<\/em>\u00bb d\u2019An Antane Kapesh. Nous nous aiderons aussi de la th\u00e9orie de la justice de John Rawls ainsi que de la d\u00e9marche du po\u00e8te Jim Harrison. Une enqu\u00eate impliquant l\u2019identit\u00e9 des peuples autochtones telle que la remettent en question Thomas King ou encore Glen Sean Coulthard. Toutes r\u00e9flexions qui nous conduiront jusqu\u2019aux fronti\u00e8res de la litt\u00e9rature Innue investie par des po\u00e9tesses comme Jos\u00e9phine Bacon ou Naomi Fontaine.  \u00a0 <\/p>\n","protected":false},"excerpt":{"rendered":"<p>Ce troisi\u00e8me bloc a pour th\u00e8me le rapport entre la diversit\u00e9 culturelle et l\u2019universalisme comprenant une r\u00e9flexion sur le colonialisme ainsi que celles plus politiques &#8230;<\/p>\n","protected":false},"author":1,"featured_media":1048,"parent":0,"menu_order":0,"comment_status":"closed","ping_status":"closed","template":"","meta":{"footnotes":""},"class_list":["post-1278","page","type-page","status-publish","has-post-thumbnail","hentry"],"_links":{"self":[{"href":"https:\/\/www.ethique-rlaroche.philo-cvm.ca\/index.php?rest_route=\/wp\/v2\/pages\/1278","targetHints":{"allow":["GET"]}}],"collection":[{"href":"https:\/\/www.ethique-rlaroche.philo-cvm.ca\/index.php?rest_route=\/wp\/v2\/pages"}],"about":[{"href":"https:\/\/www.ethique-rlaroche.philo-cvm.ca\/index.php?rest_route=\/wp\/v2\/types\/page"}],"author":[{"embeddable":true,"href":"https:\/\/www.ethique-rlaroche.philo-cvm.ca\/index.php?rest_route=\/wp\/v2\/users\/1"}],"replies":[{"embeddable":true,"href":"https:\/\/www.ethique-rlaroche.philo-cvm.ca\/index.php?rest_route=%2Fwp%2Fv2%2Fcomments&post=1278"}],"version-history":[{"count":3,"href":"https:\/\/www.ethique-rlaroche.philo-cvm.ca\/index.php?rest_route=\/wp\/v2\/pages\/1278\/revisions"}],"predecessor-version":[{"id":1417,"href":"https:\/\/www.ethique-rlaroche.philo-cvm.ca\/index.php?rest_route=\/wp\/v2\/pages\/1278\/revisions\/1417"}],"wp:featuredmedia":[{"embeddable":true,"href":"https:\/\/www.ethique-rlaroche.philo-cvm.ca\/index.php?rest_route=\/wp\/v2\/media\/1048"}],"wp:attachment":[{"href":"https:\/\/www.ethique-rlaroche.philo-cvm.ca\/index.php?rest_route=%2Fwp%2Fv2%2Fmedia&parent=1278"}],"curies":[{"name":"wp","href":"https:\/\/api.w.org\/{rel}","templated":true}]}}