{"id":1275,"date":"2020-01-13T21:43:55","date_gmt":"2020-01-13T21:43:55","guid":{"rendered":"https:\/\/ethique-rlaroche.profweb.ca\/?page_id=1275"},"modified":"2020-01-13T21:43:55","modified_gmt":"2020-01-13T21:43:55","slug":"hip-hop-2","status":"publish","type":"page","link":"https:\/\/www.ethique-rlaroche.philo-cvm.ca\/?page_id=1275","title":{"rendered":"Hip Hop"},"content":{"rendered":"\n<p>Cette seconde s\u00e9quence de cours s\u2019appuiera sur la distinction entre lib\u00e9ralisme et communautarisme afin de saisir l\u2019importance des enjeux sociaux relatifs \u00e0 la lutte pour l\u2019\u00e9galit\u00e9 en Am\u00e9rique ainsi que la question du pouvoir impliquant des rapports entre dominants et domin\u00e9s. Nous nous demanderons si le Rap participe d\u2019une forme d\u2019h\u00e9g\u00e9monie ou si cet art demeure le foyer de r\u00e9sistance politique qu\u2019il \u00e9tait \u00e0 ses d\u00e9buts?\u00a0  <\/p>\n","protected":false},"excerpt":{"rendered":"<p>Cette seconde s\u00e9quence de cours s\u2019appuiera sur la distinction entre lib\u00e9ralisme et communautarisme afin de saisir l\u2019importance des enjeux sociaux relatifs \u00e0 la lutte pour &#8230;<\/p>\n","protected":false},"author":1,"featured_media":563,"parent":0,"menu_order":0,"comment_status":"closed","ping_status":"closed","template":"","meta":{"footnotes":""},"class_list":["post-1275","page","type-page","status-publish","has-post-thumbnail","hentry"],"_links":{"self":[{"href":"https:\/\/www.ethique-rlaroche.philo-cvm.ca\/index.php?rest_route=\/wp\/v2\/pages\/1275","targetHints":{"allow":["GET"]}}],"collection":[{"href":"https:\/\/www.ethique-rlaroche.philo-cvm.ca\/index.php?rest_route=\/wp\/v2\/pages"}],"about":[{"href":"https:\/\/www.ethique-rlaroche.philo-cvm.ca\/index.php?rest_route=\/wp\/v2\/types\/page"}],"author":[{"embeddable":true,"href":"https:\/\/www.ethique-rlaroche.philo-cvm.ca\/index.php?rest_route=\/wp\/v2\/users\/1"}],"replies":[{"embeddable":true,"href":"https:\/\/www.ethique-rlaroche.philo-cvm.ca\/index.php?rest_route=%2Fwp%2Fv2%2Fcomments&post=1275"}],"version-history":[{"count":1,"href":"https:\/\/www.ethique-rlaroche.philo-cvm.ca\/index.php?rest_route=\/wp\/v2\/pages\/1275\/revisions"}],"predecessor-version":[{"id":1276,"href":"https:\/\/www.ethique-rlaroche.philo-cvm.ca\/index.php?rest_route=\/wp\/v2\/pages\/1275\/revisions\/1276"}],"wp:featuredmedia":[{"embeddable":true,"href":"https:\/\/www.ethique-rlaroche.philo-cvm.ca\/index.php?rest_route=\/wp\/v2\/media\/563"}],"wp:attachment":[{"href":"https:\/\/www.ethique-rlaroche.philo-cvm.ca\/index.php?rest_route=%2Fwp%2Fv2%2Fmedia&parent=1275"}],"curies":[{"name":"wp","href":"https:\/\/api.w.org\/{rel}","templated":true}]}}