{"id":1272,"date":"2020-01-13T21:35:51","date_gmt":"2020-01-13T21:35:51","guid":{"rendered":"https:\/\/ethique-rlaroche.profweb.ca\/?page_id=1272"},"modified":"2020-01-22T11:14:58","modified_gmt":"2020-01-22T11:14:58","slug":"la-sorciere-2","status":"publish","type":"page","link":"https:\/\/www.ethique-rlaroche.philo-cvm.ca\/?page_id=1272","title":{"rendered":"La sorci\u00e8re"},"content":{"rendered":"\n<p>Notre premier sujet de r\u00e9flexion comprend un processus d\u2019enqu\u00eate \u00e0 propos de la figure de la sorci\u00e8re; sa diabolisation pendant l\u2019Inquisition, ses liens avec la th\u00e9orisation du concept de souverainet\u00e9 des \u00e9tats modernes, le f\u00e9minisme aujourd\u2019hui et l\u2019incontournable probl\u00e8me philosophique de la repr\u00e9sentation par quoi r\u00e9alit\u00e9 et imagination peuvent se confondre. Colette Arnould, Armelle le Bras-Choppard, Silvia Federici et Mona Chollet seront nos guides.\u00a0  <\/p>\n","protected":false},"excerpt":{"rendered":"<p>Notre premier sujet de r\u00e9flexion comprend un processus d\u2019enqu\u00eate \u00e0 propos de la figure de la sorci\u00e8re; sa diabolisation pendant l\u2019Inquisition, ses liens avec la &#8230;<\/p>\n","protected":false},"author":1,"featured_media":167,"parent":0,"menu_order":0,"comment_status":"closed","ping_status":"closed","template":"","meta":{"footnotes":""},"class_list":["post-1272","page","type-page","status-publish","has-post-thumbnail","hentry"],"_links":{"self":[{"href":"https:\/\/www.ethique-rlaroche.philo-cvm.ca\/index.php?rest_route=\/wp\/v2\/pages\/1272","targetHints":{"allow":["GET"]}}],"collection":[{"href":"https:\/\/www.ethique-rlaroche.philo-cvm.ca\/index.php?rest_route=\/wp\/v2\/pages"}],"about":[{"href":"https:\/\/www.ethique-rlaroche.philo-cvm.ca\/index.php?rest_route=\/wp\/v2\/types\/page"}],"author":[{"embeddable":true,"href":"https:\/\/www.ethique-rlaroche.philo-cvm.ca\/index.php?rest_route=\/wp\/v2\/users\/1"}],"replies":[{"embeddable":true,"href":"https:\/\/www.ethique-rlaroche.philo-cvm.ca\/index.php?rest_route=%2Fwp%2Fv2%2Fcomments&post=1272"}],"version-history":[{"count":2,"href":"https:\/\/www.ethique-rlaroche.philo-cvm.ca\/index.php?rest_route=\/wp\/v2\/pages\/1272\/revisions"}],"predecessor-version":[{"id":1415,"href":"https:\/\/www.ethique-rlaroche.philo-cvm.ca\/index.php?rest_route=\/wp\/v2\/pages\/1272\/revisions\/1415"}],"wp:featuredmedia":[{"embeddable":true,"href":"https:\/\/www.ethique-rlaroche.philo-cvm.ca\/index.php?rest_route=\/wp\/v2\/media\/167"}],"wp:attachment":[{"href":"https:\/\/www.ethique-rlaroche.philo-cvm.ca\/index.php?rest_route=%2Fwp%2Fv2%2Fmedia&parent=1272"}],"curies":[{"name":"wp","href":"https:\/\/api.w.org\/{rel}","templated":true}]}}