{"id":1215,"date":"2020-01-10T17:48:02","date_gmt":"2020-01-10T17:48:02","guid":{"rendered":"https:\/\/ethique-rlaroche.profweb.ca\/?page_id=1215"},"modified":"2024-01-23T11:13:50","modified_gmt":"2024-01-23T11:13:50","slug":"plus-dune-question-nous-serons-posees","status":"publish","type":"page","link":"https:\/\/www.ethique-rlaroche.philo-cvm.ca\/","title":{"rendered":"Vue d&rsquo;ensemble"},"content":{"rendered":"\n<h4 class=\"wp-block-heading\">Les hyperliens suivants aident \u00e0 comprendre le caract\u00e8re interactif des rapports entre l&rsquo;espace que repr\u00e9sente le site internet, le contenu du cours et votre participation \u00e0 la dynamique des questionnements qui seront les n\u00f4tres. <\/h4>\n\n\n\n<h3 class=\"wp-block-heading\"><a rel=\"noreferrer noopener\" href=\"http:\/\/www.philo-cvm.ca\/?page_id=4054\" target=\"_blank\">Informations importantes<\/a><\/h3>\n\n\n\n<h3 class=\"wp-block-heading\"><a rel=\"noreferrer noopener\" href=\"http:\/\/www.philo-cvm.ca\/?page_id=4064\" target=\"_blank\">Navigation sur le site<\/a><\/h3>\n\n\n\n<h3 class=\"wp-block-heading\"><a href=\"http:\/\/www.philo-cvm.ca\/?page_id=4058\" target=\"_blank\" rel=\"noreferrer noopener\">Nous constituer en tant que communaut\u00e9<\/a><\/h3>\n\n\n\n<h3 class=\"wp-block-heading\"><a href=\"http:\/\/www.philo-cvm.ca\/?page_id=7391\" target=\"_blank\" rel=\"noreferrer noopener\">D\u00e9roulement du cours Hiver 2024 <\/a><\/h3>\n\n\n\n<h3 class=\"wp-block-heading\"><a href=\"http:\/\/www.philo-cvm.ca\/wp-content\/uploads\/2024\/01\/340-103_R.Laroche_H24-1.pdf\" target=\"_blank\" rel=\"noreferrer noopener\">Plan de cours<\/a><\/h3>\n","protected":false},"excerpt":{"rendered":"<p>Les hyperliens suivants aident \u00e0 comprendre le caract\u00e8re interactif des rapports entre l&rsquo;espace que repr\u00e9sente le site internet, le contenu du cours et votre participation &#8230;<\/p>\n","protected":false},"author":1,"featured_media":30345,"parent":0,"menu_order":0,"comment_status":"closed","ping_status":"closed","template":"","meta":{"footnotes":""},"class_list":["post-1215","page","type-page","status-publish","has-post-thumbnail","hentry"],"_links":{"self":[{"href":"https:\/\/www.ethique-rlaroche.philo-cvm.ca\/index.php?rest_route=\/wp\/v2\/pages\/1215","targetHints":{"allow":["GET"]}}],"collection":[{"href":"https:\/\/www.ethique-rlaroche.philo-cvm.ca\/index.php?rest_route=\/wp\/v2\/pages"}],"about":[{"href":"https:\/\/www.ethique-rlaroche.philo-cvm.ca\/index.php?rest_route=\/wp\/v2\/types\/page"}],"author":[{"embeddable":true,"href":"https:\/\/www.ethique-rlaroche.philo-cvm.ca\/index.php?rest_route=\/wp\/v2\/users\/1"}],"replies":[{"embeddable":true,"href":"https:\/\/www.ethique-rlaroche.philo-cvm.ca\/index.php?rest_route=%2Fwp%2Fv2%2Fcomments&post=1215"}],"version-history":[{"count":51,"href":"https:\/\/www.ethique-rlaroche.philo-cvm.ca\/index.php?rest_route=\/wp\/v2\/pages\/1215\/revisions"}],"predecessor-version":[{"id":32529,"href":"https:\/\/www.ethique-rlaroche.philo-cvm.ca\/index.php?rest_route=\/wp\/v2\/pages\/1215\/revisions\/32529"}],"wp:featuredmedia":[{"embeddable":true,"href":"https:\/\/www.ethique-rlaroche.philo-cvm.ca\/index.php?rest_route=\/wp\/v2\/media\/30345"}],"wp:attachment":[{"href":"https:\/\/www.ethique-rlaroche.philo-cvm.ca\/index.php?rest_route=%2Fwp%2Fv2%2Fmedia&parent=1215"}],"curies":[{"name":"wp","href":"https:\/\/api.w.org\/{rel}","templated":true}]}}