{"id":8328,"date":"2021-01-23T18:15:49","date_gmt":"2021-01-23T18:15:49","guid":{"rendered":"https:\/\/ethique-rlaroche.profweb.ca\/?page_id=8328"},"modified":"2024-01-27T14:01:43","modified_gmt":"2024-01-27T14:01:43","slug":"feminisme-politique-des-sorcieres","status":"publish","type":"page","link":"http:\/\/www.ethique-rlaroche.philo-cvm.ca\/?page_id=8328","title":{"rendered":"F\u00e9minisme, \u00e9cologie et r\u00e9sistance politique"},"content":{"rendered":"\n<figure class=\"wp-block-gallery has-nested-images columns-default is-cropped wp-block-gallery-1 is-layout-flex wp-block-gallery-is-layout-flex\">\n<figure class=\"wp-block-image size-large\"><img loading=\"lazy\" decoding=\"async\" width=\"1000\" height=\"1000\" data-id=\"8366\" src=\"http:\/\/www.philo-cvm.ca\/wp-content\/uploads\/2021\/01\/et-si-les-sorcieres-renaissaient-de-leurs-cendresM212609.jpg\" alt=\"\" class=\"wp-image-8366\" srcset=\"http:\/\/www.ethique-rlaroche.philo-cvm.ca\/wp-content\/uploads\/2021\/01\/et-si-les-sorcieres-renaissaient-de-leurs-cendresM212609.jpg 1000w, http:\/\/www.ethique-rlaroche.philo-cvm.ca\/wp-content\/uploads\/2021\/01\/et-si-les-sorcieres-renaissaient-de-leurs-cendresM212609-300x300.jpg 300w, http:\/\/www.ethique-rlaroche.philo-cvm.ca\/wp-content\/uploads\/2021\/01\/et-si-les-sorcieres-renaissaient-de-leurs-cendresM212609-150x150.jpg 150w, http:\/\/www.ethique-rlaroche.philo-cvm.ca\/wp-content\/uploads\/2021\/01\/et-si-les-sorcieres-renaissaient-de-leurs-cendresM212609-768x768.jpg 768w\" sizes=\"auto, (max-width: 1000px) 100vw, 1000px\" \/><figcaption class=\"wp-element-caption\"><a href=\"http:\/\/www.zones-subversives.com\/2018\/11\/le-feminisme-des-sorcieres.html\" target=\"_blank\" rel=\"noreferrer noopener\">F\u00c9MINISME DES SORCI\u00c8RES<\/a><\/figcaption><\/figure>\n\n\n\n<figure class=\"wp-block-image size-large\"><img loading=\"lazy\" decoding=\"async\" width=\"1024\" height=\"655\" data-id=\"8318\" src=\"http:\/\/www.philo-cvm.ca\/wp-content\/uploads\/2021\/01\/1-_t8jbOefmWQ6xSFLBSbrMA-1024x655.jpeg\" alt=\"\" class=\"wp-image-8318\" srcset=\"http:\/\/www.ethique-rlaroche.philo-cvm.ca\/wp-content\/uploads\/2021\/01\/1-_t8jbOefmWQ6xSFLBSbrMA-1024x655.jpeg 1024w, http:\/\/www.ethique-rlaroche.philo-cvm.ca\/wp-content\/uploads\/2021\/01\/1-_t8jbOefmWQ6xSFLBSbrMA-300x192.jpeg 300w, http:\/\/www.ethique-rlaroche.philo-cvm.ca\/wp-content\/uploads\/2021\/01\/1-_t8jbOefmWQ6xSFLBSbrMA-768x492.jpeg 768w, http:\/\/www.ethique-rlaroche.philo-cvm.ca\/wp-content\/uploads\/2021\/01\/1-_t8jbOefmWQ6xSFLBSbrMA-1536x983.jpeg 1536w, http:\/\/www.ethique-rlaroche.philo-cvm.ca\/wp-content\/uploads\/2021\/01\/1-_t8jbOefmWQ6xSFLBSbrMA.jpeg 1656w\" sizes=\"auto, (max-width: 1024px) 100vw, 1024px\" \/><figcaption class=\"wp-element-caption\"><a rel=\"noreferrer noopener\" href=\"https:\/\/www.cairn.info\/revue-multitudes-2017-2-page-17.htm\" target=\"_blank\">\u00c9COLOGIE<\/a><\/figcaption><\/figure>\n\n\n\n<figure class=\"wp-block-image size-large\"><img loading=\"lazy\" decoding=\"async\" width=\"1024\" height=\"683\" data-id=\"8337\" src=\"http:\/\/www.philo-cvm.ca\/wp-content\/uploads\/2021\/01\/43A4A9E1-1E3C-44F1-A42B-6D6B40AE32CC-1024x683.jpeg\" alt=\"\" class=\"wp-image-8337\" srcset=\"http:\/\/www.ethique-rlaroche.philo-cvm.ca\/wp-content\/uploads\/2021\/01\/43A4A9E1-1E3C-44F1-A42B-6D6B40AE32CC-1024x683.jpeg 1024w, http:\/\/www.ethique-rlaroche.philo-cvm.ca\/wp-content\/uploads\/2021\/01\/43A4A9E1-1E3C-44F1-A42B-6D6B40AE32CC-300x200.jpeg 300w, http:\/\/www.ethique-rlaroche.philo-cvm.ca\/wp-content\/uploads\/2021\/01\/43A4A9E1-1E3C-44F1-A42B-6D6B40AE32CC-768x512.jpeg 768w, http:\/\/www.ethique-rlaroche.philo-cvm.ca\/wp-content\/uploads\/2021\/01\/43A4A9E1-1E3C-44F1-A42B-6D6B40AE32CC.jpeg 1125w\" sizes=\"auto, (max-width: 1024px) 100vw, 1024px\" \/><figcaption class=\"wp-element-caption\"><a rel=\"noreferrer noopener\" href=\"https:\/\/medium.com\/edeni\/la-sorcellerie-se-r%C3%A9volter-contre-le-syst%C3%A8me-de-domination-dhier-%C3%A0-aujourd-hui-18fbf8339a17\" target=\"_blank\">R\u00c9SISTANCE POLITIQUE<\/a><\/figcaption><\/figure>\n<\/figure>\n\n\n\n<h3 class=\"wp-block-heading has-text-align-center\">Comment vous situez-vous dans cet espace public?<\/h3>\n","protected":false},"excerpt":{"rendered":"<p>Comment vous situez-vous dans cet espace public?<\/p>\n","protected":false},"author":1,"featured_media":8363,"parent":0,"menu_order":0,"comment_status":"open","ping_status":"closed","template":"","meta":{"footnotes":""},"class_list":["post-8328","page","type-page","status-publish","has-post-thumbnail","hentry"],"_links":{"self":[{"href":"http:\/\/www.ethique-rlaroche.philo-cvm.ca\/index.php?rest_route=\/wp\/v2\/pages\/8328","targetHints":{"allow":["GET"]}}],"collection":[{"href":"http:\/\/www.ethique-rlaroche.philo-cvm.ca\/index.php?rest_route=\/wp\/v2\/pages"}],"about":[{"href":"http:\/\/www.ethique-rlaroche.philo-cvm.ca\/index.php?rest_route=\/wp\/v2\/types\/page"}],"author":[{"embeddable":true,"href":"http:\/\/www.ethique-rlaroche.philo-cvm.ca\/index.php?rest_route=\/wp\/v2\/users\/1"}],"replies":[{"embeddable":true,"href":"http:\/\/www.ethique-rlaroche.philo-cvm.ca\/index.php?rest_route=%2Fwp%2Fv2%2Fcomments&post=8328"}],"version-history":[{"count":10,"href":"http:\/\/www.ethique-rlaroche.philo-cvm.ca\/index.php?rest_route=\/wp\/v2\/pages\/8328\/revisions"}],"predecessor-version":[{"id":32578,"href":"http:\/\/www.ethique-rlaroche.philo-cvm.ca\/index.php?rest_route=\/wp\/v2\/pages\/8328\/revisions\/32578"}],"wp:featuredmedia":[{"embeddable":true,"href":"http:\/\/www.ethique-rlaroche.philo-cvm.ca\/index.php?rest_route=\/wp\/v2\/media\/8363"}],"wp:attachment":[{"href":"http:\/\/www.ethique-rlaroche.philo-cvm.ca\/index.php?rest_route=%2Fwp%2Fv2%2Fmedia&parent=8328"}],"curies":[{"name":"wp","href":"https:\/\/api.w.org\/{rel}","templated":true}]}}