{"id":8311,"date":"2021-01-23T16:53:54","date_gmt":"2021-01-23T16:53:54","guid":{"rendered":"https:\/\/ethique-rlaroche.profweb.ca\/?page_id=8311"},"modified":"2021-01-24T17:51:49","modified_gmt":"2021-01-24T17:51:49","slug":"imaginaire-et-spiritualite-des-sorcieres","status":"publish","type":"page","link":"http:\/\/www.ethique-rlaroche.philo-cvm.ca\/?page_id=8311","title":{"rendered":"Imaginaire et spiritualit\u00e9 des sorci\u00e8res"},"content":{"rendered":"\n<figure class=\"wp-block-gallery columns-3 is-cropped wp-block-gallery-1 is-layout-flex wp-block-gallery-is-layout-flex\"><ul class=\"blocks-gallery-grid\"><li class=\"blocks-gallery-item\"><figure><img loading=\"lazy\" decoding=\"async\" width=\"466\" height=\"327\" src=\"http:\/\/www.philo-cvm.ca\/wp-content\/uploads\/2021\/01\/Capture-de\u0301cran-le-2020-09-21-a\u0300-12.16.22.png\" alt=\"\" data-id=\"8309\" data-full-url=\"http:\/\/www.philo-cvm.ca\/wp-content\/uploads\/2021\/01\/Capture-de\u0301cran-le-2020-09-21-a\u0300-12.16.22.png\" data-link=\"http:\/\/www.philo-cvm.ca\/?attachment_id=8309\" class=\"wp-image-8309\" srcset=\"http:\/\/www.ethique-rlaroche.philo-cvm.ca\/wp-content\/uploads\/2021\/01\/Capture-de\u0301cran-le-2020-09-21-a\u0300-12.16.22.png 466w, http:\/\/www.ethique-rlaroche.philo-cvm.ca\/wp-content\/uploads\/2021\/01\/Capture-de\u0301cran-le-2020-09-21-a\u0300-12.16.22-300x211.png 300w\" sizes=\"auto, (max-width: 466px) 100vw, 466px\" \/><figcaption class=\"blocks-gallery-item__caption\"><a href=\"https:\/\/cras31.info\/IMG\/pdf\/sorcieres-sages-femmes-et-infirmieres.pdf\" target=\"_blank\" rel=\"noreferrer noopener\">SAGE FEMME<\/a><\/figcaption><\/figure><\/li><li class=\"blocks-gallery-item\"><figure><img loading=\"lazy\" decoding=\"async\" width=\"1000\" height=\"664\" src=\"http:\/\/www.philo-cvm.ca\/wp-content\/uploads\/2021\/01\/65b724_8510584c2d09438f8823104656ffa601mv2_d_2048_1360_s_2.jpg\" alt=\"\" data-id=\"8315\" data-full-url=\"http:\/\/www.philo-cvm.ca\/wp-content\/uploads\/2021\/01\/65b724_8510584c2d09438f8823104656ffa601mv2_d_2048_1360_s_2.jpg\" data-link=\"http:\/\/www.philo-cvm.ca\/?attachment_id=8315\" class=\"wp-image-8315\" srcset=\"http:\/\/www.ethique-rlaroche.philo-cvm.ca\/wp-content\/uploads\/2021\/01\/65b724_8510584c2d09438f8823104656ffa601mv2_d_2048_1360_s_2.jpg 1000w, http:\/\/www.ethique-rlaroche.philo-cvm.ca\/wp-content\/uploads\/2021\/01\/65b724_8510584c2d09438f8823104656ffa601mv2_d_2048_1360_s_2-300x199.jpg 300w, http:\/\/www.ethique-rlaroche.philo-cvm.ca\/wp-content\/uploads\/2021\/01\/65b724_8510584c2d09438f8823104656ffa601mv2_d_2048_1360_s_2-768x510.jpg 768w\" sizes=\"auto, (max-width: 1000px) 100vw, 1000px\" \/><figcaption class=\"blocks-gallery-item__caption\"><a rel=\"noreferrer noopener\" href=\"https:\/\/www.erudit.org\/fr\/revues\/rf\/1990-v3-n2-rf1642\/057609ar.pdf\" target=\"_blank\">PR\u00c8S DE CHEZ VOUS<\/a><\/figcaption><\/figure><\/li><li class=\"blocks-gallery-item\"><figure><img loading=\"lazy\" decoding=\"async\" width=\"400\" height=\"265\" src=\"http:\/\/www.philo-cvm.ca\/wp-content\/uploads\/2021\/01\/ritual-5693341_640-400x265-1.jpg\" alt=\"\" data-id=\"8321\" data-full-url=\"http:\/\/www.philo-cvm.ca\/wp-content\/uploads\/2021\/01\/ritual-5693341_640-400x265-1.jpg\" data-link=\"http:\/\/www.philo-cvm.ca\/?attachment_id=8321\" class=\"wp-image-8321\" srcset=\"http:\/\/www.ethique-rlaroche.philo-cvm.ca\/wp-content\/uploads\/2021\/01\/ritual-5693341_640-400x265-1.jpg 400w, http:\/\/www.ethique-rlaroche.philo-cvm.ca\/wp-content\/uploads\/2021\/01\/ritual-5693341_640-400x265-1-300x199.jpg 300w\" sizes=\"auto, (max-width: 400px) 100vw, 400px\" \/><figcaption class=\"blocks-gallery-item__caption\"><a href=\"https:\/\/www.linflux.com\/monde-societe\/esoterisme\/wicca-religion-des-sorciere\/\" target=\"_blank\" rel=\"noreferrer noopener\">WICCA<\/a><\/figcaption><\/figure><\/li><\/ul><\/figure>\n\n\n\n<h3 class=\"has-text-align-center wp-block-heading\">Est-ce que cet imaginaire \u00e0 caract\u00e8re spirituel lib\u00e8re sa communaut\u00e9 ou s&rsquo;il tend \u00e0 la couper des r\u00e9alit\u00e9s sociales?<\/h3>\n","protected":false},"excerpt":{"rendered":"<p>Est-ce que cet imaginaire \u00e0 caract\u00e8re spirituel lib\u00e8re sa communaut\u00e9 ou s&rsquo;il tend \u00e0 la couper des r\u00e9alit\u00e9s sociales?<\/p>\n","protected":false},"author":1,"featured_media":8323,"parent":0,"menu_order":0,"comment_status":"open","ping_status":"closed","template":"","meta":{"footnotes":""},"class_list":["post-8311","page","type-page","status-publish","has-post-thumbnail","hentry"],"_links":{"self":[{"href":"http:\/\/www.ethique-rlaroche.philo-cvm.ca\/index.php?rest_route=\/wp\/v2\/pages\/8311","targetHints":{"allow":["GET"]}}],"collection":[{"href":"http:\/\/www.ethique-rlaroche.philo-cvm.ca\/index.php?rest_route=\/wp\/v2\/pages"}],"about":[{"href":"http:\/\/www.ethique-rlaroche.philo-cvm.ca\/index.php?rest_route=\/wp\/v2\/types\/page"}],"author":[{"embeddable":true,"href":"http:\/\/www.ethique-rlaroche.philo-cvm.ca\/index.php?rest_route=\/wp\/v2\/users\/1"}],"replies":[{"embeddable":true,"href":"http:\/\/www.ethique-rlaroche.philo-cvm.ca\/index.php?rest_route=%2Fwp%2Fv2%2Fcomments&post=8311"}],"version-history":[{"count":8,"href":"http:\/\/www.ethique-rlaroche.philo-cvm.ca\/index.php?rest_route=\/wp\/v2\/pages\/8311\/revisions"}],"predecessor-version":[{"id":8419,"href":"http:\/\/www.ethique-rlaroche.philo-cvm.ca\/index.php?rest_route=\/wp\/v2\/pages\/8311\/revisions\/8419"}],"wp:featuredmedia":[{"embeddable":true,"href":"http:\/\/www.ethique-rlaroche.philo-cvm.ca\/index.php?rest_route=\/wp\/v2\/media\/8323"}],"wp:attachment":[{"href":"http:\/\/www.ethique-rlaroche.philo-cvm.ca\/index.php?rest_route=%2Fwp%2Fv2%2Fmedia&parent=8311"}],"curies":[{"name":"wp","href":"https:\/\/api.w.org\/{rel}","templated":true}]}}