{"id":8268,"date":"2021-01-22T15:14:10","date_gmt":"2021-01-22T15:14:10","guid":{"rendered":"https:\/\/ethique-rlaroche.profweb.ca\/?page_id=8268"},"modified":"2024-01-27T13:58:09","modified_gmt":"2024-01-27T13:58:09","slug":"circe-femme-fatale","status":"publish","type":"page","link":"http:\/\/www.ethique-rlaroche.philo-cvm.ca\/?page_id=8268","title":{"rendered":"Circ\u00e9 femme fatale"},"content":{"rendered":"\n<figure class=\"wp-block-gallery has-nested-images columns-default is-cropped wp-block-gallery-1 is-layout-flex wp-block-gallery-is-layout-flex\">\n<figure class=\"wp-block-image size-large\"><img loading=\"lazy\" decoding=\"async\" width=\"1024\" height=\"451\" data-id=\"8266\" src=\"http:\/\/www.philo-cvm.ca\/wp-content\/uploads\/2021\/01\/WYR_BMGH_1902_003-1024x451.jpg\" alt=\"\" class=\"wp-image-8266\" srcset=\"http:\/\/www.ethique-rlaroche.philo-cvm.ca\/wp-content\/uploads\/2021\/01\/WYR_BMGH_1902_003-1024x451.jpg 1024w, http:\/\/www.ethique-rlaroche.philo-cvm.ca\/wp-content\/uploads\/2021\/01\/WYR_BMGH_1902_003-300x132.jpg 300w, http:\/\/www.ethique-rlaroche.philo-cvm.ca\/wp-content\/uploads\/2021\/01\/WYR_BMGH_1902_003-768x339.jpg 768w, http:\/\/www.ethique-rlaroche.philo-cvm.ca\/wp-content\/uploads\/2021\/01\/WYR_BMGH_1902_003.jpg 1200w\" sizes=\"auto, (max-width: 1024px) 100vw, 1024px\" \/><figcaption class=\"wp-element-caption\"><a href=\"https:\/\/compediart.com\/index.php\/2018\/06\/16\/la-premieres-des-femmes-fatales-circe\/\" target=\"_blank\" rel=\"noreferrer noopener\">MYTHOLOGIE<\/a><\/figcaption><\/figure>\n\n\n\n<figure class=\"wp-block-image size-large\"><img loading=\"lazy\" decoding=\"async\" width=\"1024\" height=\"538\" data-id=\"8264\" src=\"http:\/\/www.philo-cvm.ca\/wp-content\/uploads\/2021\/01\/764376-michelle-pfeiffer-est-la-sorciere-opengraph_1200-1-1-1024x538.jpg\" alt=\"\" class=\"wp-image-8264\" srcset=\"http:\/\/www.ethique-rlaroche.philo-cvm.ca\/wp-content\/uploads\/2021\/01\/764376-michelle-pfeiffer-est-la-sorciere-opengraph_1200-1-1-1024x538.jpg 1024w, http:\/\/www.ethique-rlaroche.philo-cvm.ca\/wp-content\/uploads\/2021\/01\/764376-michelle-pfeiffer-est-la-sorciere-opengraph_1200-1-1-300x158.jpg 300w, http:\/\/www.ethique-rlaroche.philo-cvm.ca\/wp-content\/uploads\/2021\/01\/764376-michelle-pfeiffer-est-la-sorciere-opengraph_1200-1-1-768x403.jpg 768w, http:\/\/www.ethique-rlaroche.philo-cvm.ca\/wp-content\/uploads\/2021\/01\/764376-michelle-pfeiffer-est-la-sorciere-opengraph_1200-1-1.jpg 1200w\" sizes=\"auto, (max-width: 1024px) 100vw, 1024px\" \/><figcaption class=\"wp-element-caption\"><a href=\"https:\/\/madame.lefigaro.fr\/celebrites\/michelle-pfeiffer-l-eternelle-beaute-cest-assommant-301007-10029\" target=\"_blank\" rel=\"noreferrer noopener\">ACTRICE<\/a><\/figcaption><\/figure>\n\n\n\n<figure class=\"wp-block-image size-large\"><img loading=\"lazy\" decoding=\"async\" width=\"1024\" height=\"576\" data-id=\"8265\" src=\"http:\/\/www.philo-cvm.ca\/wp-content\/uploads\/2021\/01\/image-3-1024x576.png\" alt=\"\" class=\"wp-image-8265\" srcset=\"http:\/\/www.ethique-rlaroche.philo-cvm.ca\/wp-content\/uploads\/2021\/01\/image-3-1024x576.png 1024w, http:\/\/www.ethique-rlaroche.philo-cvm.ca\/wp-content\/uploads\/2021\/01\/image-3-300x169.png 300w, http:\/\/www.ethique-rlaroche.philo-cvm.ca\/wp-content\/uploads\/2021\/01\/image-3-768x432.png 768w, http:\/\/www.ethique-rlaroche.philo-cvm.ca\/wp-content\/uploads\/2021\/01\/image-3.png 1280w\" sizes=\"auto, (max-width: 1024px) 100vw, 1024px\" \/><figcaption class=\"wp-element-caption\"><a href=\"https:\/\/adhoc.hypotheses.org\/ad-hoc-n4-la-figure\/la-femme-fatale-essai-de-caracterisation-dune-figure-symboliste\" target=\"_blank\" rel=\"noreferrer noopener\">FEMME FATALE<\/a><\/figcaption><\/figure>\n<\/figure>\n\n\n\n<h3 class=\"wp-block-heading has-text-align-center\">Qu&rsquo;est-ce qui d\u00e9finit le rapport entre f\u00e9minit\u00e9, beaut\u00e9 et fatalit\u00e9?<\/h3>\n","protected":false},"excerpt":{"rendered":"<p>Qu&rsquo;est-ce qui d\u00e9finit le rapport entre f\u00e9minit\u00e9, beaut\u00e9 et fatalit\u00e9?<\/p>\n","protected":false},"author":1,"featured_media":8267,"parent":0,"menu_order":0,"comment_status":"open","ping_status":"closed","template":"","meta":{"footnotes":""},"class_list":["post-8268","page","type-page","status-publish","has-post-thumbnail","hentry"],"_links":{"self":[{"href":"http:\/\/www.ethique-rlaroche.philo-cvm.ca\/index.php?rest_route=\/wp\/v2\/pages\/8268","targetHints":{"allow":["GET"]}}],"collection":[{"href":"http:\/\/www.ethique-rlaroche.philo-cvm.ca\/index.php?rest_route=\/wp\/v2\/pages"}],"about":[{"href":"http:\/\/www.ethique-rlaroche.philo-cvm.ca\/index.php?rest_route=\/wp\/v2\/types\/page"}],"author":[{"embeddable":true,"href":"http:\/\/www.ethique-rlaroche.philo-cvm.ca\/index.php?rest_route=\/wp\/v2\/users\/1"}],"replies":[{"embeddable":true,"href":"http:\/\/www.ethique-rlaroche.philo-cvm.ca\/index.php?rest_route=%2Fwp%2Fv2%2Fcomments&post=8268"}],"version-history":[{"count":5,"href":"http:\/\/www.ethique-rlaroche.philo-cvm.ca\/index.php?rest_route=\/wp\/v2\/pages\/8268\/revisions"}],"predecessor-version":[{"id":32577,"href":"http:\/\/www.ethique-rlaroche.philo-cvm.ca\/index.php?rest_route=\/wp\/v2\/pages\/8268\/revisions\/32577"}],"wp:featuredmedia":[{"embeddable":true,"href":"http:\/\/www.ethique-rlaroche.philo-cvm.ca\/index.php?rest_route=\/wp\/v2\/media\/8267"}],"wp:attachment":[{"href":"http:\/\/www.ethique-rlaroche.philo-cvm.ca\/index.php?rest_route=%2Fwp%2Fv2%2Fmedia&parent=8268"}],"curies":[{"name":"wp","href":"https:\/\/api.w.org\/{rel}","templated":true}]}}