{"id":826,"date":"2019-09-27T12:53:39","date_gmt":"2019-09-27T12:53:39","guid":{"rendered":"https:\/\/ethique-rlaroche.profweb.ca\/?page_id=826"},"modified":"2019-09-28T13:37:05","modified_gmt":"2019-09-28T13:37:05","slug":"walzer-6","status":"publish","type":"page","link":"http:\/\/www.ethique-rlaroche.philo-cvm.ca\/?page_id=826","title":{"rendered":"Walzer"},"content":{"rendered":"\n<blockquote class=\"wp-block-quote is-layout-flow wp-block-quote-is-layout-flow\"><p>Nous, lib\u00e9raux, sommes libres de choisir, et nous avons le droit de choisir ; mais aucun crit\u00e8re, si ce n\u2019est notre interpr\u00e9tation toute personnelle de nos propres d\u00e9sirs et int\u00e9r\u00eats, ne nous aide \u00e0 guider nos choix. Nos choix manquent de ce fait de coh\u00e9rence et de logique. Nous arrivons \u00e0 peine \u00e0 nous rappeler ce que nous avons fait la veille ; nous ne pouvons dire avec certitude ce que nous ferons demain. Nous ne pouvons pas correctement rendre compte de nous-m\u00eames. <\/p><\/blockquote>\n\n\n\n<p style=\"text-align:center\"><a href=\"http:\/\/www.philo-cvm.ca\/?page_id=688\">HOP<\/a><\/p>\n\n\n\n<p style=\"text-align:center\"><a href=\"http:\/\/www.philo-cvm.ca\/?page_id=823\">HIP<\/a><\/p>\n","protected":false},"excerpt":{"rendered":"<p>Nous, lib\u00e9raux, sommes libres de choisir, et nous avons le droit de choisir ; mais aucun crit\u00e8re, si ce n\u2019est notre interpr\u00e9tation toute personnelle de &#8230;<\/p>\n","protected":false},"author":1,"featured_media":567,"parent":0,"menu_order":0,"comment_status":"closed","ping_status":"closed","template":"","meta":{"footnotes":""},"class_list":["post-826","page","type-page","status-publish","has-post-thumbnail","hentry"],"_links":{"self":[{"href":"http:\/\/www.ethique-rlaroche.philo-cvm.ca\/index.php?rest_route=\/wp\/v2\/pages\/826","targetHints":{"allow":["GET"]}}],"collection":[{"href":"http:\/\/www.ethique-rlaroche.philo-cvm.ca\/index.php?rest_route=\/wp\/v2\/pages"}],"about":[{"href":"http:\/\/www.ethique-rlaroche.philo-cvm.ca\/index.php?rest_route=\/wp\/v2\/types\/page"}],"author":[{"embeddable":true,"href":"http:\/\/www.ethique-rlaroche.philo-cvm.ca\/index.php?rest_route=\/wp\/v2\/users\/1"}],"replies":[{"embeddable":true,"href":"http:\/\/www.ethique-rlaroche.philo-cvm.ca\/index.php?rest_route=%2Fwp%2Fv2%2Fcomments&post=826"}],"version-history":[{"count":3,"href":"http:\/\/www.ethique-rlaroche.philo-cvm.ca\/index.php?rest_route=\/wp\/v2\/pages\/826\/revisions"}],"predecessor-version":[{"id":842,"href":"http:\/\/www.ethique-rlaroche.philo-cvm.ca\/index.php?rest_route=\/wp\/v2\/pages\/826\/revisions\/842"}],"wp:featuredmedia":[{"embeddable":true,"href":"http:\/\/www.ethique-rlaroche.philo-cvm.ca\/index.php?rest_route=\/wp\/v2\/media\/567"}],"wp:attachment":[{"href":"http:\/\/www.ethique-rlaroche.philo-cvm.ca\/index.php?rest_route=%2Fwp%2Fv2%2Fmedia&parent=826"}],"curies":[{"name":"wp","href":"https:\/\/api.w.org\/{rel}","templated":true}]}}