{"id":8246,"date":"2021-01-21T19:37:55","date_gmt":"2021-01-21T19:37:55","guid":{"rendered":"https:\/\/ethique-rlaroche.profweb.ca\/?page_id=8246"},"modified":"2021-01-23T15:01:12","modified_gmt":"2021-01-23T15:01:12","slug":"representation-picturale-de-la-sorciere","status":"publish","type":"page","link":"http:\/\/www.ethique-rlaroche.philo-cvm.ca\/?page_id=8246","title":{"rendered":"L&rsquo;art pictural et la sorci\u00e8re"},"content":{"rendered":"\n<figure class=\"wp-block-gallery columns-3 is-cropped wp-block-gallery-1 is-layout-flex wp-block-gallery-is-layout-flex\"><ul class=\"blocks-gallery-grid\"><li class=\"blocks-gallery-item\"><figure><img loading=\"lazy\" decoding=\"async\" width=\"1024\" height=\"816\" src=\"http:\/\/www.philo-cvm.ca\/wp-content\/uploads\/2021\/01\/le-cauchemar-1024x816.png\" alt=\"\" data-id=\"8243\" data-full-url=\"http:\/\/www.philo-cvm.ca\/wp-content\/uploads\/2021\/01\/le-cauchemar.png\" data-link=\"http:\/\/www.philo-cvm.ca\/?attachment_id=8243\" class=\"wp-image-8243\" srcset=\"http:\/\/www.ethique-rlaroche.philo-cvm.ca\/wp-content\/uploads\/2021\/01\/le-cauchemar-1024x816.png 1024w, http:\/\/www.ethique-rlaroche.philo-cvm.ca\/wp-content\/uploads\/2021\/01\/le-cauchemar-300x239.png 300w, http:\/\/www.ethique-rlaroche.philo-cvm.ca\/wp-content\/uploads\/2021\/01\/le-cauchemar-768x612.png 768w, http:\/\/www.ethique-rlaroche.philo-cvm.ca\/wp-content\/uploads\/2021\/01\/le-cauchemar.png 1029w\" sizes=\"auto, (max-width: 1024px) 100vw, 1024px\" \/><figcaption class=\"blocks-gallery-item__caption\"><a href=\"http:\/\/tpe-sorcellerie.blogspot.com\/2016\/01\/onglet-2.html\" target=\"_blank\" rel=\"noreferrer noopener\">Au fil des si\u00e8cles<\/a><\/figcaption><\/figure><\/li><li class=\"blocks-gallery-item\"><figure><img loading=\"lazy\" decoding=\"async\" width=\"1024\" height=\"576\" src=\"http:\/\/www.philo-cvm.ca\/wp-content\/uploads\/2021\/01\/cda_actu_diapo_sorcieres_francken-tt-width-1200-height-675-fill-1-crop-0-bgcolor-333333-1024x576.jpg\" alt=\"\" data-id=\"8247\" data-full-url=\"http:\/\/www.philo-cvm.ca\/wp-content\/uploads\/2021\/01\/cda_actu_diapo_sorcieres_francken-tt-width-1200-height-675-fill-1-crop-0-bgcolor-333333.jpg\" data-link=\"http:\/\/www.philo-cvm.ca\/?attachment_id=8247\" class=\"wp-image-8247\" srcset=\"http:\/\/www.ethique-rlaroche.philo-cvm.ca\/wp-content\/uploads\/2021\/01\/cda_actu_diapo_sorcieres_francken-tt-width-1200-height-675-fill-1-crop-0-bgcolor-333333-1024x576.jpg 1024w, http:\/\/www.ethique-rlaroche.philo-cvm.ca\/wp-content\/uploads\/2021\/01\/cda_actu_diapo_sorcieres_francken-tt-width-1200-height-675-fill-1-crop-0-bgcolor-333333-300x169.jpg 300w, http:\/\/www.ethique-rlaroche.philo-cvm.ca\/wp-content\/uploads\/2021\/01\/cda_actu_diapo_sorcieres_francken-tt-width-1200-height-675-fill-1-crop-0-bgcolor-333333-768x432.jpg 768w, http:\/\/www.ethique-rlaroche.philo-cvm.ca\/wp-content\/uploads\/2021\/01\/cda_actu_diapo_sorcieres_francken-tt-width-1200-height-675-fill-1-crop-0-bgcolor-333333.jpg 1200w\" sizes=\"auto, (max-width: 1024px) 100vw, 1024px\" \/><figcaption class=\"blocks-gallery-item__caption\"><a href=\"https:\/\/www.connaissancedesarts.com\/arts-expositions\/bosch-goya-michel-ange-15-sorcieres-qui-enchantent-lhistoire-de-lart-11147902\/\" target=\"_blank\" rel=\"noreferrer noopener\">Enchantement de l&rsquo;art<\/a><\/figcaption><\/figure><\/li><li class=\"blocks-gallery-item\"><figure><img loading=\"lazy\" decoding=\"async\" width=\"1024\" height=\"543\" src=\"http:\/\/www.philo-cvm.ca\/wp-content\/uploads\/2021\/01\/anton-joseph-von-prenner-1728.-le-sabbat-des-sorcic3a8res-1024x543.png\" alt=\"\" data-id=\"8248\" data-full-url=\"http:\/\/www.philo-cvm.ca\/wp-content\/uploads\/2021\/01\/anton-joseph-von-prenner-1728.-le-sabbat-des-sorcic3a8res.png\" data-link=\"http:\/\/www.philo-cvm.ca\/?attachment_id=8248\" class=\"wp-image-8248\" srcset=\"http:\/\/www.ethique-rlaroche.philo-cvm.ca\/wp-content\/uploads\/2021\/01\/anton-joseph-von-prenner-1728.-le-sabbat-des-sorcic3a8res-1024x543.png 1024w, http:\/\/www.ethique-rlaroche.philo-cvm.ca\/wp-content\/uploads\/2021\/01\/anton-joseph-von-prenner-1728.-le-sabbat-des-sorcic3a8res-300x159.png 300w, http:\/\/www.ethique-rlaroche.philo-cvm.ca\/wp-content\/uploads\/2021\/01\/anton-joseph-von-prenner-1728.-le-sabbat-des-sorcic3a8res-768x408.png 768w, http:\/\/www.ethique-rlaroche.philo-cvm.ca\/wp-content\/uploads\/2021\/01\/anton-joseph-von-prenner-1728.-le-sabbat-des-sorcic3a8res.png 1447w\" sizes=\"auto, (max-width: 1024px) 100vw, 1024px\" \/><figcaption class=\"blocks-gallery-item__caption\"><a href=\"https:\/\/savoirsdhistoire.wordpress.com\/2020\/04\/30\/la-nuit-de-walpurgis-et-le-sabbat-des-sorcieres\/\" target=\"_blank\" rel=\"noreferrer noopener\">La nuit de Walpurgis<\/a><\/figcaption><\/figure><\/li><\/ul><\/figure>\n\n\n\n<h3 class=\"has-text-align-center wp-block-heading\">Dans les gravures et la peinture, la repr\u00e9sentation de la sorci\u00e8re n&rsquo;est pas la m\u00eame que celle rencontr\u00e9e au cin\u00e9ma ou dans les histoires pour enfants. Formulez des hypoth\u00e8ses permettant d&rsquo;expliquer la diff\u00e9rence. <\/h3>\n","protected":false},"excerpt":{"rendered":"<p>Dans les gravures et la peinture, la repr\u00e9sentation de la sorci\u00e8re n&rsquo;est pas la m\u00eame que celle rencontr\u00e9e au cin\u00e9ma ou dans les histoires pour &#8230;<\/p>\n","protected":false},"author":1,"featured_media":4570,"parent":0,"menu_order":0,"comment_status":"open","ping_status":"closed","template":"","meta":{"footnotes":""},"class_list":["post-8246","page","type-page","status-publish","has-post-thumbnail","hentry"],"_links":{"self":[{"href":"http:\/\/www.ethique-rlaroche.philo-cvm.ca\/index.php?rest_route=\/wp\/v2\/pages\/8246","targetHints":{"allow":["GET"]}}],"collection":[{"href":"http:\/\/www.ethique-rlaroche.philo-cvm.ca\/index.php?rest_route=\/wp\/v2\/pages"}],"about":[{"href":"http:\/\/www.ethique-rlaroche.philo-cvm.ca\/index.php?rest_route=\/wp\/v2\/types\/page"}],"author":[{"embeddable":true,"href":"http:\/\/www.ethique-rlaroche.philo-cvm.ca\/index.php?rest_route=\/wp\/v2\/users\/1"}],"replies":[{"embeddable":true,"href":"http:\/\/www.ethique-rlaroche.philo-cvm.ca\/index.php?rest_route=%2Fwp%2Fv2%2Fcomments&post=8246"}],"version-history":[{"count":5,"href":"http:\/\/www.ethique-rlaroche.philo-cvm.ca\/index.php?rest_route=\/wp\/v2\/pages\/8246\/revisions"}],"predecessor-version":[{"id":8259,"href":"http:\/\/www.ethique-rlaroche.philo-cvm.ca\/index.php?rest_route=\/wp\/v2\/pages\/8246\/revisions\/8259"}],"wp:featuredmedia":[{"embeddable":true,"href":"http:\/\/www.ethique-rlaroche.philo-cvm.ca\/index.php?rest_route=\/wp\/v2\/media\/4570"}],"wp:attachment":[{"href":"http:\/\/www.ethique-rlaroche.philo-cvm.ca\/index.php?rest_route=%2Fwp%2Fv2%2Fmedia&parent=8246"}],"curies":[{"name":"wp","href":"https:\/\/api.w.org\/{rel}","templated":true}]}}