{"id":8234,"date":"2021-01-21T15:52:18","date_gmt":"2021-01-21T15:52:18","guid":{"rendered":"https:\/\/ethique-rlaroche.profweb.ca\/?page_id=8234"},"modified":"2021-01-25T13:37:49","modified_gmt":"2021-01-25T13:37:49","slug":"sorcieres-au-cinema","status":"publish","type":"page","link":"http:\/\/www.ethique-rlaroche.philo-cvm.ca\/?page_id=8234","title":{"rendered":"Sorci\u00e8res au cin\u00e9ma"},"content":{"rendered":"\n<figure class=\"wp-block-gallery columns-3 is-cropped wp-block-gallery-1 is-layout-flex wp-block-gallery-is-layout-flex\"><ul class=\"blocks-gallery-grid\"><li class=\"blocks-gallery-item\"><figure><img loading=\"lazy\" decoding=\"async\" width=\"1024\" height=\"556\" src=\"http:\/\/www.philo-cvm.ca\/wp-content\/uploads\/2021\/01\/photo_blanche_neige_et_le_chasseur_snow_white_and_the_huntsman_2011_3_jpg_2547_north_1200x_white-1024x556.jpg\" alt=\"\" data-id=\"8230\" data-full-url=\"http:\/\/www.philo-cvm.ca\/wp-content\/uploads\/2021\/01\/photo_blanche_neige_et_le_chasseur_snow_white_and_the_huntsman_2011_3_jpg_2547_north_1200x_white.jpg\" data-link=\"http:\/\/www.philo-cvm.ca\/?attachment_id=8230\" class=\"wp-image-8230\" srcset=\"http:\/\/www.ethique-rlaroche.philo-cvm.ca\/wp-content\/uploads\/2021\/01\/photo_blanche_neige_et_le_chasseur_snow_white_and_the_huntsman_2011_3_jpg_2547_north_1200x_white-1024x556.jpg 1024w, http:\/\/www.ethique-rlaroche.philo-cvm.ca\/wp-content\/uploads\/2021\/01\/photo_blanche_neige_et_le_chasseur_snow_white_and_the_huntsman_2011_3_jpg_2547_north_1200x_white-300x163.jpg 300w, http:\/\/www.ethique-rlaroche.philo-cvm.ca\/wp-content\/uploads\/2021\/01\/photo_blanche_neige_et_le_chasseur_snow_white_and_the_huntsman_2011_3_jpg_2547_north_1200x_white-768x417.jpg 768w, http:\/\/www.ethique-rlaroche.philo-cvm.ca\/wp-content\/uploads\/2021\/01\/photo_blanche_neige_et_le_chasseur_snow_white_and_the_huntsman_2011_3_jpg_2547_north_1200x_white.jpg 1200w\" sizes=\"auto, (max-width: 1024px) 100vw, 1024px\" \/><figcaption class=\"blocks-gallery-item__caption\"><a href=\"https:\/\/www.vanityfair.fr\/culture\/ecrans\/diaporama\/les-sorcieres-au-cinema\/18699\" target=\"_blank\" rel=\"noreferrer noopener\">Sorci\u00e8res bien aim\u00e9es<\/a><\/figcaption><\/figure><\/li><li class=\"blocks-gallery-item\"><figure><img loading=\"lazy\" decoding=\"async\" width=\"750\" height=\"500\" src=\"http:\/\/www.philo-cvm.ca\/wp-content\/uploads\/2021\/01\/sorciere.jpg\" alt=\"\" data-id=\"8231\" data-full-url=\"http:\/\/www.philo-cvm.ca\/wp-content\/uploads\/2021\/01\/sorciere.jpg\" data-link=\"http:\/\/www.philo-cvm.ca\/?attachment_id=8231\" class=\"wp-image-8231\" srcset=\"http:\/\/www.ethique-rlaroche.philo-cvm.ca\/wp-content\/uploads\/2021\/01\/sorciere.jpg 750w, http:\/\/www.ethique-rlaroche.philo-cvm.ca\/wp-content\/uploads\/2021\/01\/sorciere-300x200.jpg 300w\" sizes=\"auto, (max-width: 750px) 100vw, 750px\" \/><figcaption class=\"blocks-gallery-item__caption\"><a href=\"https:\/\/www.lesinrocks.com\/2016\/06\/18\/cinema\/actualite-cinema\/sorciere-cinema-series-15-dates-cles\/\" target=\"_blank\" rel=\"noreferrer noopener\">15 dates cl\u00e9s<\/a><\/figcaption><\/figure><\/li><li class=\"blocks-gallery-item\"><figure><img loading=\"lazy\" decoding=\"async\" width=\"1024\" height=\"731\" src=\"http:\/\/www.philo-cvm.ca\/wp-content\/uploads\/2021\/01\/hocus-pocus-film-halloween-1024x731.jpg\" alt=\"\" data-id=\"8232\" data-full-url=\"http:\/\/www.philo-cvm.ca\/wp-content\/uploads\/2021\/01\/hocus-pocus-film-halloween.jpg\" data-link=\"http:\/\/www.philo-cvm.ca\/?attachment_id=8232\" class=\"wp-image-8232\" srcset=\"http:\/\/www.ethique-rlaroche.philo-cvm.ca\/wp-content\/uploads\/2021\/01\/hocus-pocus-film-halloween-1024x731.jpg 1024w, http:\/\/www.ethique-rlaroche.philo-cvm.ca\/wp-content\/uploads\/2021\/01\/hocus-pocus-film-halloween-300x214.jpg 300w, http:\/\/www.ethique-rlaroche.philo-cvm.ca\/wp-content\/uploads\/2021\/01\/hocus-pocus-film-halloween-768x548.jpg 768w, http:\/\/www.ethique-rlaroche.philo-cvm.ca\/wp-content\/uploads\/2021\/01\/hocus-pocus-film-halloween.jpg 1375w\" sizes=\"auto, (max-width: 1024px) 100vw, 1024px\" \/><figcaption class=\"blocks-gallery-item__caption\"><a href=\"https:\/\/www.vogue.fr\/culture\/article\/sorciere-au-cinema\" target=\"_blank\" rel=\"noreferrer noopener\">Meilleurs films<\/a><\/figcaption><\/figure><\/li><\/ul><\/figure>\n\n\n\n<h3 class=\"has-text-align-center wp-block-heading\">Quelle fonction joue le cin\u00e9ma quant \u00e0 la transformation de l&rsquo;image de la sorci\u00e8re?<\/h3>\n","protected":false},"excerpt":{"rendered":"<p>Quelle fonction joue le cin\u00e9ma quant \u00e0 la transformation de l&rsquo;image de la sorci\u00e8re?<\/p>\n","protected":false},"author":1,"featured_media":8235,"parent":0,"menu_order":0,"comment_status":"open","ping_status":"closed","template":"","meta":{"footnotes":""},"class_list":["post-8234","page","type-page","status-publish","has-post-thumbnail","hentry"],"_links":{"self":[{"href":"http:\/\/www.ethique-rlaroche.philo-cvm.ca\/index.php?rest_route=\/wp\/v2\/pages\/8234","targetHints":{"allow":["GET"]}}],"collection":[{"href":"http:\/\/www.ethique-rlaroche.philo-cvm.ca\/index.php?rest_route=\/wp\/v2\/pages"}],"about":[{"href":"http:\/\/www.ethique-rlaroche.philo-cvm.ca\/index.php?rest_route=\/wp\/v2\/types\/page"}],"author":[{"embeddable":true,"href":"http:\/\/www.ethique-rlaroche.philo-cvm.ca\/index.php?rest_route=\/wp\/v2\/users\/1"}],"replies":[{"embeddable":true,"href":"http:\/\/www.ethique-rlaroche.philo-cvm.ca\/index.php?rest_route=%2Fwp%2Fv2%2Fcomments&post=8234"}],"version-history":[{"count":5,"href":"http:\/\/www.ethique-rlaroche.philo-cvm.ca\/index.php?rest_route=\/wp\/v2\/pages\/8234\/revisions"}],"predecessor-version":[{"id":8424,"href":"http:\/\/www.ethique-rlaroche.philo-cvm.ca\/index.php?rest_route=\/wp\/v2\/pages\/8234\/revisions\/8424"}],"wp:featuredmedia":[{"embeddable":true,"href":"http:\/\/www.ethique-rlaroche.philo-cvm.ca\/index.php?rest_route=\/wp\/v2\/media\/8235"}],"wp:attachment":[{"href":"http:\/\/www.ethique-rlaroche.philo-cvm.ca\/index.php?rest_route=%2Fwp%2Fv2%2Fmedia&parent=8234"}],"curies":[{"name":"wp","href":"https:\/\/api.w.org\/{rel}","templated":true}]}}