{"id":823,"date":"2019-09-27T12:47:43","date_gmt":"2019-09-27T12:47:43","guid":{"rendered":"https:\/\/ethique-rlaroche.profweb.ca\/?page_id=823"},"modified":"2019-09-28T13:41:33","modified_gmt":"2019-09-28T13:41:33","slug":"larmore-5","status":"publish","type":"page","link":"http:\/\/www.ethique-rlaroche.philo-cvm.ca\/?page_id=823","title":{"rendered":"Larmore"},"content":{"rendered":"\n<blockquote class=\"wp-block-quote is-layout-flow wp-block-quote-is-layout-flow\"><p>Le fait d\u2019\u00eatre raisonnable, c\u2019est-\u00e0-dire de penser et de converser de bonne foi et en faisant appel, du mieux que l\u2019on peut, aux capacit\u00e9s g\u00e9n\u00e9rales de la raison qui interviennent dans tous les domaines d\u2019investigation, a cess\u00e9 d\u2019\u00eatre consid\u00e9r\u00e9 comme une garantie d\u2019unanimit\u00e9.&nbsp; <\/p><\/blockquote>\n\n\n\n<p style=\"text-align:center\"><a href=\"http:\/\/www.philo-cvm.ca\/?page_id=826\">HIP<\/a><\/p>\n\n\n\n<p style=\"text-align:center\"><a href=\"http:\/\/www.philo-cvm.ca\/?page_id=702\">HOP<\/a><\/p>\n","protected":false},"excerpt":{"rendered":"<p>Le fait d\u2019\u00eatre raisonnable, c\u2019est-\u00e0-dire de penser et de converser de bonne foi et en faisant appel, du mieux que l\u2019on peut, aux capacit\u00e9s g\u00e9n\u00e9rales &#8230;<\/p>\n","protected":false},"author":1,"featured_media":557,"parent":0,"menu_order":0,"comment_status":"closed","ping_status":"closed","template":"","meta":{"footnotes":""},"class_list":["post-823","page","type-page","status-publish","has-post-thumbnail","hentry"],"_links":{"self":[{"href":"http:\/\/www.ethique-rlaroche.philo-cvm.ca\/index.php?rest_route=\/wp\/v2\/pages\/823","targetHints":{"allow":["GET"]}}],"collection":[{"href":"http:\/\/www.ethique-rlaroche.philo-cvm.ca\/index.php?rest_route=\/wp\/v2\/pages"}],"about":[{"href":"http:\/\/www.ethique-rlaroche.philo-cvm.ca\/index.php?rest_route=\/wp\/v2\/types\/page"}],"author":[{"embeddable":true,"href":"http:\/\/www.ethique-rlaroche.philo-cvm.ca\/index.php?rest_route=\/wp\/v2\/users\/1"}],"replies":[{"embeddable":true,"href":"http:\/\/www.ethique-rlaroche.philo-cvm.ca\/index.php?rest_route=%2Fwp%2Fv2%2Fcomments&post=823"}],"version-history":[{"count":3,"href":"http:\/\/www.ethique-rlaroche.philo-cvm.ca\/index.php?rest_route=\/wp\/v2\/pages\/823\/revisions"}],"predecessor-version":[{"id":843,"href":"http:\/\/www.ethique-rlaroche.philo-cvm.ca\/index.php?rest_route=\/wp\/v2\/pages\/823\/revisions\/843"}],"wp:featuredmedia":[{"embeddable":true,"href":"http:\/\/www.ethique-rlaroche.philo-cvm.ca\/index.php?rest_route=\/wp\/v2\/media\/557"}],"wp:attachment":[{"href":"http:\/\/www.ethique-rlaroche.philo-cvm.ca\/index.php?rest_route=%2Fwp%2Fv2%2Fmedia&parent=823"}],"curies":[{"name":"wp","href":"https:\/\/api.w.org\/{rel}","templated":true}]}}