{"id":8213,"date":"2021-01-21T15:12:18","date_gmt":"2021-01-21T15:12:18","guid":{"rendered":"https:\/\/ethique-rlaroche.profweb.ca\/?page_id=8213"},"modified":"2021-01-25T13:34:20","modified_gmt":"2021-01-25T13:34:20","slug":"sorcieres-et-enfance","status":"publish","type":"page","link":"http:\/\/www.ethique-rlaroche.philo-cvm.ca\/?page_id=8213","title":{"rendered":"Sorci\u00e8res et enfance"},"content":{"rendered":"\n<figure class=\"wp-block-gallery columns-3 is-cropped wp-block-gallery-1 is-layout-flex wp-block-gallery-is-layout-flex\"><ul class=\"blocks-gallery-grid\"><li class=\"blocks-gallery-item\"><figure><img loading=\"lazy\" decoding=\"async\" width=\"1024\" height=\"576\" src=\"http:\/\/www.philo-cvm.ca\/wp-content\/uploads\/2021\/01\/kiki-1024x576.jpg\" alt=\"\" data-id=\"8210\" data-full-url=\"http:\/\/www.philo-cvm.ca\/wp-content\/uploads\/2021\/01\/kiki.jpg\" data-link=\"http:\/\/www.philo-cvm.ca\/?attachment_id=8210\" class=\"wp-image-8210\" srcset=\"http:\/\/www.ethique-rlaroche.philo-cvm.ca\/wp-content\/uploads\/2021\/01\/kiki-1024x576.jpg 1024w, http:\/\/www.ethique-rlaroche.philo-cvm.ca\/wp-content\/uploads\/2021\/01\/kiki-300x169.jpg 300w, http:\/\/www.ethique-rlaroche.philo-cvm.ca\/wp-content\/uploads\/2021\/01\/kiki-768x432.jpg 768w, http:\/\/www.ethique-rlaroche.philo-cvm.ca\/wp-content\/uploads\/2021\/01\/kiki.jpg 1280w\" sizes=\"auto, (max-width: 1024px) 100vw, 1024px\" \/><figcaption class=\"blocks-gallery-item__caption\"><a href=\"https:\/\/www.premiere.fr\/Cinema\/News-Cinema\/Kiki-la-petite-sorciere-chronique-de-limmensite-de-lenfance--critique\" target=\"_blank\" rel=\"noreferrer noopener\">Kiki La petite sorci\u00e8re<\/a><\/figcaption><\/figure><\/li><li class=\"blocks-gallery-item\"><figure><img loading=\"lazy\" decoding=\"async\" width=\"759\" height=\"1024\" src=\"http:\/\/www.philo-cvm.ca\/wp-content\/uploads\/2021\/01\/solotareff_3_sorcieres_vign_2_0-1-759x1024.jpg\" alt=\"\" data-id=\"8220\" data-full-url=\"http:\/\/www.philo-cvm.ca\/wp-content\/uploads\/2021\/01\/solotareff_3_sorcieres_vign_2_0-1.jpg\" data-link=\"http:\/\/www.philo-cvm.ca\/?attachment_id=8220\" class=\"wp-image-8220\" srcset=\"http:\/\/www.ethique-rlaroche.philo-cvm.ca\/wp-content\/uploads\/2021\/01\/solotareff_3_sorcieres_vign_2_0-1-759x1024.jpg 759w, http:\/\/www.ethique-rlaroche.philo-cvm.ca\/wp-content\/uploads\/2021\/01\/solotareff_3_sorcieres_vign_2_0-1-222x300.jpg 222w, http:\/\/www.ethique-rlaroche.philo-cvm.ca\/wp-content\/uploads\/2021\/01\/solotareff_3_sorcieres_vign_2_0-1-768x1037.jpg 768w, http:\/\/www.ethique-rlaroche.philo-cvm.ca\/wp-content\/uploads\/2021\/01\/solotareff_3_sorcieres_vign_2_0-1.jpg 1000w\" sizes=\"auto, (max-width: 759px) 100vw, 759px\" \/><figcaption class=\"blocks-gallery-item__caption\"><a href=\"https:\/\/www.telerama.fr\/enfants\/livre-pour-enfants-la-beaute-cachee-des-3-sorcieres-de-gregoire-solotareff,n6645846.php\" target=\"_blank\" rel=\"noreferrer noopener\">Gr\u00e9goire Solotareff<\/a><\/figcaption><\/figure><\/li><li class=\"blocks-gallery-item\"><figure><img loading=\"lazy\" decoding=\"async\" width=\"1024\" height=\"505\" src=\"http:\/\/www.philo-cvm.ca\/wp-content\/uploads\/2021\/01\/angelina-jolie-malefique-1024x505.jpg\" alt=\"\" data-id=\"8219\" data-full-url=\"http:\/\/www.philo-cvm.ca\/wp-content\/uploads\/2021\/01\/angelina-jolie-malefique.jpg\" data-link=\"http:\/\/www.philo-cvm.ca\/?attachment_id=8219\" class=\"wp-image-8219\" srcset=\"http:\/\/www.ethique-rlaroche.philo-cvm.ca\/wp-content\/uploads\/2021\/01\/angelina-jolie-malefique-1024x505.jpg 1024w, http:\/\/www.ethique-rlaroche.philo-cvm.ca\/wp-content\/uploads\/2021\/01\/angelina-jolie-malefique-300x148.jpg 300w, http:\/\/www.ethique-rlaroche.philo-cvm.ca\/wp-content\/uploads\/2021\/01\/angelina-jolie-malefique-768x379.jpg 768w, http:\/\/www.ethique-rlaroche.philo-cvm.ca\/wp-content\/uploads\/2021\/01\/angelina-jolie-malefique.jpg 1060w\" sizes=\"auto, (max-width: 1024px) 100vw, 1024px\" \/><figcaption class=\"blocks-gallery-item__caption\"><a href=\"http:\/\/www.slate.fr\/story\/88635\/malefique-disney-danser-bien-mal\" target=\"_blank\" rel=\"noreferrer noopener\">Mal\u00e9fique<\/a><\/figcaption><\/figure><\/li><\/ul><\/figure>\n\n\n\n<h3 class=\"has-text-align-center wp-block-heading\">Quelle place la figure de la sorci\u00e8re a-t-elle occup\u00e9e pendant votre enfance et \u00e0 l&rsquo;adolescence?<\/h3>\n","protected":false},"excerpt":{"rendered":"<p>Quelle place la figure de la sorci\u00e8re a-t-elle occup\u00e9e pendant votre enfance et \u00e0 l&rsquo;adolescence?<\/p>\n","protected":false},"author":1,"featured_media":2987,"parent":0,"menu_order":0,"comment_status":"open","ping_status":"closed","template":"","meta":{"footnotes":""},"class_list":["post-8213","page","type-page","status-publish","has-post-thumbnail","hentry"],"_links":{"self":[{"href":"http:\/\/www.ethique-rlaroche.philo-cvm.ca\/index.php?rest_route=\/wp\/v2\/pages\/8213","targetHints":{"allow":["GET"]}}],"collection":[{"href":"http:\/\/www.ethique-rlaroche.philo-cvm.ca\/index.php?rest_route=\/wp\/v2\/pages"}],"about":[{"href":"http:\/\/www.ethique-rlaroche.philo-cvm.ca\/index.php?rest_route=\/wp\/v2\/types\/page"}],"author":[{"embeddable":true,"href":"http:\/\/www.ethique-rlaroche.philo-cvm.ca\/index.php?rest_route=\/wp\/v2\/users\/1"}],"replies":[{"embeddable":true,"href":"http:\/\/www.ethique-rlaroche.philo-cvm.ca\/index.php?rest_route=%2Fwp%2Fv2%2Fcomments&post=8213"}],"version-history":[{"count":9,"href":"http:\/\/www.ethique-rlaroche.philo-cvm.ca\/index.php?rest_route=\/wp\/v2\/pages\/8213\/revisions"}],"predecessor-version":[{"id":8423,"href":"http:\/\/www.ethique-rlaroche.philo-cvm.ca\/index.php?rest_route=\/wp\/v2\/pages\/8213\/revisions\/8423"}],"wp:featuredmedia":[{"embeddable":true,"href":"http:\/\/www.ethique-rlaroche.philo-cvm.ca\/index.php?rest_route=\/wp\/v2\/media\/2987"}],"wp:attachment":[{"href":"http:\/\/www.ethique-rlaroche.philo-cvm.ca\/index.php?rest_route=%2Fwp%2Fv2%2Fmedia&parent=8213"}],"curies":[{"name":"wp","href":"https:\/\/api.w.org\/{rel}","templated":true}]}}