{"id":807,"date":"2019-09-27T02:03:53","date_gmt":"2019-09-27T02:03:53","guid":{"rendered":"https:\/\/ethique-rlaroche.profweb.ca\/?page_id=807"},"modified":"2019-09-28T15:30:49","modified_gmt":"2019-09-28T15:30:49","slug":"chang-4","status":"publish","type":"page","link":"http:\/\/www.ethique-rlaroche.philo-cvm.ca\/?page_id=807","title":{"rendered":"Chang"},"content":{"rendered":"\n<blockquote class=\"wp-block-quote is-layout-flow wp-block-quote-is-layout-flow\"><p> \u00c0 la fin des ann\u00e9es 60, King et X \u00e9taient partis, le creuset de foi et d\u2019id\u00e9alisme qui avait pr\u00e9serv\u00e9 le mouvement des forces de la rationalisation et de la violence s\u2019\u00e9tait \u00e9puis\u00e9, et beaucoup des r\u00eaves des Noirs \u2013 int\u00e9grationnistes ou nationalistes \u2013 br\u00fblaient litt\u00e9ralement. \u00c0 la g\u00e9n\u00e9ration suivante, il n\u2019y aurait plus d\u2019eau pour \u00e9teindre les incendies. Robinson citait avec approbation les paroles de son ancien adversaire&nbsp;: \u00ab&nbsp;Jackie, dans les temps \u00e0 venir, ton fils et le mien n\u2019accepteront pas de se contenter de la m\u00eame chose que nous.&nbsp;\u00bb <\/p><\/blockquote>\n\n\n\n<p style=\"text-align:center\" class=\"has-larger-font-size\"><a rel=\"noreferrer noopener\" aria-label=\"HIP (s\u2019ouvre dans un nouvel onglet)\" href=\"https:\/\/www.dailymotion.com\/video\/x2yvvhh\" target=\"_blank\">HIP<\/a>&#8211;<a href=\"http:\/\/www.philo-cvm.ca\/?page_id=814\">HOP<\/a><\/p>\n","protected":false},"excerpt":{"rendered":"<p>\u00c0 la fin des ann\u00e9es 60, King et X \u00e9taient partis, le creuset de foi et d\u2019id\u00e9alisme qui avait pr\u00e9serv\u00e9 le mouvement des forces de &#8230;<\/p>\n","protected":false},"author":1,"featured_media":546,"parent":0,"menu_order":0,"comment_status":"closed","ping_status":"closed","template":"","meta":{"footnotes":""},"class_list":["post-807","page","type-page","status-publish","has-post-thumbnail","hentry"],"_links":{"self":[{"href":"http:\/\/www.ethique-rlaroche.philo-cvm.ca\/index.php?rest_route=\/wp\/v2\/pages\/807","targetHints":{"allow":["GET"]}}],"collection":[{"href":"http:\/\/www.ethique-rlaroche.philo-cvm.ca\/index.php?rest_route=\/wp\/v2\/pages"}],"about":[{"href":"http:\/\/www.ethique-rlaroche.philo-cvm.ca\/index.php?rest_route=\/wp\/v2\/types\/page"}],"author":[{"embeddable":true,"href":"http:\/\/www.ethique-rlaroche.philo-cvm.ca\/index.php?rest_route=\/wp\/v2\/users\/1"}],"replies":[{"embeddable":true,"href":"http:\/\/www.ethique-rlaroche.philo-cvm.ca\/index.php?rest_route=%2Fwp%2Fv2%2Fcomments&post=807"}],"version-history":[{"count":4,"href":"http:\/\/www.ethique-rlaroche.philo-cvm.ca\/index.php?rest_route=\/wp\/v2\/pages\/807\/revisions"}],"predecessor-version":[{"id":868,"href":"http:\/\/www.ethique-rlaroche.philo-cvm.ca\/index.php?rest_route=\/wp\/v2\/pages\/807\/revisions\/868"}],"wp:featuredmedia":[{"embeddable":true,"href":"http:\/\/www.ethique-rlaroche.philo-cvm.ca\/index.php?rest_route=\/wp\/v2\/media\/546"}],"wp:attachment":[{"href":"http:\/\/www.ethique-rlaroche.philo-cvm.ca\/index.php?rest_route=%2Fwp%2Fv2%2Fmedia&parent=807"}],"curies":[{"name":"wp","href":"https:\/\/api.w.org\/{rel}","templated":true}]}}