{"id":803,"date":"2019-09-27T01:59:20","date_gmt":"2019-09-27T01:59:20","guid":{"rendered":"https:\/\/ethique-rlaroche.profweb.ca\/?page_id=803"},"modified":"2019-09-28T16:04:52","modified_gmt":"2019-09-28T16:04:52","slug":"chang-3","status":"publish","type":"page","link":"http:\/\/www.ethique-rlaroche.philo-cvm.ca\/?page_id=803","title":{"rendered":"Chang"},"content":{"rendered":"\n<blockquote class=\"wp-block-quote is-layout-flow wp-block-quote-is-layout-flow\"><p>Plus tard dans l\u2019ann\u00e9e, Martin Luther King Jr. pronon\u00e7a \u00e0 Washington son discours \u00ab&nbsp;J\u2019ai fait un r\u00eave.&nbsp;\u00bb \u00c0 Harlem, les journ\u00e9es de manifestations pour l\u2019\u00e9ducation et contre la pauvret\u00e9 laiss\u00e8rent la place \u00e0 des nuits d\u2019affrontements entre la police blanche et les jeunes Noirs. C\u2019\u00e9tait le d\u00e9but des \u00e9t\u00e9s longs et br\u00fblants qui tinrent l\u2019Am\u00e9rique en haleine tout le reste de cette turbulente d\u00e9cennie. <\/p><\/blockquote>\n\n\n\n<p style=\"text-align:center\" class=\"has-larger-font-size\"><a rel=\"noreferrer noopener\" aria-label=\"Hip (s\u2019ouvre dans un nouvel onglet)\" href=\"https:\/\/www.dailymotion.com\/video\/x16wtx2\" target=\"_blank\">Hip<\/a>&#8211;<a href=\"http:\/\/www.philo-cvm.ca\/?page_id=807\">Hop<\/a><\/p>\n","protected":false},"excerpt":{"rendered":"<p>Plus tard dans l\u2019ann\u00e9e, Martin Luther King Jr. pronon\u00e7a \u00e0 Washington son discours \u00ab&nbsp;J\u2019ai fait un r\u00eave.&nbsp;\u00bb \u00c0 Harlem, les journ\u00e9es de manifestations pour l\u2019\u00e9ducation &#8230;<\/p>\n","protected":false},"author":1,"featured_media":546,"parent":0,"menu_order":0,"comment_status":"closed","ping_status":"closed","template":"","meta":{"footnotes":""},"class_list":["post-803","page","type-page","status-publish","has-post-thumbnail","hentry"],"_links":{"self":[{"href":"http:\/\/www.ethique-rlaroche.philo-cvm.ca\/index.php?rest_route=\/wp\/v2\/pages\/803","targetHints":{"allow":["GET"]}}],"collection":[{"href":"http:\/\/www.ethique-rlaroche.philo-cvm.ca\/index.php?rest_route=\/wp\/v2\/pages"}],"about":[{"href":"http:\/\/www.ethique-rlaroche.philo-cvm.ca\/index.php?rest_route=\/wp\/v2\/types\/page"}],"author":[{"embeddable":true,"href":"http:\/\/www.ethique-rlaroche.philo-cvm.ca\/index.php?rest_route=\/wp\/v2\/users\/1"}],"replies":[{"embeddable":true,"href":"http:\/\/www.ethique-rlaroche.philo-cvm.ca\/index.php?rest_route=%2Fwp%2Fv2%2Fcomments&post=803"}],"version-history":[{"count":4,"href":"http:\/\/www.ethique-rlaroche.philo-cvm.ca\/index.php?rest_route=\/wp\/v2\/pages\/803\/revisions"}],"predecessor-version":[{"id":865,"href":"http:\/\/www.ethique-rlaroche.philo-cvm.ca\/index.php?rest_route=\/wp\/v2\/pages\/803\/revisions\/865"}],"wp:featuredmedia":[{"embeddable":true,"href":"http:\/\/www.ethique-rlaroche.philo-cvm.ca\/index.php?rest_route=\/wp\/v2\/media\/546"}],"wp:attachment":[{"href":"http:\/\/www.ethique-rlaroche.philo-cvm.ca\/index.php?rest_route=%2Fwp%2Fv2%2Fmedia&parent=803"}],"curies":[{"name":"wp","href":"https:\/\/api.w.org\/{rel}","templated":true}]}}