{"id":797,"date":"2019-09-27T01:51:21","date_gmt":"2019-09-27T01:51:21","guid":{"rendered":"https:\/\/ethique-rlaroche.profweb.ca\/?page_id=797"},"modified":"2019-09-28T14:11:53","modified_gmt":"2019-09-28T14:11:53","slug":"larmore-4","status":"publish","type":"page","link":"http:\/\/www.ethique-rlaroche.philo-cvm.ca\/?page_id=797","title":{"rendered":"Larmore"},"content":{"rendered":"\n<blockquote class=\"wp-block-quote is-layout-flow wp-block-quote-is-layout-flow\"><p>On peut toujours croire que l\u2019on a de bonnes raisons d\u2019accepter une certaine conception de ce qui donne un sens \u00e0 la vie. On peut donc se sentir autoris\u00e9 \u00e0 pr\u00e9tendre que ceux qui rejettent une telle conception sont dans l\u2019erreur. Mais il serait quand m\u00eame idiot de ne pas s\u2019attendre \u00e0 ce que pareille conception soit contest\u00e9e au cours d\u2019une discussion calme et pr\u00e9cise.&nbsp; <\/p><\/blockquote>\n\n\n\n<p style=\"text-align:center\"><a href=\"http:\/\/www.philo-cvm.ca\/?page_id=709\">HOP<\/a><\/p>\n\n\n\n<p style=\"text-align:center\"><a href=\"http:\/\/www.philo-cvm.ca\/?page_id=794\">HIP<\/a><\/p>\n","protected":false},"excerpt":{"rendered":"<p>On peut toujours croire que l\u2019on a de bonnes raisons d\u2019accepter une certaine conception de ce qui donne un sens \u00e0 la vie. On peut &#8230;<\/p>\n","protected":false},"author":1,"featured_media":557,"parent":0,"menu_order":0,"comment_status":"closed","ping_status":"closed","template":"","meta":{"footnotes":""},"class_list":["post-797","page","type-page","status-publish","has-post-thumbnail","hentry"],"_links":{"self":[{"href":"http:\/\/www.ethique-rlaroche.philo-cvm.ca\/index.php?rest_route=\/wp\/v2\/pages\/797","targetHints":{"allow":["GET"]}}],"collection":[{"href":"http:\/\/www.ethique-rlaroche.philo-cvm.ca\/index.php?rest_route=\/wp\/v2\/pages"}],"about":[{"href":"http:\/\/www.ethique-rlaroche.philo-cvm.ca\/index.php?rest_route=\/wp\/v2\/types\/page"}],"author":[{"embeddable":true,"href":"http:\/\/www.ethique-rlaroche.philo-cvm.ca\/index.php?rest_route=\/wp\/v2\/users\/1"}],"replies":[{"embeddable":true,"href":"http:\/\/www.ethique-rlaroche.philo-cvm.ca\/index.php?rest_route=%2Fwp%2Fv2%2Fcomments&post=797"}],"version-history":[{"count":3,"href":"http:\/\/www.ethique-rlaroche.philo-cvm.ca\/index.php?rest_route=\/wp\/v2\/pages\/797\/revisions"}],"predecessor-version":[{"id":848,"href":"http:\/\/www.ethique-rlaroche.philo-cvm.ca\/index.php?rest_route=\/wp\/v2\/pages\/797\/revisions\/848"}],"wp:featuredmedia":[{"embeddable":true,"href":"http:\/\/www.ethique-rlaroche.philo-cvm.ca\/index.php?rest_route=\/wp\/v2\/media\/557"}],"wp:attachment":[{"href":"http:\/\/www.ethique-rlaroche.philo-cvm.ca\/index.php?rest_route=%2Fwp%2Fv2%2Fmedia&parent=797"}],"curies":[{"name":"wp","href":"https:\/\/api.w.org\/{rel}","templated":true}]}}