{"id":7909,"date":"2021-01-15T15:39:54","date_gmt":"2021-01-15T15:39:54","guid":{"rendered":"https:\/\/ethique-rlaroche.profweb.ca\/?page_id=7909"},"modified":"2021-09-07T20:01:09","modified_gmt":"2021-09-07T20:01:09","slug":"les-faits-politiques-ne-sont-pas-en-dehors-du-desir-2","status":"publish","type":"page","link":"http:\/\/www.ethique-rlaroche.philo-cvm.ca\/?page_id=7909","title":{"rendered":"\u00abLes faits politiques ne sont pas en dehors du d\u00e9sir\u00bb"},"content":{"rendered":"\n<h3 class=\"wp-block-heading\">Le\u00e7on 3<\/h3>\n\n\n\n<h4 class=\"wp-block-heading\">Pour mener \u00e0 bien cette le\u00e7on il importe de lire l&rsquo;extrait de texte de John Dewey intitul\u00e9 : <a href=\"http:\/\/www.philo-cvm.ca\/?page_id=169\" target=\"_blank\" rel=\"noreferrer noopener\">M\u00e9thode, faits et signification<\/a>.<\/h4>\n\n\n\n<p>Quels faits et quelles significations? <\/p>\n\n\n\n<p>Ces faits vis-\u00e0-vis desquels nous nous placerons sur le mode de l\u2019enqu\u00eate, conscient.es que nous devrons interpr\u00e9ter ce que nous observons, une posture ayant des cons\u00e9quences sur nos propres repr\u00e9sentations, le domaine des id\u00e9es ainsi que celui des institutions auxquelles nous appartenons. <\/p>\n\n\n\n<figure class=\"wp-block-embed alignleft is-type-video is-provider-youtube wp-block-embed-youtube wp-embed-aspect-16-9 wp-has-aspect-ratio\"><div class=\"wp-block-embed__wrapper\">\n<iframe loading=\"lazy\" title=\"Chilling Adventures of Sabrina | S02E06 | &quot;Sabrina Defeats the Missionaries&quot;\" width=\"525\" height=\"295\" src=\"https:\/\/www.youtube.com\/embed\/-vh8psZ7-cQ?feature=oembed\" frameborder=\"0\" allow=\"accelerometer; autoplay; clipboard-write; encrypted-media; gyroscope; picture-in-picture; web-share\" referrerpolicy=\"strict-origin-when-cross-origin\" allowfullscreen><\/iframe>\n<\/div><\/figure>\n\n\n\n<p style=\"font-size:20px\">Il appartient \u00e0 l&rsquo;ordre des faits que nous nous divertissons avec des histoires de sorci\u00e8res.<\/p>\n\n\n\n<p>Ce que Dewey affirme concernant les faits politiques s\u2019av\u00e8re vrai au sujet des sorci\u00e8res qui pendant l\u2019Inquisition n\u2019\u00e9taient absolument pas en dehors du d\u00e9sir des d\u00e9monologues. Mais qu\u2019en est-il de notre propre situation dans l\u2019espace publique que nous occupons? Comment r\u00e9pondrez-vous \u00e0 cette question dans le cadre de votre enqu\u00eate?<\/p>\n\n\n\n<p>Du point de vue de Dewey, nous pouvons nous demander si nous sommes affect\u00e9s par les cons\u00e9quences indirectes de la mani\u00e8re dont nous nous repr\u00e9sentons la sorci\u00e8re. N\u2019y aurait-il pas un lien \u00e0 faire entre la figure de la sorci\u00e8re et la condition des femmes dans notre soci\u00e9t\u00e9?<\/p>\n\n\n\n<figure class=\"wp-block-embed alignright is-type-video is-provider-youtube wp-block-embed-youtube wp-embed-aspect-4-3 wp-has-aspect-ratio\"><div class=\"wp-block-embed__wrapper\">\n<iframe loading=\"lazy\" title=\"Mort de la sorci\u00e8re\" width=\"525\" height=\"394\" src=\"https:\/\/www.youtube.com\/embed\/X63uJcs5DUA?feature=oembed\" frameborder=\"0\" allow=\"accelerometer; autoplay; clipboard-write; encrypted-media; gyroscope; picture-in-picture; web-share\" referrerpolicy=\"strict-origin-when-cross-origin\" allowfullscreen><\/iframe>\n<\/div><\/figure>\n\n\n\n<p style=\"font-size:20px\">Ce que nous jugeons banal quant \u00e0 la figure de la sorci\u00e8re, apparaissant d\u00e8s la plus tendre enfance dans nombre de r\u00e9cits, renvoie peut-\u00eatre \u00e0 un ensemble de cons\u00e9quences ayant une importance plus grande que ce que nous croyons.<\/p>\n\n\n\n<p>La lecture du texte de Colette Arnould nous permettra d\u2019enqu\u00eater et r\u00e9fl\u00e9chir sur les conditions d\u2019\u00e9mergence de l\u2019Inquisition. Cette partie de l\u2019enqu\u00eate renvoie donc au contexte historique qui structure l\u2019analyse de ce que nous cherchons \u00e0 \u00e9tablir du point de vue des faits. Or l\u2019histoire est-elle la m\u00eame lorsque racont\u00e9e \u00e0 partir de sa relecture f\u00e9ministe. Se pourrait-il que la signification des faits ne soit tout \u00e0 coup plus celle qui domine notre imaginaire?<\/p>\n\n\n\n<p>Armelle Le Bras Choppard formulera diverses hypoth\u00e8ses qui nous aideront \u00e0 envisager le rapport entre la repr\u00e9sentation de la sorci\u00e8re et l\u2019assujettissement des femmes dans le contexte de la soci\u00e9t\u00e9 dite moderne. <\/p>\n\n\n\n<p><\/p>\n\n\n\n<p>La formulation d&rsquo;hypoth\u00e8ses est une tr\u00e8s int\u00e9ressante mani\u00e8re d\u2019enqu\u00eater. En fait, certaines hypoth\u00e8ses sont susceptibles d\u2019entrer en conflit avec nos propres conceptions, nos id\u00e9es, nos croyance et nos sentiments. Sylvia Federici nous am\u00e8nera \u00e0 chercher \u00e0 voir, contrairement \u00e0 ce que Marx a pu affirmer, que le passage \u00e0 la soci\u00e9t\u00e9 capitaliste a n\u00e9cessit\u00e9 l\u2019exploitation du corps de la femme. <\/p>\n\n\n\n<p><\/p>\n\n\n\n<div class=\"wp-block-group has-background\" style=\"background-color:#fcd9f0\"><div class=\"wp-block-group__inner-container is-layout-flow wp-block-group-is-layout-flow\">\n<p style=\"font-size:20px\">EXERCICE <\/p>\n\n\n\n<p>Comment comprenez-vous la phrase de Dewey formant le titre de cette le\u00e7on : \u00abLes faits politiques ne sont pas en dehors du d\u00e9sir.\u00bb<\/p>\n<\/div><\/div>\n","protected":false},"excerpt":{"rendered":"<p>Le\u00e7on 3 Pour mener \u00e0 bien cette le\u00e7on il importe de lire l&rsquo;extrait de texte de John Dewey intitul\u00e9 : M\u00e9thode, faits et signification. Quels &#8230;<\/p>\n","protected":false},"author":1,"featured_media":7911,"parent":0,"menu_order":0,"comment_status":"open","ping_status":"closed","template":"","meta":{"footnotes":""},"class_list":["post-7909","page","type-page","status-publish","has-post-thumbnail","hentry"],"_links":{"self":[{"href":"http:\/\/www.ethique-rlaroche.philo-cvm.ca\/index.php?rest_route=\/wp\/v2\/pages\/7909","targetHints":{"allow":["GET"]}}],"collection":[{"href":"http:\/\/www.ethique-rlaroche.philo-cvm.ca\/index.php?rest_route=\/wp\/v2\/pages"}],"about":[{"href":"http:\/\/www.ethique-rlaroche.philo-cvm.ca\/index.php?rest_route=\/wp\/v2\/types\/page"}],"author":[{"embeddable":true,"href":"http:\/\/www.ethique-rlaroche.philo-cvm.ca\/index.php?rest_route=\/wp\/v2\/users\/1"}],"replies":[{"embeddable":true,"href":"http:\/\/www.ethique-rlaroche.philo-cvm.ca\/index.php?rest_route=%2Fwp%2Fv2%2Fcomments&post=7909"}],"version-history":[{"count":16,"href":"http:\/\/www.ethique-rlaroche.philo-cvm.ca\/index.php?rest_route=\/wp\/v2\/pages\/7909\/revisions"}],"predecessor-version":[{"id":13952,"href":"http:\/\/www.ethique-rlaroche.philo-cvm.ca\/index.php?rest_route=\/wp\/v2\/pages\/7909\/revisions\/13952"}],"wp:featuredmedia":[{"embeddable":true,"href":"http:\/\/www.ethique-rlaroche.philo-cvm.ca\/index.php?rest_route=\/wp\/v2\/media\/7911"}],"wp:attachment":[{"href":"http:\/\/www.ethique-rlaroche.philo-cvm.ca\/index.php?rest_route=%2Fwp%2Fv2%2Fmedia&parent=7909"}],"curies":[{"name":"wp","href":"https:\/\/api.w.org\/{rel}","templated":true}]}}