{"id":783,"date":"2019-09-27T00:43:46","date_gmt":"2019-09-27T00:43:46","guid":{"rendered":"https:\/\/ethique-rlaroche.profweb.ca\/?page_id=783"},"modified":"2019-09-28T15:06:40","modified_gmt":"2019-09-28T15:06:40","slug":"chang-2","status":"publish","type":"page","link":"http:\/\/www.ethique-rlaroche.philo-cvm.ca\/?page_id=783","title":{"rendered":"Chang"},"content":{"rendered":"\n<blockquote class=\"wp-block-quote is-layout-flow wp-block-quote-is-layout-flow\"><p> Robinson accusa le congressiste de s\u2019aligner sur les Black Muslims. \u00ab&nbsp;Vous avez fait gravement reculer la cause des Noirs&nbsp;\u00bb, \u00e9crivit Robinson dans une lettre ouverte \u00e0 Powell publi\u00e9e par le&nbsp;<em>New York Amsterdam News<\/em>. \u00ab&nbsp;Car vous savez tr\u00e8s bien \u2013 ainsi que vous l\u2019avez profess\u00e9 pendant de nombreuses ann\u00e9es \u2013 que la r\u00e9ponse pour les Noirs repose non dans la s\u00e9gr\u00e9gation ou la s\u00e9paration, mais dans leur effort pour s\u2019approprier leur place l\u00e9gitime \u2013 la m\u00eame que celle de n\u2019importe quel autre Am\u00e9ricain \u2013 au sein de notre soci\u00e9t\u00e9.&nbsp;\u00bb <\/p><\/blockquote>\n\n\n\n<p style=\"text-align:center\" class=\"has-larger-font-size\"><a rel=\"noreferrer noopener\" aria-label=\"HIP (s\u2019ouvre dans un nouvel onglet)\" href=\"https:\/\/www.dailymotion.com\/video\/x2tv7ni\" target=\"_blank\">HIP<\/a>&#8211;<a href=\"http:\/\/www.philo-cvm.ca\/?page_id=803\">HOP<\/a><\/p>\n","protected":false},"excerpt":{"rendered":"<p>Robinson accusa le congressiste de s\u2019aligner sur les Black Muslims. \u00ab&nbsp;Vous avez fait gravement reculer la cause des Noirs&nbsp;\u00bb, \u00e9crivit Robinson dans une lettre ouverte &#8230;<\/p>\n","protected":false},"author":1,"featured_media":546,"parent":0,"menu_order":0,"comment_status":"closed","ping_status":"closed","template":"","meta":{"footnotes":""},"class_list":["post-783","page","type-page","status-publish","has-post-thumbnail","hentry"],"_links":{"self":[{"href":"http:\/\/www.ethique-rlaroche.philo-cvm.ca\/index.php?rest_route=\/wp\/v2\/pages\/783","targetHints":{"allow":["GET"]}}],"collection":[{"href":"http:\/\/www.ethique-rlaroche.philo-cvm.ca\/index.php?rest_route=\/wp\/v2\/pages"}],"about":[{"href":"http:\/\/www.ethique-rlaroche.philo-cvm.ca\/index.php?rest_route=\/wp\/v2\/types\/page"}],"author":[{"embeddable":true,"href":"http:\/\/www.ethique-rlaroche.philo-cvm.ca\/index.php?rest_route=\/wp\/v2\/users\/1"}],"replies":[{"embeddable":true,"href":"http:\/\/www.ethique-rlaroche.philo-cvm.ca\/index.php?rest_route=%2Fwp%2Fv2%2Fcomments&post=783"}],"version-history":[{"count":4,"href":"http:\/\/www.ethique-rlaroche.philo-cvm.ca\/index.php?rest_route=\/wp\/v2\/pages\/783\/revisions"}],"predecessor-version":[{"id":861,"href":"http:\/\/www.ethique-rlaroche.philo-cvm.ca\/index.php?rest_route=\/wp\/v2\/pages\/783\/revisions\/861"}],"wp:featuredmedia":[{"embeddable":true,"href":"http:\/\/www.ethique-rlaroche.philo-cvm.ca\/index.php?rest_route=\/wp\/v2\/media\/546"}],"wp:attachment":[{"href":"http:\/\/www.ethique-rlaroche.philo-cvm.ca\/index.php?rest_route=%2Fwp%2Fv2%2Fmedia&parent=783"}],"curies":[{"name":"wp","href":"https:\/\/api.w.org\/{rel}","templated":true}]}}