{"id":777,"date":"2019-09-27T00:34:06","date_gmt":"2019-09-27T00:34:06","guid":{"rendered":"https:\/\/ethique-rlaroche.profweb.ca\/?page_id=777"},"modified":"2019-09-27T02:01:19","modified_gmt":"2019-09-27T02:01:19","slug":"walzer-4","status":"publish","type":"page","link":"http:\/\/www.ethique-rlaroche.philo-cvm.ca\/?page_id=777","title":{"rendered":"Walzer"},"content":{"rendered":"\n<blockquote class=\"wp-block-quote is-layout-flow wp-block-quote-is-layout-flow\"><p>Le lib\u00e9ralisme dit la v\u00e9rit\u00e9 sur cette soci\u00e9t\u00e9 asociale engendr\u00e9e par les lib\u00e9raux \u2013 en fait, engendr\u00e9e non pas&nbsp;<em>ex nihilo,&nbsp;<\/em>comme le sugg\u00e8re leur th\u00e9orie, mais \u00e0 travers un combat contre les traditions, les communaut\u00e9s et les autorit\u00e9s, que l\u2019on oublie d\u00e8s qu\u2019on leur \u00e9chappe, de sorte que les pratiques lib\u00e9rales semblent ne pas avoir d\u2019histoire. <\/p><\/blockquote>\n\n\n\n<p style=\"text-align:center\"><a href=\"http:\/\/www.philo-cvm.ca\/?page_id=794\">HIP<\/a><\/p>\n\n\n\n<p style=\"text-align:center\"><a href=\"http:\/\/www.philo-cvm.ca\/?page_id=803\">HOP<\/a><\/p>\n","protected":false},"excerpt":{"rendered":"<p>Le lib\u00e9ralisme dit la v\u00e9rit\u00e9 sur cette soci\u00e9t\u00e9 asociale engendr\u00e9e par les lib\u00e9raux \u2013 en fait, engendr\u00e9e non pas&nbsp;ex nihilo,&nbsp;comme le sugg\u00e8re leur th\u00e9orie, mais &#8230;<\/p>\n","protected":false},"author":1,"featured_media":567,"parent":0,"menu_order":0,"comment_status":"closed","ping_status":"closed","template":"","meta":{"footnotes":""},"class_list":["post-777","page","type-page","status-publish","has-post-thumbnail","hentry"],"_links":{"self":[{"href":"http:\/\/www.ethique-rlaroche.philo-cvm.ca\/index.php?rest_route=\/wp\/v2\/pages\/777","targetHints":{"allow":["GET"]}}],"collection":[{"href":"http:\/\/www.ethique-rlaroche.philo-cvm.ca\/index.php?rest_route=\/wp\/v2\/pages"}],"about":[{"href":"http:\/\/www.ethique-rlaroche.philo-cvm.ca\/index.php?rest_route=\/wp\/v2\/types\/page"}],"author":[{"embeddable":true,"href":"http:\/\/www.ethique-rlaroche.philo-cvm.ca\/index.php?rest_route=\/wp\/v2\/users\/1"}],"replies":[{"embeddable":true,"href":"http:\/\/www.ethique-rlaroche.philo-cvm.ca\/index.php?rest_route=%2Fwp%2Fv2%2Fcomments&post=777"}],"version-history":[{"count":3,"href":"http:\/\/www.ethique-rlaroche.philo-cvm.ca\/index.php?rest_route=\/wp\/v2\/pages\/777\/revisions"}],"predecessor-version":[{"id":805,"href":"http:\/\/www.ethique-rlaroche.philo-cvm.ca\/index.php?rest_route=\/wp\/v2\/pages\/777\/revisions\/805"}],"wp:featuredmedia":[{"embeddable":true,"href":"http:\/\/www.ethique-rlaroche.philo-cvm.ca\/index.php?rest_route=\/wp\/v2\/media\/567"}],"wp:attachment":[{"href":"http:\/\/www.ethique-rlaroche.philo-cvm.ca\/index.php?rest_route=%2Fwp%2Fv2%2Fmedia&parent=777"}],"curies":[{"name":"wp","href":"https:\/\/api.w.org\/{rel}","templated":true}]}}