{"id":7728,"date":"2021-01-12T17:01:22","date_gmt":"2021-01-12T17:01:22","guid":{"rendered":"https:\/\/ethique-rlaroche.profweb.ca\/?page_id=7728"},"modified":"2021-01-16T14:15:55","modified_gmt":"2021-01-16T14:15:55","slug":"outils-numeriques","status":"publish","type":"page","link":"http:\/\/www.ethique-rlaroche.philo-cvm.ca\/?page_id=7728","title":{"rendered":"Ressources num\u00e9riques"},"content":{"rendered":"\n<h3 class=\"wp-block-heading\">En lien avec la biblioth\u00e8que du coll\u00e8ge en vous connectant au <em><a rel=\"noreferrer noopener\" href=\"https:\/\/vieuxmontreal.koha.collecto.ca\/\" target=\"_blank\">Catalogue Koha<\/a><\/em> vous aurez acc\u00e8s \u00e0 plusieurs ressources qui vous aideront dans vos enqu\u00eates : <\/h3>\n\n\n\n<p style=\"font-size:20px\">L&rsquo;<em><strong>Encyclop\u00e9die Universalis<\/strong><\/em> \u00e9videmment qui pr\u00e9sente des cartes mentales facilitant la recherche \u00e0 partir d&rsquo;articles de fond.<\/p>\n\n\n\n<p style=\"font-size:20px\"><em><strong>Scholar vox<\/strong><\/em> pourra vous \u00eatre tr\u00e8s utile tout au long de la session mais surtout au moment de la r\u00e9flexion sur les cultures autochtones car la maison d&rsquo;\u00e9dition <em>M\u00e9moire d&rsquo;encrier<\/em> publiant les auteur.es des Premi\u00e8res Nations y est accessible<\/p>\n\n\n\n<p style=\"font-size:20px\">Via la biblioth\u00e8que, vous trouverez un acc\u00e8s gratuit \u00e0 de multiples revues et journaux ainsi qu&rsquo;\u00e0 plusieurs autres services de pr\u00eats num\u00e9riques et de banques d&rsquo;images. <\/p>\n\n\n\n<p style=\"font-size:20px\">Pour bien citer vos sources, vous pouvez r\u00e9f\u00e9rer au <a rel=\"noreferrer noopener\" href=\"http:\/\/www.cvm.qc.ca\/bibliotheque\/citersources\/Documents\/NormesBibliographiquesCitationsSciencesHumaines.pdf\" target=\"_blank\">Guide de r\u00e9f\u00e9rences bibliographiques en sciences humaines<\/a>. <\/p>\n\n\n\n<p style=\"font-size:20px\">Vous avez aussi la possibilit\u00e9 d&rsquo;installer la suite <a rel=\"noreferrer noopener\" href=\"http:\/\/www.cvm.qc.ca\/activitesservices\/dti\/o365\/Pages\/index.aspx\" target=\"_blank\">Office 365<\/a> ainsi qu&rsquo;un acc\u00e8s au logiciel de correction <a rel=\"noreferrer noopener\" href=\"http:\/\/www.cvm.qc.ca\/activitesservices\/dti\/offres\/Documents\/ANTIDOTE_-_Marche_a_suivre%20A2020.pdf\" target=\"_blank\">Antidote<\/a>. <\/p>\n\n\n\n<p><\/p>\n","protected":false},"excerpt":{"rendered":"<p>En lien avec la biblioth\u00e8que du coll\u00e8ge en vous connectant au Catalogue Koha vous aurez acc\u00e8s \u00e0 plusieurs ressources qui vous aideront dans vos enqu\u00eates &#8230;<\/p>\n","protected":false},"author":1,"featured_media":7878,"parent":0,"menu_order":0,"comment_status":"closed","ping_status":"closed","template":"","meta":{"footnotes":""},"class_list":["post-7728","page","type-page","status-publish","has-post-thumbnail","hentry"],"_links":{"self":[{"href":"http:\/\/www.ethique-rlaroche.philo-cvm.ca\/index.php?rest_route=\/wp\/v2\/pages\/7728","targetHints":{"allow":["GET"]}}],"collection":[{"href":"http:\/\/www.ethique-rlaroche.philo-cvm.ca\/index.php?rest_route=\/wp\/v2\/pages"}],"about":[{"href":"http:\/\/www.ethique-rlaroche.philo-cvm.ca\/index.php?rest_route=\/wp\/v2\/types\/page"}],"author":[{"embeddable":true,"href":"http:\/\/www.ethique-rlaroche.philo-cvm.ca\/index.php?rest_route=\/wp\/v2\/users\/1"}],"replies":[{"embeddable":true,"href":"http:\/\/www.ethique-rlaroche.philo-cvm.ca\/index.php?rest_route=%2Fwp%2Fv2%2Fcomments&post=7728"}],"version-history":[{"count":11,"href":"http:\/\/www.ethique-rlaroche.philo-cvm.ca\/index.php?rest_route=\/wp\/v2\/pages\/7728\/revisions"}],"predecessor-version":[{"id":7918,"href":"http:\/\/www.ethique-rlaroche.philo-cvm.ca\/index.php?rest_route=\/wp\/v2\/pages\/7728\/revisions\/7918"}],"wp:featuredmedia":[{"embeddable":true,"href":"http:\/\/www.ethique-rlaroche.philo-cvm.ca\/index.php?rest_route=\/wp\/v2\/media\/7878"}],"wp:attachment":[{"href":"http:\/\/www.ethique-rlaroche.philo-cvm.ca\/index.php?rest_route=%2Fwp%2Fv2%2Fmedia&parent=7728"}],"curies":[{"name":"wp","href":"https:\/\/api.w.org\/{rel}","templated":true}]}}