{"id":741,"date":"2019-09-26T22:43:18","date_gmt":"2019-09-26T22:43:18","guid":{"rendered":"https:\/\/ethique-rlaroche.profweb.ca\/?page_id=741"},"modified":"2019-09-28T14:49:47","modified_gmt":"2019-09-28T14:49:47","slug":"chang","status":"publish","type":"page","link":"http:\/\/www.ethique-rlaroche.philo-cvm.ca\/?page_id=741","title":{"rendered":"Chang"},"content":{"rendered":"\n<blockquote class=\"wp-block-quote is-layout-flow wp-block-quote-is-layout-flow\"><p>Au c\u0153ur du d\u00e9bat \u00e9tait la sempiternelle interrogation afro-am\u00e9ricaine&nbsp;: devons-nous lutter pour cette nation ou construire la n\u00f4tre? Devons-nous sauver l\u2019Am\u00e9rique ou nous-m\u00eames? <\/p><\/blockquote>\n\n\n\n<p style=\"text-align:center\" class=\"has-larger-font-size\"><a rel=\"noreferrer noopener\" aria-label=\"HIP (s\u2019ouvre dans un nouvel onglet)\" href=\"https:\/\/www.dailymotion.com\/video\/xqjob\" target=\"_blank\">HIP<\/a>&#8211;<a href=\"http:\/\/www.philo-cvm.ca\/?page_id=783\">HOP<\/a><\/p>\n","protected":false},"excerpt":{"rendered":"<p>Au c\u0153ur du d\u00e9bat \u00e9tait la sempiternelle interrogation afro-am\u00e9ricaine&nbsp;: devons-nous lutter pour cette nation ou construire la n\u00f4tre? Devons-nous sauver l\u2019Am\u00e9rique ou nous-m\u00eames? HIP&#8211;HOP<\/p>\n","protected":false},"author":1,"featured_media":546,"parent":0,"menu_order":0,"comment_status":"closed","ping_status":"closed","template":"","meta":{"footnotes":""},"class_list":["post-741","page","type-page","status-publish","has-post-thumbnail","hentry"],"_links":{"self":[{"href":"http:\/\/www.ethique-rlaroche.philo-cvm.ca\/index.php?rest_route=\/wp\/v2\/pages\/741","targetHints":{"allow":["GET"]}}],"collection":[{"href":"http:\/\/www.ethique-rlaroche.philo-cvm.ca\/index.php?rest_route=\/wp\/v2\/pages"}],"about":[{"href":"http:\/\/www.ethique-rlaroche.philo-cvm.ca\/index.php?rest_route=\/wp\/v2\/types\/page"}],"author":[{"embeddable":true,"href":"http:\/\/www.ethique-rlaroche.philo-cvm.ca\/index.php?rest_route=\/wp\/v2\/users\/1"}],"replies":[{"embeddable":true,"href":"http:\/\/www.ethique-rlaroche.philo-cvm.ca\/index.php?rest_route=%2Fwp%2Fv2%2Fcomments&post=741"}],"version-history":[{"count":10,"href":"http:\/\/www.ethique-rlaroche.philo-cvm.ca\/index.php?rest_route=\/wp\/v2\/pages\/741\/revisions"}],"predecessor-version":[{"id":858,"href":"http:\/\/www.ethique-rlaroche.philo-cvm.ca\/index.php?rest_route=\/wp\/v2\/pages\/741\/revisions\/858"}],"wp:featuredmedia":[{"embeddable":true,"href":"http:\/\/www.ethique-rlaroche.philo-cvm.ca\/index.php?rest_route=\/wp\/v2\/media\/546"}],"wp:attachment":[{"href":"http:\/\/www.ethique-rlaroche.philo-cvm.ca\/index.php?rest_route=%2Fwp%2Fv2%2Fmedia&parent=741"}],"curies":[{"name":"wp","href":"https:\/\/api.w.org\/{rel}","templated":true}]}}