{"id":7391,"date":"2021-01-09T13:39:23","date_gmt":"2021-01-09T13:39:23","guid":{"rendered":"https:\/\/ethique-rlaroche.profweb.ca\/?page_id=7391"},"modified":"2024-01-18T15:46:21","modified_gmt":"2024-01-18T15:46:21","slug":"calendrier","status":"publish","type":"page","link":"http:\/\/www.ethique-rlaroche.philo-cvm.ca\/?page_id=7391","title":{"rendered":"D\u00e9roulement du cours Hiver 2024"},"content":{"rendered":"\n<div class=\"wp-block-group alignwide\"><div class=\"wp-block-group__inner-container is-layout-flow wp-block-group-is-layout-flow\">\n<figure class=\"wp-block-table alignwide is-style-stripes\"><table><thead><tr><th class=\"has-text-align-left\" data-align=\"left\"><strong>Th\u00e9matiques, cours, semaines<\/strong><\/th><th class=\"has-text-align-left\" data-align=\"left\"><strong>Orientation et fonction<\/strong><\/th><th class=\"has-text-align-left\" data-align=\"left\"><strong>Position du probl\u00e8me<\/strong><\/th><th class=\"has-text-align-left\" data-align=\"left\"><strong>Auteur.es, textes \u00e0 lire, r\u00e9f\u00e9rences<\/strong><\/th><th class=\"has-text-align-left\" data-align=\"left\"><strong>Contenus th\u00e9oriques et le\u00e7ons<\/strong><\/th><th class=\"has-text-align-left\" data-align=\"left\"><strong>Travaux et \u00e9valuation<\/strong><\/th><\/tr><\/thead><tbody><tr><td class=\"has-text-align-left\" data-align=\"left\">Accueil<br>30 Janvier et 1er F\u00e9vrier<\/td><td class=\"has-text-align-left\" data-align=\"left\">Mot de bienvenue et <a href=\"http:\/\/www.philo-cvm.ca\/?page_id=13820\" target=\"_blank\" rel=\"noreferrer noopener\">Pr\u00e9sentation g\u00e9n\u00e9rale du cours<\/a><\/td><td class=\"has-text-align-left\" data-align=\"left\"><a href=\"http:\/\/www.philo-cvm.ca\/?page_id=4058\" target=\"_blank\" rel=\"noreferrer noopener\">Constitution d&rsquo;un public averti<\/a><\/td><td class=\"has-text-align-left\" data-align=\"left\"><a href=\"http:\/\/www.philo-cvm.ca\/?page_id=4064\" target=\"_blank\" rel=\"noreferrer noopener\">Familiarisation avec le site Internet<\/a><\/td><td class=\"has-text-align-left\" data-align=\"left\"><a href=\"http:\/\/www.philo-cvm.ca\/?page_id=1258\" target=\"_blank\" rel=\"noreferrer noopener\">Processus d&rsquo;enqu\u00eates<\/a><\/td><td class=\"has-text-align-left\" data-align=\"left\"><a href=\"http:\/\/www.philo-cvm.ca\/?page_id=1109\" target=\"_blank\" rel=\"noreferrer noopener\">Consignes de r\u00e9daction<\/a><\/td><\/tr><tr><td class=\"has-text-align-left\" data-align=\"left\">Sorci\u00e8re <br>Cours 1<br>6 et 8 <br>F\u00e9vrier<br><\/td><td class=\"has-text-align-left\" data-align=\"left\"><em>M\u00e9thodologie<\/em><br>Chercher \u00e0 nous situer face aux enjeux \u00e9thiques et politiques.<\/td><td class=\"has-text-align-left\" data-align=\"left\">La sorci\u00e8re, banalisation ou f\u00e9minisme<\/td><td class=\"has-text-align-left\" data-align=\"left\">John Dewey<br><a href=\"http:\/\/www.philo-cvm.ca\/?page_id=4087\" target=\"_blank\" rel=\"noreferrer noopener\">Le public et ses probl\u00e8mes<\/a><\/td><td class=\"has-text-align-left\" data-align=\"left\"><a rel=\"noreferrer noopener\" href=\"http:\/\/www.philo-cvm.ca\/?page_id=7686\" target=\"_blank\">M\u00e9thode et position du probl\u00e8me de la repr\u00e9sentation<\/a><\/td><td class=\"has-text-align-left\" data-align=\"left\"><a href=\"http:\/\/www.philo-cvm.ca\/?page_id=4054\" target=\"_blank\" rel=\"noreferrer noopener\">Enregistrement sur le site, profil, cr\u00e9ation d&rsquo;un dossier d&rsquo;enqu\u00eate.<\/a><\/td><\/tr><tr><td class=\"has-text-align-left\" data-align=\"left\">Sorci\u00e8re <br>Cours 2 <br>13 et 15 <br>F\u00e9vrier<br><\/td><td class=\"has-text-align-left\" data-align=\"left\"><em>Contextualisation<\/em><br>Relire l&rsquo;histoire de l&rsquo;Inquisition et de la chasse aux sorci\u00e8res.<\/td><td class=\"has-text-align-left\" data-align=\"left\">Imagination et religion chr\u00e9tienne<\/td><td class=\"has-text-align-left\" data-align=\"left\">Colette Arnould<br><em><a href=\"http:\/\/www.philo-cvm.ca\/?page_id=34\" target=\"_blank\" rel=\"noreferrer noopener\">Histoire de la sorcellerie<\/a><\/em><\/td><td class=\"has-text-align-left\" data-align=\"left\"><a href=\"http:\/\/www.philo-cvm.ca\/?page_id=4216\" target=\"_blank\" rel=\"noreferrer noopener\">Conditions d&rsquo;\u00e9mergence de l&rsquo;Inquisition<\/a><\/td><td class=\"has-text-align-left\" data-align=\"left\">Document d&rsquo;enqu\u00eate comprenant r\u00e9flexions, notes de cours, suivi des le\u00e7ons et m\u00e9diagraphie personnelle.<\/td><\/tr><tr><td class=\"has-text-align-left\" data-align=\"left\">Sorci\u00e8re <br>Cours 3<br>20 et 22 F\u00e9vrier<br><\/td><td class=\"has-text-align-left\" data-align=\"left\"><em>Conceptualisation<\/em><br>D\u00e9velopper des hypoth\u00e8ses expliquant la banalisation de la violence faite au femme.<\/td><td class=\"has-text-align-left\" data-align=\"left\">Imaginaire commun et institution<\/td><td class=\"has-text-align-left\" data-align=\"left\">Armelle Le Bras-Choppard<br><em><a href=\"http:\/\/www.philo-cvm.ca\/?page_id=259\" target=\"_blank\" rel=\"noreferrer noopener\">Les putains du diable<\/a><\/em><br>Sylvia Federici<br><em><a href=\"http:\/\/www.philo-cvm.ca\/?page_id=290\" target=\"_blank\" rel=\"noreferrer noopener\">Caliban et la sorci\u00e8re<\/a><\/em><\/td><td class=\"has-text-align-left\" data-align=\"left\"><a href=\"http:\/\/www.philo-cvm.ca\/?page_id=4219\" target=\"_blank\" rel=\"noreferrer noopener\">La femme bouc \u00e9missaire<\/a><\/td><td class=\"has-text-align-left\" data-align=\"left\">Document d&rsquo;enqu\u00eate comprenant r\u00e9flexions, notes de cours, suivi des le\u00e7ons et m\u00e9diagraphie personnelle.<\/td><\/tr><tr><td class=\"has-text-align-left\" data-align=\"left\">Sorci\u00e8re <br>Cours 4<br>27 et 29 F\u00e9vrier<br><\/td><td class=\"has-text-align-left\" data-align=\"left\"><em>R\u00e9flexion commune<\/em><br>Participer \u00e0 l&rsquo;espace public que constitue le site internet d\u00e9di\u00e9 au cours.<br><\/td><td class=\"has-text-align-left\" data-align=\"left\">La figure de la sorci\u00e8re, signification et repr\u00e9sentation<\/td><td class=\"has-text-align-left\" data-align=\"left\">Mona Chollet<br><em><a href=\"http:\/\/www.philo-cvm.ca\/?page_id=307\" target=\"_blank\" rel=\"noreferrer noopener\">Sorci\u00e8res, La puissance invaincue des femmes<\/a><\/em><\/td><td class=\"has-text-align-left\" data-align=\"left\">JEU DE CONCEPT<br><a href=\"http:\/\/www.philo-cvm.ca\/?page_id=8055\" target=\"_blank\" rel=\"noreferrer noopener\">Inquisitoire<\/a><\/td><td class=\"has-text-align-left\" data-align=\"left\">Contribuer \u00e0 la r\u00e9flexion commune en formulant des commentaires sur le site et en publiant des extraits de votre enqu\u00eate.<\/td><\/tr><tr><td class=\"has-text-align-left\" data-align=\"left\">Hip Hop <br>Cours 5<br>5 et 7 Mars<br><\/td><td class=\"has-text-align-left\" data-align=\"left\"><em>M\u00e9thodologie<\/em><br>Chercher \u00e0 situer le Hip Hop entre les courants politiques que sont le lib\u00e9ralisme et le communautarisme.<\/td><td class=\"has-text-align-left\" data-align=\"left\">H\u00e9g\u00e9monie ou r\u00e9sistance politique<\/td><td class=\"has-text-align-left\" data-align=\"left\">John Dewey<br><a rel=\"noreferrer noopener\" href=\"http:\/\/www.philo-cvm.ca\/?page_id=4087\" target=\"_blank\">Le public et ses probl\u00e8mes<\/a><br>Charles Larmore<br><em><a rel=\"noreferrer noopener\" href=\"http:\/\/www.philo-cvm.ca\/?page_id=556\" target=\"_blank\">Du lib\u00e9ralisme politique<\/a><\/em><br>Michael Walzer<br><em><a rel=\"noreferrer noopener\" href=\"http:\/\/www.philo-cvm.ca\/?page_id=561\" target=\"_blank\">La critique communautarienne du lib\u00e9ralisme<\/a><\/em><\/td><td class=\"has-text-align-left\" data-align=\"left\"><a href=\"http:\/\/www.philo-cvm.ca\/?page_id=3155\" target=\"_blank\" rel=\"noreferrer noopener\">M\u00e9thode et position du probl\u00e8me de la r\u00e9sistance politique<\/a><\/td><td class=\"has-text-align-left\" data-align=\"left\"><strong>Remise de la premi\u00e8re ENQU\u00caTE<\/strong><\/td><\/tr><tr><td class=\"has-text-align-left\" data-align=\"left\">Relance<br>12 et 14 Mars<\/td><td class=\"has-text-align-left\" data-align=\"left\"><\/td><td class=\"has-text-align-left\" data-align=\"left\"><\/td><td class=\"has-text-align-left\" data-align=\"left\"><\/td><td class=\"has-text-align-left\" data-align=\"left\"><\/td><td class=\"has-text-align-left\" data-align=\"left\"><\/td><\/tr><tr><td class=\"has-text-align-left\" data-align=\"left\">Hip Hop <br>Cours 6<br>19 et 21 Mars<br><\/td><td class=\"has-text-align-left\" data-align=\"left\"><em>Contextualisation<\/em><br>Se familiariser avec l&rsquo;histoire des origines du Hip Hop.<\/td><td class=\"has-text-align-left\" data-align=\"left\">H\u00e9g\u00e9monie, soci\u00e9t\u00e9 de droits et injustice<\/td><td class=\"has-text-align-left\" data-align=\"left\">Jeff Chang<br><em><a href=\"http:\/\/www.philo-cvm.ca\/?page_id=137\" target=\"_blank\" rel=\"noreferrer noopener\">Can\u2019t Stop Won\u2019t Stop<\/a><\/em><\/td><td class=\"has-text-align-left\" data-align=\"left\"><a rel=\"noreferrer noopener\" href=\"http:\/\/www.philo-cvm.ca\/?page_id=3247\" target=\"_blank\">L&rsquo;\u00e9mergence du Hip Hop dans le South Bronx<\/a><\/td><td class=\"has-text-align-left\" data-align=\"left\">Document d&rsquo;enqu\u00eate comprenant r\u00e9flexions, notes de cours, suivi des le\u00e7ons et m\u00e9diagraphie personnelle.<\/td><\/tr><tr><td class=\"has-text-align-left\" data-align=\"left\">Hip Hop <br>Cours 7<br>26 et 28 Mars<br><\/td><td class=\"has-text-align-left\" data-align=\"left\"><em>Conceptualisation<\/em><br>Appliquer la th\u00e9orie de James C. Scott \u00e0 la culture Hip Hop.<\/td><td class=\"has-text-align-left\" data-align=\"left\">Passage du texte public au texte cach\u00e9<\/td><td class=\"has-text-align-left\" data-align=\"left\">James C. Scott<br><em><a href=\"http:\/\/www.philo-cvm.ca\/?page_id=886\" target=\"_blank\" rel=\"noreferrer noopener\">La domination et les arts de la r\u00e9sistance<\/a><\/em><\/td><td class=\"has-text-align-left\" data-align=\"left\"><a href=\"http:\/\/www.philo-cvm.ca\/?page_id=3788\" target=\"_blank\" rel=\"noreferrer noopener\">Rapports dominants &#8211; domin\u00e9s<\/a><\/td><td class=\"has-text-align-left\" data-align=\"left\">Document d&rsquo;enqu\u00eate comprenant r\u00e9flexions, notes de cours, suivi des le\u00e7ons et m\u00e9diagraphie personnelle.<\/td><\/tr><tr><td class=\"has-text-align-left\" data-align=\"left\">Hip Hop <br>Cours 8<br>2 et 4 Avril<br><\/td><td class=\"has-text-align-left\" data-align=\"left\"><em><em>R\u00e9flexion commune<\/em><br>Participer \u00e0 l&rsquo;espace public que constitue le site internet d\u00e9di\u00e9 au cours.<\/em><\/td><td class=\"has-text-align-left\" data-align=\"left\">Invention d&rsquo;une nouvelle culture, danse, graffiti, chanson, attitude, sentiments.<\/td><td class=\"has-text-align-left\" data-align=\"left\">Artistes de la sc\u00e8ne Hip Hop am\u00e9ricaine et qu\u00e9b\u00e9coise. <br>Conf\u00e9rence de J\u00e9r\u00e9mie McEwen<\/td><td class=\"has-text-align-left\" data-align=\"left\">JEU DE CONCEPT<br><a rel=\"noreferrer noopener\" href=\"http:\/\/www.philo-cvm.ca\/?page_id=726\" target=\"_blank\">HIP ou HOP<\/a><\/td><td class=\"has-text-align-left\" data-align=\"left\">Contribuer \u00e0 la r\u00e9flexion commune en formulant des commentaires sur le site et en publiant des extraits de votre enqu\u00eate.<\/td><\/tr><tr><td class=\"has-text-align-left\" data-align=\"left\">Autochtones <br>Cours 9<br>9 et 11 Avril<\/td><td class=\"has-text-align-left\" data-align=\"left\"><em>M\u00e9thodologie<\/em><br>Chercher \u00e0 nous situer par rapport aux a priori qui d\u00e9terminent les relations avec les cultures autochtones.<\/td><td class=\"has-text-align-left\" data-align=\"left\">Universalisme ou culture particuli\u00e8re<\/td><td class=\"has-text-align-left\" data-align=\"left\">John Dewey<br><a rel=\"noreferrer noopener\" href=\"http:\/\/www.philo-cvm.ca\/?page_id=4087\" target=\"_blank\">Le public et ses probl\u00e8mes<\/a><br>Jos\u00e9phine Bacon<br><em><a rel=\"noreferrer noopener\" href=\"http:\/\/www.philo-cvm.ca\/?page_id=5766\" target=\"_blank\">Uapaki, Pour demain<\/a><\/em><br>Glen Sean Coulthard<br><em><a rel=\"noreferrer noopener\" href=\"http:\/\/www.philo-cvm.ca\/?page_id=1030\" target=\"_blank\">Peau rouge, masque blanc<\/a><\/em><\/td><td class=\"has-text-align-left\" data-align=\"left\"><a rel=\"noreferrer noopener\" href=\"http:\/\/www.philo-cvm.ca\/?page_id=4132\" target=\"_blank\">M\u00e9thode et r\u00e9flexion concernant le probl\u00e8me de la reconnaissance<\/a><\/td><td class=\"has-text-align-left\" data-align=\"left\"><strong>Remise de la seconde ENQU\u00caTE.<\/strong><\/td><\/tr><tr><td class=\"has-text-align-left\" data-align=\"left\">Autochtones <br>Cours 10<br>16 et 18 Avril<\/td><td class=\"has-text-align-left\" data-align=\"left\"><em>Contextualisation<\/em><br>Relecture de l&rsquo;histoire de des relations entre les Premi\u00e8res Nations et la soci\u00e9t\u00e9 qu\u00e9b\u00e9coise. <\/td><td class=\"has-text-align-left\" data-align=\"left\">Fabulation, colonialisme et offre de services<\/td><td class=\"has-text-align-left\" data-align=\"left\">An Antane Kapesh<br><em><a href=\"http:\/\/www.philo-cvm.ca\/?page_id=1042\" target=\"_blank\" rel=\"noreferrer noopener\">Je suis une maudite sauvagesse<\/a><\/em><br>Rapport final du CERP<br><em><a href=\"http:\/\/www.philo-cvm.ca\/?page_id=1046\" target=\"_blank\" rel=\"noreferrer noopener\">Commission d\u2019enqu\u00eate <\/a><\/em><\/td><td class=\"has-text-align-left\" data-align=\"left\"><a href=\"http:\/\/www.philo-cvm.ca\/?page_id=5959\" target=\"_blank\" rel=\"noreferrer noopener\">Lecture compar\u00e9e et mani\u00e8res de penser<\/a><\/td><td class=\"has-text-align-left\" data-align=\"left\">Document d&rsquo;enqu\u00eate comprenant r\u00e9flexions, notes de cours, suivi des le\u00e7ons et m\u00e9diagraphie personnelle.<\/td><\/tr><tr><td class=\"has-text-align-left\" data-align=\"left\">Autochtones <br>Cours 11<br>23 et 25 Avril<\/td><td class=\"has-text-align-left\" data-align=\"left\"><em>Conceptualisation<\/em><br>Que signifie penser en terme de justice, d&rsquo;\u00e9quit\u00e9 et de contrat social.<\/td><td class=\"has-text-align-left\" data-align=\"left\">Universalisme<\/td><td class=\"has-text-align-left\" data-align=\"left\">Jim Harrison<br><em><a href=\"http:\/\/www.philo-cvm.ca\/?page_id=963\" target=\"_blank\" rel=\"noreferrer noopener\">Seule la terre est \u00e9ternelle<\/a><\/em><br>John Rawls<br><em><a href=\"http:\/\/www.philo-cvm.ca\/?page_id=955\" target=\"_blank\" rel=\"noreferrer noopener\">Th\u00e9orie de la justice<\/a><\/em><\/td><td class=\"has-text-align-left\" data-align=\"left\"><a href=\"http:\/\/www.philo-cvm.ca\/?page_id=5953\" target=\"_blank\" rel=\"noreferrer noopener\">Une exp\u00e9rience de pens\u00e9e, entre objectivit\u00e9 et subjectivit\u00e9<\/a><\/td><td class=\"has-text-align-left\" data-align=\"left\">Document d&rsquo;enqu\u00eate comprenant r\u00e9flexions, notes de cours, suivi des le\u00e7ons et m\u00e9diagraphie personnelle.<\/td><\/tr><tr><td class=\"has-text-align-left\" data-align=\"left\">Autochtones <br>Cours 12<br>30 Avril et <br>2 Mai<br><\/td><td class=\"has-text-align-left\" data-align=\"left\"><em><em>R\u00e9flexion commune<\/em><br>Participer \u00e0 l&rsquo;espace public que constitue le site internet d\u00e9di\u00e9 au cours.<\/em><\/td><td class=\"has-text-align-left\" data-align=\"left\">Territoire po\u00e9tique ou se tenir sur le seuil d&rsquo;un univers inconnu<\/td><td class=\"has-text-align-left\" data-align=\"left\">Art et Litt\u00e9rature d&rsquo;artistes issus des communaut\u00e9s des Premi\u00e8res Nations<\/td><td class=\"has-text-align-left\" data-align=\"left\">JEU DE CONCEPT<br><a rel=\"noreferrer noopener\" href=\"http:\/\/www.philo-cvm.ca\/?page_id=4150\" target=\"_blank\">NOMADE<\/a><\/td><td class=\"has-text-align-left\" data-align=\"left\">Contribuer \u00e0 la r\u00e9flexion commune en formulant des commentaires sur le site et en publiant des extraits de votre enqu\u00eate.<\/td><\/tr><tr><td class=\"has-text-align-left\" data-align=\"left\">Synth\u00e8se<br>Cours 13<br>7 et 9 Mai<br><\/td><td class=\"has-text-align-left\" data-align=\"left\">Discussion ouverte sur l&rsquo;ensemble de nos enqu\u00eates. <\/td><td class=\"has-text-align-left\" data-align=\"left\">Peut-on cr\u00e9er de nouveaux horizons imaginaires?<\/td><td class=\"has-text-align-left\" data-align=\"left\">Pr\u00e9sentation de vos projets de r\u00e9daction finale<\/td><td class=\"has-text-align-left\" data-align=\"left\">Art philosophique et fabrique conceptuelle ou la Une du site.<\/td><td class=\"has-text-align-left\" data-align=\"left\"><\/td><\/tr><tr><td class=\"has-text-align-left\" data-align=\"left\">Aide individuelle<br>Cours 14<br>14 et 16 Mai<\/td><td class=\"has-text-align-left\" data-align=\"left\"><\/td><td class=\"has-text-align-left\" data-align=\"left\"><\/td><td class=\"has-text-align-left\" data-align=\"left\"><\/td><td class=\"has-text-align-left\" data-align=\"left\"><\/td><td class=\"has-text-align-left\" data-align=\"left\"><strong>Remise de la troisi\u00e8me ENQU\u00caTE.<\/strong> <\/td><\/tr><\/tbody><\/table><\/figure>\n<\/div><\/div>\n\n\n\n<p><\/p>\n","protected":false},"excerpt":{"rendered":"<p>Th\u00e9matiques, cours, semaines Orientation et fonction Position du probl\u00e8me Auteur.es, textes \u00e0 lire, r\u00e9f\u00e9rences Contenus th\u00e9oriques et le\u00e7ons Travaux et \u00e9valuation Accueil30 Janvier et 1er &#8230;<\/p>\n","protected":false},"author":1,"featured_media":27560,"parent":0,"menu_order":0,"comment_status":"closed","ping_status":"closed","template":"","meta":{"footnotes":""},"class_list":["post-7391","page","type-page","status-publish","has-post-thumbnail","hentry"],"_links":{"self":[{"href":"http:\/\/www.ethique-rlaroche.philo-cvm.ca\/index.php?rest_route=\/wp\/v2\/pages\/7391","targetHints":{"allow":["GET"]}}],"collection":[{"href":"http:\/\/www.ethique-rlaroche.philo-cvm.ca\/index.php?rest_route=\/wp\/v2\/pages"}],"about":[{"href":"http:\/\/www.ethique-rlaroche.philo-cvm.ca\/index.php?rest_route=\/wp\/v2\/types\/page"}],"author":[{"embeddable":true,"href":"http:\/\/www.ethique-rlaroche.philo-cvm.ca\/index.php?rest_route=\/wp\/v2\/users\/1"}],"replies":[{"embeddable":true,"href":"http:\/\/www.ethique-rlaroche.philo-cvm.ca\/index.php?rest_route=%2Fwp%2Fv2%2Fcomments&post=7391"}],"version-history":[{"count":89,"href":"http:\/\/www.ethique-rlaroche.philo-cvm.ca\/index.php?rest_route=\/wp\/v2\/pages\/7391\/revisions"}],"predecessor-version":[{"id":32528,"href":"http:\/\/www.ethique-rlaroche.philo-cvm.ca\/index.php?rest_route=\/wp\/v2\/pages\/7391\/revisions\/32528"}],"wp:featuredmedia":[{"embeddable":true,"href":"http:\/\/www.ethique-rlaroche.philo-cvm.ca\/index.php?rest_route=\/wp\/v2\/media\/27560"}],"wp:attachment":[{"href":"http:\/\/www.ethique-rlaroche.philo-cvm.ca\/index.php?rest_route=%2Fwp%2Fv2%2Fmedia&parent=7391"}],"curies":[{"name":"wp","href":"https:\/\/api.w.org\/{rel}","templated":true}]}}