{"id":711,"date":"2019-09-26T21:46:05","date_gmt":"2019-09-26T21:46:05","guid":{"rendered":"https:\/\/ethique-rlaroche.profweb.ca\/?page_id=711"},"modified":"2019-09-27T02:27:15","modified_gmt":"2019-09-27T02:27:15","slug":"le-communautarisme-4","status":"publish","type":"page","link":"http:\/\/www.ethique-rlaroche.philo-cvm.ca\/?page_id=711","title":{"rendered":"COMMUNAUTARISME"},"content":{"rendered":"\n<p style=\"text-align:center\">Le communautarisme demande qu&rsquo;on prenne en compte l&rsquo;alt\u00e9rit\u00e9 des humains sans imposer une forme de conformisme g\u00e9n\u00e9ralis\u00e9 et abstrait. <\/p>\n\n\n\n<p style=\"text-align:center\"><a href=\"http:\/\/www.philo-cvm.ca\/?page_id=700\">HIP<\/a><\/p>\n\n\n\n<p style=\"text-align:center\"><a href=\"http:\/\/www.philo-cvm.ca\/?page_id=814\">HOP<\/a><\/p>\n","protected":false},"excerpt":{"rendered":"<p>Le communautarisme demande qu&rsquo;on prenne en compte l&rsquo;alt\u00e9rit\u00e9 des humains sans imposer une forme de conformisme g\u00e9n\u00e9ralis\u00e9 et abstrait. HIP HOP<\/p>\n","protected":false},"author":1,"featured_media":706,"parent":0,"menu_order":0,"comment_status":"closed","ping_status":"closed","template":"","meta":{"footnotes":""},"class_list":["post-711","page","type-page","status-publish","has-post-thumbnail","hentry"],"_links":{"self":[{"href":"http:\/\/www.ethique-rlaroche.philo-cvm.ca\/index.php?rest_route=\/wp\/v2\/pages\/711","targetHints":{"allow":["GET"]}}],"collection":[{"href":"http:\/\/www.ethique-rlaroche.philo-cvm.ca\/index.php?rest_route=\/wp\/v2\/pages"}],"about":[{"href":"http:\/\/www.ethique-rlaroche.philo-cvm.ca\/index.php?rest_route=\/wp\/v2\/types\/page"}],"author":[{"embeddable":true,"href":"http:\/\/www.ethique-rlaroche.philo-cvm.ca\/index.php?rest_route=\/wp\/v2\/users\/1"}],"replies":[{"embeddable":true,"href":"http:\/\/www.ethique-rlaroche.philo-cvm.ca\/index.php?rest_route=%2Fwp%2Fv2%2Fcomments&post=711"}],"version-history":[{"count":4,"href":"http:\/\/www.ethique-rlaroche.philo-cvm.ca\/index.php?rest_route=\/wp\/v2\/pages\/711\/revisions"}],"predecessor-version":[{"id":817,"href":"http:\/\/www.ethique-rlaroche.philo-cvm.ca\/index.php?rest_route=\/wp\/v2\/pages\/711\/revisions\/817"}],"wp:featuredmedia":[{"embeddable":true,"href":"http:\/\/www.ethique-rlaroche.philo-cvm.ca\/index.php?rest_route=\/wp\/v2\/media\/706"}],"wp:attachment":[{"href":"http:\/\/www.ethique-rlaroche.philo-cvm.ca\/index.php?rest_route=%2Fwp%2Fv2%2Fmedia&parent=711"}],"curies":[{"name":"wp","href":"https:\/\/api.w.org\/{rel}","templated":true}]}}