{"id":694,"date":"2019-09-26T21:16:07","date_gmt":"2019-09-26T21:16:07","guid":{"rendered":"https:\/\/ethique-rlaroche.profweb.ca\/?page_id=694"},"modified":"2019-09-27T13:16:37","modified_gmt":"2019-09-27T13:16:37","slug":"le-liberalisme-3","status":"publish","type":"page","link":"http:\/\/www.ethique-rlaroche.philo-cvm.ca\/?page_id=694","title":{"rendered":"LIB\u00c9RALISME"},"content":{"rendered":"\n<p style=\"text-align:center\" class=\"has-regular-font-size\">Le lib\u00e9ralisme comprend l&rsquo;id\u00e9e que l&rsquo;\u00c9tat et le Droit ont pour fonction d&rsquo;assurer l&rsquo;ind\u00e9pendance des personnes devant l&#8217;emporter sur la majorit\u00e9.<\/p>\n\n\n\n<p style=\"text-align:center\"><a href=\"http:\/\/www.philo-cvm.ca\/?page_id=807\">HOP<\/a><\/p>\n\n\n\n<p style=\"text-align:center\"><a href=\"http:\/\/www.philo-cvm.ca\/?page_id=833\">HIP<\/a><\/p>\n","protected":false},"excerpt":{"rendered":"<p>Le lib\u00e9ralisme comprend l&rsquo;id\u00e9e que l&rsquo;\u00c9tat et le Droit ont pour fonction d&rsquo;assurer l&rsquo;ind\u00e9pendance des personnes devant l&#8217;emporter sur la majorit\u00e9. HOP HIP<\/p>\n","protected":false},"author":1,"featured_media":690,"parent":0,"menu_order":0,"comment_status":"closed","ping_status":"closed","template":"","meta":{"footnotes":""},"class_list":["post-694","page","type-page","status-publish","has-post-thumbnail","hentry"],"_links":{"self":[{"href":"http:\/\/www.ethique-rlaroche.philo-cvm.ca\/index.php?rest_route=\/wp\/v2\/pages\/694","targetHints":{"allow":["GET"]}}],"collection":[{"href":"http:\/\/www.ethique-rlaroche.philo-cvm.ca\/index.php?rest_route=\/wp\/v2\/pages"}],"about":[{"href":"http:\/\/www.ethique-rlaroche.philo-cvm.ca\/index.php?rest_route=\/wp\/v2\/types\/page"}],"author":[{"embeddable":true,"href":"http:\/\/www.ethique-rlaroche.philo-cvm.ca\/index.php?rest_route=\/wp\/v2\/users\/1"}],"replies":[{"embeddable":true,"href":"http:\/\/www.ethique-rlaroche.philo-cvm.ca\/index.php?rest_route=%2Fwp%2Fv2%2Fcomments&post=694"}],"version-history":[{"count":11,"href":"http:\/\/www.ethique-rlaroche.philo-cvm.ca\/index.php?rest_route=\/wp\/v2\/pages\/694\/revisions"}],"predecessor-version":[{"id":835,"href":"http:\/\/www.ethique-rlaroche.philo-cvm.ca\/index.php?rest_route=\/wp\/v2\/pages\/694\/revisions\/835"}],"wp:featuredmedia":[{"embeddable":true,"href":"http:\/\/www.ethique-rlaroche.philo-cvm.ca\/index.php?rest_route=\/wp\/v2\/media\/690"}],"wp:attachment":[{"href":"http:\/\/www.ethique-rlaroche.philo-cvm.ca\/index.php?rest_route=%2Fwp%2Fv2%2Fmedia&parent=694"}],"curies":[{"name":"wp","href":"https:\/\/api.w.org\/{rel}","templated":true}]}}