{"id":6793,"date":"2020-11-26T00:38:42","date_gmt":"2020-11-26T00:38:42","guid":{"rendered":"https:\/\/ethique-rlaroche.profweb.ca\/?page_id=6793"},"modified":"2021-11-20T20:27:25","modified_gmt":"2021-11-20T20:27:25","slug":"6793-2","status":"publish","type":"page","link":"http:\/\/www.ethique-rlaroche.philo-cvm.ca\/?page_id=6793","title":{"rendered":"Natasha Kanap\u00e9 Fontaine, N\u2019entre pas dans mon \u00e2me avec tes chaussures.6"},"content":{"rendered":"\n<p>J&rsquo;ai perdu mon nord. La boussole blanche s&rsquo;est cass\u00e9e.<\/p>\n\n\n\n<p>Je marche par tes d\u00e9tours, en attendant de fuir.<\/p>\n\n\n\n<p>Inerties.<\/p>\n\n\n\n<p>Bienvenu dans mon corps fatigu\u00e9, affam\u00e9 d&rsquo;un monde<\/p>\n\n\n\n<p>parall\u00e8le. J&rsquo;ai oubli\u00e9 la formule qui cassait  la brume des<\/p>\n\n\n\n<p>\u00eeles lointaines.<\/p>\n\n\n\n<p>En \u00e9change repose-toi en mon pays d\u00e9vast\u00e9.<\/p>\n\n\n\n<p>Je te pr\u00e9parerais la perdrix, si je le pouvais.<\/p>\n\n\n\n<p>Je susurre en oiseau d&rsquo;\u00e9t\u00e9.<\/p>\n\n\n\n<p>Incantation.<\/p>\n\n\n\n<p><em>\u00c9touffe-moi de lunes en vision d&rsquo;alors<\/em><\/p>\n\n\n\n<p><em>dans un tableau de Salvador.<\/em><\/p>\n\n\n\n<div class=\"wp-block-buttons is-layout-flex wp-block-buttons-is-layout-flex\">\n<div class=\"wp-block-button\"><a class=\"wp-block-button__link\" href=\"http:\/\/www.philo-cvm.ca\/?page_id=5980\">Bivouac<\/a><\/div>\n<\/div>\n","protected":false},"excerpt":{"rendered":"<p>J&rsquo;ai perdu mon nord. La boussole blanche s&rsquo;est cass\u00e9e. Je marche par tes d\u00e9tours, en attendant de fuir. Inerties. Bienvenu dans mon corps fatigu\u00e9, affam\u00e9 &#8230;<\/p>\n","protected":false},"author":1,"featured_media":6795,"parent":0,"menu_order":0,"comment_status":"closed","ping_status":"closed","template":"","meta":{"footnotes":""},"class_list":["post-6793","page","type-page","status-publish","has-post-thumbnail","hentry"],"_links":{"self":[{"href":"http:\/\/www.ethique-rlaroche.philo-cvm.ca\/index.php?rest_route=\/wp\/v2\/pages\/6793","targetHints":{"allow":["GET"]}}],"collection":[{"href":"http:\/\/www.ethique-rlaroche.philo-cvm.ca\/index.php?rest_route=\/wp\/v2\/pages"}],"about":[{"href":"http:\/\/www.ethique-rlaroche.philo-cvm.ca\/index.php?rest_route=\/wp\/v2\/types\/page"}],"author":[{"embeddable":true,"href":"http:\/\/www.ethique-rlaroche.philo-cvm.ca\/index.php?rest_route=\/wp\/v2\/users\/1"}],"replies":[{"embeddable":true,"href":"http:\/\/www.ethique-rlaroche.philo-cvm.ca\/index.php?rest_route=%2Fwp%2Fv2%2Fcomments&post=6793"}],"version-history":[{"count":6,"href":"http:\/\/www.ethique-rlaroche.philo-cvm.ca\/index.php?rest_route=\/wp\/v2\/pages\/6793\/revisions"}],"predecessor-version":[{"id":17113,"href":"http:\/\/www.ethique-rlaroche.philo-cvm.ca\/index.php?rest_route=\/wp\/v2\/pages\/6793\/revisions\/17113"}],"wp:featuredmedia":[{"embeddable":true,"href":"http:\/\/www.ethique-rlaroche.philo-cvm.ca\/index.php?rest_route=\/wp\/v2\/media\/6795"}],"wp:attachment":[{"href":"http:\/\/www.ethique-rlaroche.philo-cvm.ca\/index.php?rest_route=%2Fwp%2Fv2%2Fmedia&parent=6793"}],"curies":[{"name":"wp","href":"https:\/\/api.w.org\/{rel}","templated":true}]}}