{"id":6788,"date":"2020-11-25T23:27:03","date_gmt":"2020-11-25T23:27:03","guid":{"rendered":"https:\/\/ethique-rlaroche.profweb.ca\/?page_id=6788"},"modified":"2021-11-20T19:08:59","modified_gmt":"2021-11-20T19:08:59","slug":"6788-2","status":"publish","type":"page","link":"http:\/\/www.ethique-rlaroche.philo-cvm.ca\/?page_id=6788","title":{"rendered":"Natasha Kanap\u00e9 Fontaine, N\u2019entre pas dans mon \u00e2me avec tes chaussures.5"},"content":{"rendered":"\n<p>Tends un voile de soleil<\/p>\n\n\n\n<p>au soir tendre<\/p>\n\n\n\n<p>d\u00e9trempant le possible<\/p>\n\n\n\n<p>ce qui peut \u00eatre<\/p>\n\n\n\n<p>biographies tiss\u00e9es<\/p>\n\n\n\n<p>en m\u00e9moire<\/p>\n\n\n\n<p>le temps \u00e0 sa perte<\/p>\n\n\n\n<p><em>katshinassimuna<\/em> peut-\u00eatre.<\/p>\n\n\n\n<div class=\"wp-block-buttons is-layout-flex wp-block-buttons-is-layout-flex\">\n<div class=\"wp-block-button\"><a class=\"wp-block-button__link\" href=\"http:\/\/www.philo-cvm.ca\/?page_id=6793\">Sentier<\/a><\/div>\n<\/div>\n","protected":false},"excerpt":{"rendered":"<p>Tends un voile de soleil au soir tendre d\u00e9trempant le possible ce qui peut \u00eatre biographies tiss\u00e9es en m\u00e9moire le temps \u00e0 sa perte katshinassimuna &#8230;<\/p>\n","protected":false},"author":1,"featured_media":6790,"parent":0,"menu_order":0,"comment_status":"closed","ping_status":"closed","template":"","meta":{"footnotes":""},"class_list":["post-6788","page","type-page","status-publish","has-post-thumbnail","hentry"],"_links":{"self":[{"href":"http:\/\/www.ethique-rlaroche.philo-cvm.ca\/index.php?rest_route=\/wp\/v2\/pages\/6788","targetHints":{"allow":["GET"]}}],"collection":[{"href":"http:\/\/www.ethique-rlaroche.philo-cvm.ca\/index.php?rest_route=\/wp\/v2\/pages"}],"about":[{"href":"http:\/\/www.ethique-rlaroche.philo-cvm.ca\/index.php?rest_route=\/wp\/v2\/types\/page"}],"author":[{"embeddable":true,"href":"http:\/\/www.ethique-rlaroche.philo-cvm.ca\/index.php?rest_route=\/wp\/v2\/users\/1"}],"replies":[{"embeddable":true,"href":"http:\/\/www.ethique-rlaroche.philo-cvm.ca\/index.php?rest_route=%2Fwp%2Fv2%2Fcomments&post=6788"}],"version-history":[{"count":4,"href":"http:\/\/www.ethique-rlaroche.philo-cvm.ca\/index.php?rest_route=\/wp\/v2\/pages\/6788\/revisions"}],"predecessor-version":[{"id":17064,"href":"http:\/\/www.ethique-rlaroche.philo-cvm.ca\/index.php?rest_route=\/wp\/v2\/pages\/6788\/revisions\/17064"}],"wp:featuredmedia":[{"embeddable":true,"href":"http:\/\/www.ethique-rlaroche.philo-cvm.ca\/index.php?rest_route=\/wp\/v2\/media\/6790"}],"wp:attachment":[{"href":"http:\/\/www.ethique-rlaroche.philo-cvm.ca\/index.php?rest_route=%2Fwp%2Fv2%2Fmedia&parent=6788"}],"curies":[{"name":"wp","href":"https:\/\/api.w.org\/{rel}","templated":true}]}}