{"id":6774,"date":"2020-11-23T23:28:43","date_gmt":"2020-11-23T23:28:43","guid":{"rendered":"https:\/\/ethique-rlaroche.profweb.ca\/?page_id=6774"},"modified":"2021-11-20T19:52:41","modified_gmt":"2021-11-20T19:52:41","slug":"6774-2","status":"publish","type":"page","link":"http:\/\/www.ethique-rlaroche.philo-cvm.ca\/?page_id=6774","title":{"rendered":"Jean Sioui, Le couteau croche.8"},"content":{"rendered":"\n<p>Coups de poing sur le capteur de r\u00eaves<\/p>\n\n\n\n<p>Des os canc\u00e9reux dans les sacs de m\u00e9decine<\/p>\n\n\n\n<p>Des cr\u00e2nes \u00e9cras\u00e9s par des b\u00e2tons de parole<\/p>\n\n\n\n<p>L&rsquo;arc band\u00e9 devant tant de peines<\/p>\n\n\n\n<p>Tu fumes dans ta pipe des herbes mal\u00e9fiques<\/p>\n\n\n\n<p>Respires l&rsquo;essence dans le cri des corbeaux<\/p>\n\n\n\n<p>Les masques des indiens se lamentent<\/p>\n\n\n\n<p>Dans les pages du monde<\/p>\n\n\n\n<p>Au bout d&rsquo;autant de d\u00e9chets<\/p>\n\n\n\n<p>Tu transportes sous ta peau<\/p>\n\n\n\n<p>Des odeurs de pensionnats<\/p>\n\n\n\n<p>Nu dans l&rsquo;eau noire du marasme de ton existence<\/p>\n\n\n\n<p>Cesse de ramer contre tes souvenirs amers<\/p>\n\n\n\n<p>Je sais ce que cache ton whisky<\/p>\n\n\n\n<p>Croque le grand arbre de la vie<\/p>\n\n\n\n<p>Casse-toi quelques dents pourries<\/p>\n\n\n\n<p>Avant de boire sous l&rsquo;\u00e9corce d&rsquo;une vie nouvel<\/p>\n\n\n\n<div class=\"wp-block-buttons is-layout-flex wp-block-buttons-is-layout-flex\">\n<div class=\"wp-block-button\"><a class=\"wp-block-button__link\" href=\"http:\/\/www.philo-cvm.ca\/?page_id=6695\">Bivouac<\/a><\/div>\n<\/div>\n","protected":false},"excerpt":{"rendered":"<p>Coups de poing sur le capteur de r\u00eaves Des os canc\u00e9reux dans les sacs de m\u00e9decine Des cr\u00e2nes \u00e9cras\u00e9s par des b\u00e2tons de parole L&rsquo;arc &#8230;<\/p>\n","protected":false},"author":1,"featured_media":6776,"parent":0,"menu_order":0,"comment_status":"closed","ping_status":"closed","template":"","meta":{"footnotes":""},"class_list":["post-6774","page","type-page","status-publish","has-post-thumbnail","hentry"],"_links":{"self":[{"href":"http:\/\/www.ethique-rlaroche.philo-cvm.ca\/index.php?rest_route=\/wp\/v2\/pages\/6774","targetHints":{"allow":["GET"]}}],"collection":[{"href":"http:\/\/www.ethique-rlaroche.philo-cvm.ca\/index.php?rest_route=\/wp\/v2\/pages"}],"about":[{"href":"http:\/\/www.ethique-rlaroche.philo-cvm.ca\/index.php?rest_route=\/wp\/v2\/types\/page"}],"author":[{"embeddable":true,"href":"http:\/\/www.ethique-rlaroche.philo-cvm.ca\/index.php?rest_route=\/wp\/v2\/users\/1"}],"replies":[{"embeddable":true,"href":"http:\/\/www.ethique-rlaroche.philo-cvm.ca\/index.php?rest_route=%2Fwp%2Fv2%2Fcomments&post=6774"}],"version-history":[{"count":3,"href":"http:\/\/www.ethique-rlaroche.philo-cvm.ca\/index.php?rest_route=\/wp\/v2\/pages\/6774\/revisions"}],"predecessor-version":[{"id":17100,"href":"http:\/\/www.ethique-rlaroche.philo-cvm.ca\/index.php?rest_route=\/wp\/v2\/pages\/6774\/revisions\/17100"}],"wp:featuredmedia":[{"embeddable":true,"href":"http:\/\/www.ethique-rlaroche.philo-cvm.ca\/index.php?rest_route=\/wp\/v2\/media\/6776"}],"wp:attachment":[{"href":"http:\/\/www.ethique-rlaroche.philo-cvm.ca\/index.php?rest_route=%2Fwp%2Fv2%2Fmedia&parent=6774"}],"curies":[{"name":"wp","href":"https:\/\/api.w.org\/{rel}","templated":true}]}}