{"id":6769,"date":"2020-11-23T23:19:51","date_gmt":"2020-11-23T23:19:51","guid":{"rendered":"https:\/\/ethique-rlaroche.profweb.ca\/?page_id=6769"},"modified":"2021-11-20T19:52:26","modified_gmt":"2021-11-20T19:52:26","slug":"6769-2","status":"publish","type":"page","link":"http:\/\/www.ethique-rlaroche.philo-cvm.ca\/?page_id=6769","title":{"rendered":"Jean Sioui, Le couteau croche.7"},"content":{"rendered":"\n<p>Une rouge saison \u00e0 l&rsquo;\u00e2me<\/p>\n\n\n\n<p>le tambour d&rsquo;eau g\u00ean\u00e9<\/p>\n\n\n\n<p>Un couteau croche au mus\u00e9e<\/p>\n\n\n\n<p>Des t\u00eates d\u00e9plum\u00e9es<\/p>\n\n\n\n<p>Autour d&rsquo;un brasier mal entretenu<\/p>\n\n\n\n<p>Des jeunes prient \u00e0 genoux<\/p>\n\n\n\n<p>Pour faire taire le grand rire<\/p>\n\n\n\n<p>Une vie d\u00e9racin\u00e9e<\/p>\n\n\n\n<p>La peur \u00e9parpill\u00e9e dans les villes<\/p>\n\n\n\n<p>Des vieux qui se bercent \u00e0 l&rsquo;envers<\/p>\n\n\n\n<p>\u00c9coutent des l\u00e9gendes aux radios-poubelles<\/p>\n\n\n\n<p>La po\u00e9sie sauvage se couche dans les ruelles<\/p>\n\n\n\n<p>Je pleure aux parcs des for\u00eats modernes<\/p>\n\n\n\n<p>O\u00f9 les arbres s&rsquo;\u00e9pellent poteaux<\/p>\n\n\n\n<p>L&rsquo;esprit souffrant sur un wampum<\/p>\n\n\n\n<p>Qui perd ses perles<\/p>\n\n\n\n<div class=\"wp-block-buttons is-layout-flex wp-block-buttons-is-layout-flex\">\n<div class=\"wp-block-button\"><a class=\"wp-block-button__link\" href=\"http:\/\/www.philo-cvm.ca\/?page_id=6774\">Sentier<\/a><\/div>\n<\/div>\n","protected":false},"excerpt":{"rendered":"<p>Une rouge saison \u00e0 l&rsquo;\u00e2me le tambour d&rsquo;eau g\u00ean\u00e9 Un couteau croche au mus\u00e9e Des t\u00eates d\u00e9plum\u00e9es Autour d&rsquo;un brasier mal entretenu Des jeunes prient &#8230;<\/p>\n","protected":false},"author":1,"featured_media":6772,"parent":0,"menu_order":0,"comment_status":"closed","ping_status":"closed","template":"","meta":{"footnotes":""},"class_list":["post-6769","page","type-page","status-publish","has-post-thumbnail","hentry"],"_links":{"self":[{"href":"http:\/\/www.ethique-rlaroche.philo-cvm.ca\/index.php?rest_route=\/wp\/v2\/pages\/6769","targetHints":{"allow":["GET"]}}],"collection":[{"href":"http:\/\/www.ethique-rlaroche.philo-cvm.ca\/index.php?rest_route=\/wp\/v2\/pages"}],"about":[{"href":"http:\/\/www.ethique-rlaroche.philo-cvm.ca\/index.php?rest_route=\/wp\/v2\/types\/page"}],"author":[{"embeddable":true,"href":"http:\/\/www.ethique-rlaroche.philo-cvm.ca\/index.php?rest_route=\/wp\/v2\/users\/1"}],"replies":[{"embeddable":true,"href":"http:\/\/www.ethique-rlaroche.philo-cvm.ca\/index.php?rest_route=%2Fwp%2Fv2%2Fcomments&post=6769"}],"version-history":[{"count":3,"href":"http:\/\/www.ethique-rlaroche.philo-cvm.ca\/index.php?rest_route=\/wp\/v2\/pages\/6769\/revisions"}],"predecessor-version":[{"id":17099,"href":"http:\/\/www.ethique-rlaroche.philo-cvm.ca\/index.php?rest_route=\/wp\/v2\/pages\/6769\/revisions\/17099"}],"wp:featuredmedia":[{"embeddable":true,"href":"http:\/\/www.ethique-rlaroche.philo-cvm.ca\/index.php?rest_route=\/wp\/v2\/media\/6772"}],"wp:attachment":[{"href":"http:\/\/www.ethique-rlaroche.philo-cvm.ca\/index.php?rest_route=%2Fwp%2Fv2%2Fmedia&parent=6769"}],"curies":[{"name":"wp","href":"https:\/\/api.w.org\/{rel}","templated":true}]}}