{"id":6765,"date":"2020-11-23T23:05:38","date_gmt":"2020-11-23T23:05:38","guid":{"rendered":"https:\/\/ethique-rlaroche.profweb.ca\/?page_id=6765"},"modified":"2021-11-20T19:52:12","modified_gmt":"2021-11-20T19:52:12","slug":"6765-2","status":"publish","type":"page","link":"http:\/\/www.ethique-rlaroche.philo-cvm.ca\/?page_id=6765","title":{"rendered":"Jean Sioui, Le couteau croche.6"},"content":{"rendered":"\n<p>Les Wendat sont une erreur \u00e0 encourager<\/p>\n\n\n\n<p>Ils devaient traverser le pays missel au bout des bras<\/p>\n\n\n\n<p>Ils devaient mourir dans des peaux de variole<\/p>\n\n\n\n<p>\u00c9coute le sang qui bronche encore dans mes veines<\/p>\n\n\n\n<p>Ma bouche qui mange au d\u00e9troit de l&rsquo;histoire<\/p>\n\n\n\n<p>Plus aucun passage ne sortira des l\u00e8vres de l&rsquo;interpr\u00e8te<\/p>\n\n\n\n<p>J&rsquo;entre par la parole qui brise l&rsquo;\u00e9mancipation<\/p>\n\n\n\n<p>J&rsquo;engraisse ma terre d&rsquo;une \u00e9paisseur rouge<\/p>\n\n\n\n<p>Pos\u00e9e \u00e0 c\u00f4t\u00e9 de ta blanche pr\u00e9sence<\/p>\n\n\n\n<p>Cercle habit\u00e9 de proph\u00e9ties nouvelles<\/p>\n\n\n\n<div class=\"wp-block-buttons is-layout-flex wp-block-buttons-is-layout-flex\">\n<div class=\"wp-block-button\"><a class=\"wp-block-button__link\" href=\"http:\/\/www.philo-cvm.ca\/?page_id=6769\">Sentier<\/a><\/div>\n<\/div>\n","protected":false},"excerpt":{"rendered":"<p>Les Wendat sont une erreur \u00e0 encourager Ils devaient traverser le pays missel au bout des bras Ils devaient mourir dans des peaux de variole &#8230;<\/p>\n","protected":false},"author":1,"featured_media":6767,"parent":0,"menu_order":0,"comment_status":"closed","ping_status":"closed","template":"","meta":{"footnotes":""},"class_list":["post-6765","page","type-page","status-publish","has-post-thumbnail","hentry"],"_links":{"self":[{"href":"http:\/\/www.ethique-rlaroche.philo-cvm.ca\/index.php?rest_route=\/wp\/v2\/pages\/6765","targetHints":{"allow":["GET"]}}],"collection":[{"href":"http:\/\/www.ethique-rlaroche.philo-cvm.ca\/index.php?rest_route=\/wp\/v2\/pages"}],"about":[{"href":"http:\/\/www.ethique-rlaroche.philo-cvm.ca\/index.php?rest_route=\/wp\/v2\/types\/page"}],"author":[{"embeddable":true,"href":"http:\/\/www.ethique-rlaroche.philo-cvm.ca\/index.php?rest_route=\/wp\/v2\/users\/1"}],"replies":[{"embeddable":true,"href":"http:\/\/www.ethique-rlaroche.philo-cvm.ca\/index.php?rest_route=%2Fwp%2Fv2%2Fcomments&post=6765"}],"version-history":[{"count":3,"href":"http:\/\/www.ethique-rlaroche.philo-cvm.ca\/index.php?rest_route=\/wp\/v2\/pages\/6765\/revisions"}],"predecessor-version":[{"id":17098,"href":"http:\/\/www.ethique-rlaroche.philo-cvm.ca\/index.php?rest_route=\/wp\/v2\/pages\/6765\/revisions\/17098"}],"wp:featuredmedia":[{"embeddable":true,"href":"http:\/\/www.ethique-rlaroche.philo-cvm.ca\/index.php?rest_route=\/wp\/v2\/media\/6767"}],"wp:attachment":[{"href":"http:\/\/www.ethique-rlaroche.philo-cvm.ca\/index.php?rest_route=%2Fwp%2Fv2%2Fmedia&parent=6765"}],"curies":[{"name":"wp","href":"https:\/\/api.w.org\/{rel}","templated":true}]}}