{"id":6753,"date":"2020-11-23T22:26:27","date_gmt":"2020-11-23T22:26:27","guid":{"rendered":"https:\/\/ethique-rlaroche.profweb.ca\/?page_id=6753"},"modified":"2021-11-20T19:18:55","modified_gmt":"2021-11-20T19:18:55","slug":"6753-2","status":"publish","type":"page","link":"http:\/\/www.ethique-rlaroche.philo-cvm.ca\/?page_id=6753","title":{"rendered":"Katherena Vermette, Ballades d&rsquo;amour du North End.4"},"content":{"rendered":"\n<p>PRITCHARD PARK<\/p>\n\n\n\n<p>assise sur<\/p>\n\n\n\n<p>le dernier banc du parc<\/p>\n\n\n\n<p>elle souffle fum\u00e9e de cigarette<\/p>\n\n\n\n<p>et froid<\/p>\n\n\n\n<p>ses doigts suivent<\/p>\n\n\n\n<p>le rude<\/p>\n\n\n\n<p>trac\u00e9 des lignes<\/p>\n\n\n\n<p>sculpt\u00e9es par d&rsquo;autres<\/p>\n\n\n\n<p>dans le bois<\/p>\n\n\n\n<p>sa fille la plus jeune appelle<\/p>\n\n\n\n<p>veut se balancer <\/p>\n\n\n\n<p>veut qu&rsquo;on la pousse<\/p>\n\n\n\n<p>que ses pieds frappent le ciel<\/p>\n\n\n\n<p>que son petit visage fasse mal<\/p>\n\n\n\n<p>de tant de vent<\/p>\n\n\n\n<p>et de rires<\/p>\n\n\n\n<p>elle \u00e9crase <\/p>\n\n\n\n<p>sa cigarette \u00e0 moiti\u00e9 fum\u00e9e<\/p>\n\n\n\n<p>avance en tr\u00e9buchant vers<\/p>\n\n\n\n<p>le module de jeu<\/p>\n\n\n\n<p>o\u00f9 sa fille la plus vieille mart\u00e8le<\/p>\n\n\n\n<p>de ses bottes la passerelle<\/p>\n\n\n\n<p>glac\u00e9e<\/p>\n\n\n\n<p>elle aime le son<\/p>\n\n\n\n<p>le chant des charni\u00e8res<\/p>\n\n\n\n<p>si particulier<\/p>\n\n\n\n<p>en hiver<\/p>\n\n\n\n<div class=\"wp-block-buttons is-layout-flex wp-block-buttons-is-layout-flex\">\n<div class=\"wp-block-button\"><a class=\"wp-block-button__link\" href=\"http:\/\/www.philo-cvm.ca\/?page_id=6003\">Bivouac<\/a><\/div>\n<\/div>\n","protected":false},"excerpt":{"rendered":"<p>PRITCHARD PARK assise sur le dernier banc du parc elle souffle fum\u00e9e de cigarette et froid ses doigts suivent le rude trac\u00e9 des lignes sculpt\u00e9es &#8230;<\/p>\n","protected":false},"author":1,"featured_media":6755,"parent":0,"menu_order":0,"comment_status":"closed","ping_status":"closed","template":"","meta":{"footnotes":""},"class_list":["post-6753","page","type-page","status-publish","has-post-thumbnail","hentry"],"_links":{"self":[{"href":"http:\/\/www.ethique-rlaroche.philo-cvm.ca\/index.php?rest_route=\/wp\/v2\/pages\/6753","targetHints":{"allow":["GET"]}}],"collection":[{"href":"http:\/\/www.ethique-rlaroche.philo-cvm.ca\/index.php?rest_route=\/wp\/v2\/pages"}],"about":[{"href":"http:\/\/www.ethique-rlaroche.philo-cvm.ca\/index.php?rest_route=\/wp\/v2\/types\/page"}],"author":[{"embeddable":true,"href":"http:\/\/www.ethique-rlaroche.philo-cvm.ca\/index.php?rest_route=\/wp\/v2\/users\/1"}],"replies":[{"embeddable":true,"href":"http:\/\/www.ethique-rlaroche.philo-cvm.ca\/index.php?rest_route=%2Fwp%2Fv2%2Fcomments&post=6753"}],"version-history":[{"count":4,"href":"http:\/\/www.ethique-rlaroche.philo-cvm.ca\/index.php?rest_route=\/wp\/v2\/pages\/6753\/revisions"}],"predecessor-version":[{"id":17079,"href":"http:\/\/www.ethique-rlaroche.philo-cvm.ca\/index.php?rest_route=\/wp\/v2\/pages\/6753\/revisions\/17079"}],"wp:featuredmedia":[{"embeddable":true,"href":"http:\/\/www.ethique-rlaroche.philo-cvm.ca\/index.php?rest_route=\/wp\/v2\/media\/6755"}],"wp:attachment":[{"href":"http:\/\/www.ethique-rlaroche.philo-cvm.ca\/index.php?rest_route=%2Fwp%2Fv2%2Fmedia&parent=6753"}],"curies":[{"name":"wp","href":"https:\/\/api.w.org\/{rel}","templated":true}]}}