{"id":6748,"date":"2020-11-23T22:19:19","date_gmt":"2020-11-23T22:19:19","guid":{"rendered":"https:\/\/ethique-rlaroche.profweb.ca\/?page_id=6748"},"modified":"2021-11-20T19:18:37","modified_gmt":"2021-11-20T19:18:37","slug":"6748-2","status":"publish","type":"page","link":"http:\/\/www.ethique-rlaroche.philo-cvm.ca\/?page_id=6748","title":{"rendered":"Katherena Vermette, Ballades d&rsquo;amour du North End.3"},"content":{"rendered":"\n<p>3<\/p>\n\n\n\n<p>colibri<\/p>\n\n\n\n<p>une fille descend<\/p>\n\n\n\n<p>selkirk avenue<\/p>\n\n\n\n<p>en voiture<\/p>\n\n\n\n<p>regarde devant <\/p>\n\n\n\n<p>comme si elle<\/p>\n\n\n\n<p>ne les voyait pas tous<\/p>\n\n\n\n<p>personne n&rsquo;entrera<\/p>\n\n\n\n<p>porti\u00e8res verrouill\u00e9es<\/p>\n\n\n\n<p>voix du dehors<\/p>\n\n\n\n<p>englouties sous<\/p>\n\n\n\n<p>la musique trop forte<\/p>\n\n\n\n<p>et les vitres ne sont<\/p>\n\n\n\n<p>rien que des \u00e9crans t\u00e9l\u00e9<\/p>\n\n\n\n<p>et les autres filles<\/p>\n\n\n\n<p>dans la rue<\/p>\n\n\n\n<p>rien qu&rsquo;un spectacle<\/p>\n\n\n\n<div class=\"wp-block-buttons is-layout-flex wp-block-buttons-is-layout-flex\">\n<div class=\"wp-block-button\"><a class=\"wp-block-button__link\" href=\"http:\/\/www.philo-cvm.ca\/?page_id=6753\">Sentier<\/a><\/div>\n<\/div>\n","protected":false},"excerpt":{"rendered":"<p>3 colibri une fille descend selkirk avenue en voiture regarde devant comme si elle ne les voyait pas tous personne n&rsquo;entrera porti\u00e8res verrouill\u00e9es voix du &#8230;<\/p>\n","protected":false},"author":1,"featured_media":6750,"parent":0,"menu_order":0,"comment_status":"closed","ping_status":"closed","template":"","meta":{"footnotes":""},"class_list":["post-6748","page","type-page","status-publish","has-post-thumbnail","hentry"],"_links":{"self":[{"href":"http:\/\/www.ethique-rlaroche.philo-cvm.ca\/index.php?rest_route=\/wp\/v2\/pages\/6748","targetHints":{"allow":["GET"]}}],"collection":[{"href":"http:\/\/www.ethique-rlaroche.philo-cvm.ca\/index.php?rest_route=\/wp\/v2\/pages"}],"about":[{"href":"http:\/\/www.ethique-rlaroche.philo-cvm.ca\/index.php?rest_route=\/wp\/v2\/types\/page"}],"author":[{"embeddable":true,"href":"http:\/\/www.ethique-rlaroche.philo-cvm.ca\/index.php?rest_route=\/wp\/v2\/users\/1"}],"replies":[{"embeddable":true,"href":"http:\/\/www.ethique-rlaroche.philo-cvm.ca\/index.php?rest_route=%2Fwp%2Fv2%2Fcomments&post=6748"}],"version-history":[{"count":4,"href":"http:\/\/www.ethique-rlaroche.philo-cvm.ca\/index.php?rest_route=\/wp\/v2\/pages\/6748\/revisions"}],"predecessor-version":[{"id":17078,"href":"http:\/\/www.ethique-rlaroche.philo-cvm.ca\/index.php?rest_route=\/wp\/v2\/pages\/6748\/revisions\/17078"}],"wp:featuredmedia":[{"embeddable":true,"href":"http:\/\/www.ethique-rlaroche.philo-cvm.ca\/index.php?rest_route=\/wp\/v2\/media\/6750"}],"wp:attachment":[{"href":"http:\/\/www.ethique-rlaroche.philo-cvm.ca\/index.php?rest_route=%2Fwp%2Fv2%2Fmedia&parent=6748"}],"curies":[{"name":"wp","href":"https:\/\/api.w.org\/{rel}","templated":true}]}}