{"id":6741,"date":"2020-11-23T22:06:34","date_gmt":"2020-11-23T22:06:34","guid":{"rendered":"https:\/\/ethique-rlaroche.profweb.ca\/?page_id=6741"},"modified":"2021-11-20T19:18:19","modified_gmt":"2021-11-20T19:18:19","slug":"6741-2","status":"publish","type":"page","link":"http:\/\/www.ethique-rlaroche.philo-cvm.ca\/?page_id=6741","title":{"rendered":"Katherena Vermette, Ballades d&rsquo;amour du North End.2"},"content":{"rendered":"\n<p>2<\/p>\n\n\n\n<h4 class=\"wp-block-heading\">rouge-gorge<\/h4>\n\n\n\n<p>Une fille se tient sur<\/p>\n\n\n\n<p>selkirk avenue<\/p>\n\n\n\n<p>t\u00eate baiss\u00e9e<\/p>\n\n\n\n<p>son corps pleure<\/p>\n\n\n\n<p>pareil \u00e0 un enfant seul<\/p>\n\n\n\n<p>tourne<\/p>\n\n\n\n<p>en rond<\/p>\n\n\n\n<p>son corps trop jeune coinc\u00e9<\/p>\n\n\n\n<p>dans des v\u00eatements moulants<\/p>\n\n\n\n<p>elle expire l&rsquo;air<\/p>\n\n\n\n<p>\u00e0 pleine poitrine<\/p>\n\n\n\n<p>rayonnante<\/p>\n\n\n\n<p>et rouge<\/p>\n\n\n\n<p>comme si elle \u00e9tait <\/p>\n\n\n\n<p>belle<\/p>\n\n\n\n<p>comme si elle \u00e9tait<\/p>\n\n\n\n<p>fi\u00e8re<\/p>\n\n\n\n<div class=\"wp-block-buttons is-layout-flex wp-block-buttons-is-layout-flex\">\n<div class=\"wp-block-button\"><a class=\"wp-block-button__link\" href=\"http:\/\/www.philo-cvm.ca\/?page_id=6748\">Sentier<\/a><\/div>\n<\/div>\n","protected":false},"excerpt":{"rendered":"<p>2 rouge-gorge Une fille se tient sur selkirk avenue t\u00eate baiss\u00e9e son corps pleure pareil \u00e0 un enfant seul tourne en rond son corps trop &#8230;<\/p>\n","protected":false},"author":1,"featured_media":6747,"parent":0,"menu_order":0,"comment_status":"closed","ping_status":"closed","template":"","meta":{"footnotes":""},"class_list":["post-6741","page","type-page","status-publish","has-post-thumbnail","hentry"],"_links":{"self":[{"href":"http:\/\/www.ethique-rlaroche.philo-cvm.ca\/index.php?rest_route=\/wp\/v2\/pages\/6741","targetHints":{"allow":["GET"]}}],"collection":[{"href":"http:\/\/www.ethique-rlaroche.philo-cvm.ca\/index.php?rest_route=\/wp\/v2\/pages"}],"about":[{"href":"http:\/\/www.ethique-rlaroche.philo-cvm.ca\/index.php?rest_route=\/wp\/v2\/types\/page"}],"author":[{"embeddable":true,"href":"http:\/\/www.ethique-rlaroche.philo-cvm.ca\/index.php?rest_route=\/wp\/v2\/users\/1"}],"replies":[{"embeddable":true,"href":"http:\/\/www.ethique-rlaroche.philo-cvm.ca\/index.php?rest_route=%2Fwp%2Fv2%2Fcomments&post=6741"}],"version-history":[{"count":4,"href":"http:\/\/www.ethique-rlaroche.philo-cvm.ca\/index.php?rest_route=\/wp\/v2\/pages\/6741\/revisions"}],"predecessor-version":[{"id":17077,"href":"http:\/\/www.ethique-rlaroche.philo-cvm.ca\/index.php?rest_route=\/wp\/v2\/pages\/6741\/revisions\/17077"}],"wp:featuredmedia":[{"embeddable":true,"href":"http:\/\/www.ethique-rlaroche.philo-cvm.ca\/index.php?rest_route=\/wp\/v2\/media\/6747"}],"wp:attachment":[{"href":"http:\/\/www.ethique-rlaroche.philo-cvm.ca\/index.php?rest_route=%2Fwp%2Fv2%2Fmedia&parent=6741"}],"curies":[{"name":"wp","href":"https:\/\/api.w.org\/{rel}","templated":true}]}}