{"id":6710,"date":"2020-11-23T20:52:47","date_gmt":"2020-11-23T20:52:47","guid":{"rendered":"https:\/\/ethique-rlaroche.profweb.ca\/?page_id=6710"},"modified":"2021-11-20T19:14:08","modified_gmt":"2021-11-20T19:14:08","slug":"nomade-7","status":"publish","type":"page","link":"http:\/\/www.ethique-rlaroche.philo-cvm.ca\/?page_id=6710","title":{"rendered":"Naomi Fontaine, Kuessipan.7"},"content":{"rendered":"\n<p>Ils ont accus\u00e9 le brouillard. La brume habituelle des soirs de mai. Le vent mouill\u00e9 de la mer qui fait pousser les nuages gris sur la route qui relie Uashat et Mani-utenam. \u00c7a devait \u00eatre un brouillard \u00e9pais, opaque, infranchissable. \u00c7a devait \u00eatre une nuit noire, obscure, sans lune. Les voitures devaient \u00eatre absente. Il devait \u00eatre seul \u00e0 garder la route, \u00e0 s&rsquo;orienter, \u00e0 enfoncer l&rsquo;air tremp\u00e9. Les arbres, les poteaux devaient se cacher derri\u00e8re cette \u00e9paisse grisaille. La peur, le manque d&rsquo;exp\u00e9rience, la vitesse, la t\u00e9m\u00e9rit\u00e9, l&rsquo;inconscience, comme voie de sortie. <\/p>\n\n\n\n<div class=\"wp-block-buttons is-layout-flex wp-block-buttons-is-layout-flex\">\n<div class=\"wp-block-button\"><a class=\"wp-block-button__link\" href=\"http:\/\/www.philo-cvm.ca\/?page_id=6714\">Sentier<\/a><\/div>\n<\/div>\n","protected":false},"excerpt":{"rendered":"<p>Ils ont accus\u00e9 le brouillard. La brume habituelle des soirs de mai. Le vent mouill\u00e9 de la mer qui fait pousser les nuages gris sur &#8230;<\/p>\n","protected":false},"author":1,"featured_media":6712,"parent":0,"menu_order":0,"comment_status":"closed","ping_status":"closed","template":"","meta":{"footnotes":""},"class_list":["post-6710","page","type-page","status-publish","has-post-thumbnail","hentry"],"_links":{"self":[{"href":"http:\/\/www.ethique-rlaroche.philo-cvm.ca\/index.php?rest_route=\/wp\/v2\/pages\/6710","targetHints":{"allow":["GET"]}}],"collection":[{"href":"http:\/\/www.ethique-rlaroche.philo-cvm.ca\/index.php?rest_route=\/wp\/v2\/pages"}],"about":[{"href":"http:\/\/www.ethique-rlaroche.philo-cvm.ca\/index.php?rest_route=\/wp\/v2\/types\/page"}],"author":[{"embeddable":true,"href":"http:\/\/www.ethique-rlaroche.philo-cvm.ca\/index.php?rest_route=\/wp\/v2\/users\/1"}],"replies":[{"embeddable":true,"href":"http:\/\/www.ethique-rlaroche.philo-cvm.ca\/index.php?rest_route=%2Fwp%2Fv2%2Fcomments&post=6710"}],"version-history":[{"count":4,"href":"http:\/\/www.ethique-rlaroche.philo-cvm.ca\/index.php?rest_route=\/wp\/v2\/pages\/6710\/revisions"}],"predecessor-version":[{"id":17072,"href":"http:\/\/www.ethique-rlaroche.philo-cvm.ca\/index.php?rest_route=\/wp\/v2\/pages\/6710\/revisions\/17072"}],"wp:featuredmedia":[{"embeddable":true,"href":"http:\/\/www.ethique-rlaroche.philo-cvm.ca\/index.php?rest_route=\/wp\/v2\/media\/6712"}],"wp:attachment":[{"href":"http:\/\/www.ethique-rlaroche.philo-cvm.ca\/index.php?rest_route=%2Fwp%2Fv2%2Fmedia&parent=6710"}],"curies":[{"name":"wp","href":"https:\/\/api.w.org\/{rel}","templated":true}]}}