{"id":6702,"date":"2020-11-23T20:38:05","date_gmt":"2020-11-23T20:38:05","guid":{"rendered":"https:\/\/ethique-rlaroche.profweb.ca\/?page_id=6702"},"modified":"2021-11-20T19:13:38","modified_gmt":"2021-11-20T19:13:38","slug":"nomade-5","status":"publish","type":"page","link":"http:\/\/www.ethique-rlaroche.philo-cvm.ca\/?page_id=6702","title":{"rendered":"Naomi Fontaine, Kuessipan.5"},"content":{"rendered":"\n<p>Le brouillard. En voiture, le manque de visibilit\u00e9 oblige les conducteurs \u00e0 ralentir. Parfois les clignotants des voitures sont en fonction. C&rsquo;est pour s&rsquo;aider, pour mieux s&rsquo;orienter. La chauss\u00e9e est humide. On n&rsquo;ose pas de d\u00e9passement. La nuit, on voit mieux en gardant juste les basses allum\u00e9es. \u00c7a ne dure pas. Quelques minutes, une heure.<\/p>\n\n\n\n<div class=\"wp-block-buttons is-layout-flex wp-block-buttons-is-layout-flex\">\n<div class=\"wp-block-button\"><a class=\"wp-block-button__link\" href=\"http:\/\/www.philo-cvm.ca\/?page_id=6706\">Sentier<\/a><\/div>\n<\/div>\n","protected":false},"excerpt":{"rendered":"<p>Le brouillard. En voiture, le manque de visibilit\u00e9 oblige les conducteurs \u00e0 ralentir. Parfois les clignotants des voitures sont en fonction. C&rsquo;est pour s&rsquo;aider, pour &#8230;<\/p>\n","protected":false},"author":1,"featured_media":6704,"parent":0,"menu_order":0,"comment_status":"closed","ping_status":"closed","template":"","meta":{"footnotes":""},"class_list":["post-6702","page","type-page","status-publish","has-post-thumbnail","hentry"],"_links":{"self":[{"href":"http:\/\/www.ethique-rlaroche.philo-cvm.ca\/index.php?rest_route=\/wp\/v2\/pages\/6702","targetHints":{"allow":["GET"]}}],"collection":[{"href":"http:\/\/www.ethique-rlaroche.philo-cvm.ca\/index.php?rest_route=\/wp\/v2\/pages"}],"about":[{"href":"http:\/\/www.ethique-rlaroche.philo-cvm.ca\/index.php?rest_route=\/wp\/v2\/types\/page"}],"author":[{"embeddable":true,"href":"http:\/\/www.ethique-rlaroche.philo-cvm.ca\/index.php?rest_route=\/wp\/v2\/users\/1"}],"replies":[{"embeddable":true,"href":"http:\/\/www.ethique-rlaroche.philo-cvm.ca\/index.php?rest_route=%2Fwp%2Fv2%2Fcomments&post=6702"}],"version-history":[{"count":4,"href":"http:\/\/www.ethique-rlaroche.philo-cvm.ca\/index.php?rest_route=\/wp\/v2\/pages\/6702\/revisions"}],"predecessor-version":[{"id":17070,"href":"http:\/\/www.ethique-rlaroche.philo-cvm.ca\/index.php?rest_route=\/wp\/v2\/pages\/6702\/revisions\/17070"}],"wp:featuredmedia":[{"embeddable":true,"href":"http:\/\/www.ethique-rlaroche.philo-cvm.ca\/index.php?rest_route=\/wp\/v2\/media\/6704"}],"wp:attachment":[{"href":"http:\/\/www.ethique-rlaroche.philo-cvm.ca\/index.php?rest_route=%2Fwp%2Fv2%2Fmedia&parent=6702"}],"curies":[{"name":"wp","href":"https:\/\/api.w.org\/{rel}","templated":true}]}}