{"id":6692,"date":"2020-11-23T20:14:12","date_gmt":"2020-11-23T20:14:12","guid":{"rendered":"https:\/\/ethique-rlaroche.profweb.ca\/?page_id=6692"},"modified":"2021-11-20T19:12:10","modified_gmt":"2021-11-20T19:12:10","slug":"nomade-4","status":"publish","type":"page","link":"http:\/\/www.ethique-rlaroche.philo-cvm.ca\/?page_id=6692","title":{"rendered":"Naomi Fontaine, Kuessipan.4"},"content":{"rendered":"\n<p>J&rsquo;aurais aim\u00e9 que les choses soient plus faciles \u00e0 dire, \u00e0 conter, \u00e0 mettre en page, sans rien esp\u00e9rer, juste \u00eatre comprise. Mais qui veut lire des mots comme drogue, inceste, alcool, solitude, suicide, ch\u00e8que en bois, viol? J&rsquo;ai mal et je n&rsquo;ai encore rien dit. Je n&rsquo;ai parl\u00e9 de personne. Je n&rsquo;ose pas.<\/p>\n\n\n\n<div class=\"wp-block-buttons is-layout-flex wp-block-buttons-is-layout-flex\">\n<div class=\"wp-block-button\"><a class=\"wp-block-button__link\" href=\"http:\/\/www.philo-cvm.ca\/?page_id=6695\">Bivouac<\/a><\/div>\n<\/div>\n","protected":false},"excerpt":{"rendered":"<p>J&rsquo;aurais aim\u00e9 que les choses soient plus faciles \u00e0 dire, \u00e0 conter, \u00e0 mettre en page, sans rien esp\u00e9rer, juste \u00eatre comprise. Mais qui veut &#8230;<\/p>\n","protected":false},"author":1,"featured_media":6694,"parent":0,"menu_order":0,"comment_status":"closed","ping_status":"closed","template":"","meta":{"footnotes":""},"class_list":["post-6692","page","type-page","status-publish","has-post-thumbnail","hentry"],"_links":{"self":[{"href":"http:\/\/www.ethique-rlaroche.philo-cvm.ca\/index.php?rest_route=\/wp\/v2\/pages\/6692","targetHints":{"allow":["GET"]}}],"collection":[{"href":"http:\/\/www.ethique-rlaroche.philo-cvm.ca\/index.php?rest_route=\/wp\/v2\/pages"}],"about":[{"href":"http:\/\/www.ethique-rlaroche.philo-cvm.ca\/index.php?rest_route=\/wp\/v2\/types\/page"}],"author":[{"embeddable":true,"href":"http:\/\/www.ethique-rlaroche.philo-cvm.ca\/index.php?rest_route=\/wp\/v2\/users\/1"}],"replies":[{"embeddable":true,"href":"http:\/\/www.ethique-rlaroche.philo-cvm.ca\/index.php?rest_route=%2Fwp%2Fv2%2Fcomments&post=6692"}],"version-history":[{"count":4,"href":"http:\/\/www.ethique-rlaroche.philo-cvm.ca\/index.php?rest_route=\/wp\/v2\/pages\/6692\/revisions"}],"predecessor-version":[{"id":17069,"href":"http:\/\/www.ethique-rlaroche.philo-cvm.ca\/index.php?rest_route=\/wp\/v2\/pages\/6692\/revisions\/17069"}],"wp:featuredmedia":[{"embeddable":true,"href":"http:\/\/www.ethique-rlaroche.philo-cvm.ca\/index.php?rest_route=\/wp\/v2\/media\/6694"}],"wp:attachment":[{"href":"http:\/\/www.ethique-rlaroche.philo-cvm.ca\/index.php?rest_route=%2Fwp%2Fv2%2Fmedia&parent=6692"}],"curies":[{"name":"wp","href":"https:\/\/api.w.org\/{rel}","templated":true}]}}